













{"id":1249,"date":"2016-11-21T15:23:39","date_gmt":"2016-11-21T13:23:39","guid":{"rendered":"http:\/\/ykitesti.solki.jyu.fi\/?page_id=1249"},"modified":"2016-11-21T15:23:39","modified_gmt":"2016-11-21T13:23:39","slug":"italia-perustaso-puheen-ymmartaminen","status":"publish","type":"page","link":"https:\/\/ykitesti.solki.jyu.fi\/en\/tutustu-testiin\/italia\/italia-perustaso-puheen-ymmartaminen\/","title":{"rendered":"Italia &#8211; Perustaso &#8211; Puheen ymm\u00e4rt\u00e4minen"},"content":{"rendered":"<!-- RSPEAK_STOP --> <a href='http:\/\/wr.readspeaker.com\/a\/webreader\/webreader.php?cid=&amp;t=wordpress&amp;url=https:\/\/ykitesti.solki.jyu.fi\/en\/tutustu-testiin\/italia\/italia-perustaso-puheen-ymmartaminen\/&amp;title=Italia &#8211; Perustaso &#8211; Puheen ymm\u00e4rt\u00e4minen' onclick='readpage(this.href, 1249); return false;'> <img src=' http:\/\/wr.readspeaker.com\/m\/wr\/images\/listen_.gif' style='border-style: none;' alt=''><\/a><div id='WR_1249'><\/div> <!-- RSPEAK_START --> <p><em><strong>Italia &#8211; Perustaso &#8211; Puheen ymm\u00e4rt\u00e4minen<\/strong><\/em><\/p>\n<hr \/>\n<h2><\/h2>\n<script>\n                            if (window.qmn_quiz_data === undefined) {\n                                    window.qmn_quiz_data = new Object();\n                            }\n                    <\/script><script>window.qmn_quiz_data[\"194\"] = {\"quiz_id\":\"194\",\"quiz_name\":\"Italia monivalinta (PT-PY)\",\"disable_answer\":0,\"ajax_show_correct\":0,\"progress_bar\":\"0\",\"contact_info_location\":\"0\",\"qpages\":{\"1\":{\"id\":\"1\",\"quizID\":\"194\",\"pagekey\":\"685e833a32e2d\",\"hide_prevbtn\":\"0\"}},\"skip_validation_time_expire\":0,\"timer_limit_val\":0,\"disable_scroll_next_previous_click\":0,\"disable_scroll_on_result\":0,\"disable_first_page\":0,\"enable_result_after_timer_end\":0,\"enable_quick_result_mc\":0,\"end_quiz_if_wrong\":0,\"form_disable_autofill\":0,\"disable_mathjax\":0,\"enable_quick_correct_answer_info\":\"0\",\"quick_result_correct_answer_text\":\"Correct! You have selected correct answer.\",\"quick_result_wrong_answer_text\":\"Wrong! You have selected wrong answer.\",\"quiz_processing_message\":\"\",\"quiz_limit_choice\":\"Limit of choice is reached.\",\"not_allow_after_expired_time\":0,\"scheduled_time_end\":false,\"error_messages\":{\"email_error_text\":\"Not a valid e-mail address!\",\"number_error_text\":\"This field must be a number!\",\"incorrect_error_text\":\"The entered text is not correct!\",\"empty_error_text\":\"Please complete all required fields!\",\"url_error_text\":\"The entered URL is not valid!\",\"minlength_error_text\":\"Required atleast %minlength% characters.\",\"maxlength_error_text\":\"Maximum %maxlength% characters allowed.\",\"recaptcha_error_text\":\"ReCaptcha is missing\"}}\n                    <\/script><style type='text\/css' id='qmn_quiz_template-css'>.mlw_qmn_quiz label {\r\n\t\t\t\tdisplay: inline;\r\n\t\t\t}\r\n\t\t\t.ui-tooltip\r\n\t\t\t{\r\n\t\t\t\tmax-width: 500px !important;\r\n\t\t\t}\r\n\t\t\t.ui-tooltip-content\r\n\t\t\t{\r\n\t\t\t\tmax-width: 500px !important;\r\n\t\t\t}\r\n\t\t\t.qmn_error, .qmn_page_error_message\r\n\t\t\t{\r\n\t\t\t\tcolor: red;\r\n\t\t\t}\r\n\t\t\t.mlw_qmn_hint_link\r\n\t\t\t{\r\n\t\t\ttext-decoration:underline;\r\n\t\t\tcolor:rgb(0,0,255);\r\n\t\t\t}\r\n\t\t\t.mlw_qmn_quiz_link\r\n\t\t\t{\r\n\t\t\t\tdisplay: inline;\r\n\t\t\t\tvertical-align:top !important;\r\n\t\t\t\ttext-decoration: none;\r\n\t\t\t}\r\n\t\t\tdiv.mlw_qmn_quiz input[type=radio],\r\n\t\t\tdiv.mlw_qmn_quiz input[type=submit],\r\n\t\t\tdiv.mlw_qmn_quiz label {\r\n\t\t\t\tcursor: pointer;\r\n\t\t\t}\r\n\t\t\tdiv.mlw_qmn_quiz input:not([type=submit]):focus,\r\n\t\t\tdiv.mlw_qmn_quiz textarea:focus {\r\n\t\t\t\tbackground: #eaeaea;\r\n\t\t\t}\r\n\t\t\tdiv.mlw_qmn_quiz {\r\n\t\t\t\ttext-align: left;\r\n\t\t\t}\r\n\t\t\tdiv.quiz_section {\r\n\r\n\t\t\t}\r\n\t\t\t.mlw_horizontal_choice\r\n\t\t\t{\r\n\t\t\t\tmargin-right: 20px;\r\n\t\t\t}\r\n\t\t\tdiv.mlw_qmn_timer {\r\n\t\t\t\tposition:fixed;\r\n\t\t\t\ttop:200px;\r\n\t\t\t\tright:0px;\r\n\t\t\t\twidth:130px;\r\n\t\t\t\tcolor:#00CCFF;\r\n\t\t\t\tborder-radius: 15px;\r\n\t\t\t\tbackground:#000000;\r\n\t\t\t\ttext-align: center;\r\n\t\t\t\tpadding: 15px 15px 15px 15px\r\n\t\t\t}\r\n\t\t\tdiv.mlw_qmn_quiz input[type=submit],\r\n\t\t\ta.mlw_qmn_quiz_link\r\n\t\t\t{\r\n\t\t\t\tborder-radius: 4px;\r\n\t\t\t\tposition: relative;\r\n\t\t\t\tbackground-image: linear-gradient(#fff,#dedede);\r\n\t\t\t\tbackground-color: #eee;\r\n\t\t\t\tborder: #ccc solid 1px;\r\n\t\t\t\tcolor: #333;\r\n\t\t\t\ttext-shadow: 0 1px 0 rgba(255,255,255,.5);\r\n\t\t\t\tbox-sizing: border-box;\r\n\t\t\t\tdisplay: inline-block;\r\n\t\t\t\tpadding: 7px 7px 7px 7px;\r\n\t\t\t\tmargin: auto;\r\n\t\t\t\tfont-weight: bold;\r\n\t\t\t\tcursor: pointer;\r\n\t\t\t}\r\n\t\t\t.mlw_qmn_question, .mlw_qmn_question_number, .mlw_qmn_comment_section_text\r\n\t\t\t{\r\n\t\t\t\tfont-weight: bold;\r\n\t\t\t}\r\n\t\t\t.mlw_next\r\n\t\t\t{\r\n\t\t\t\tfloat: right;\r\n\t\t\t}\r\n\t\t\t.mlw_previous\r\n\t\t\t{\r\n\t\t\t\tfloat: left;\r\n\t\t\t}\r\n\t\t\t.mlw_qmn_question_comment, .mlw_answer_open_text, .qmn_comment_section {\r\n\t\t\t\twidth: 100%;\r\n\t\t\t\tborder-radius: 7px;\r\n\t\t\t\tpadding: 2px 10px;\r\n\t\t\t\t-webkit-box-shadow: inset 0 3px 3px rgba(0,0,0,.075);\r\n\t\t\t\tbox-shadow: inset 0 3px 3px rgba(0,0,0,.075);\r\n\t\t\t\tborder: 1px solid #ccc;\r\n\t\t\t}\r\n\t\t<\/style><div class='qsm-quiz-container qsm-quiz-container-194 qmn_quiz_container mlw_qmn_quiz  quiz_theme_default  '>\n\t\t\t\t\t\t\t\t<form name=\"quizForm194\" id=\"quizForm194\" action=\"\/en\/wp-json\/wp\/v2\/pages\/1249\" method=\"POST\" class=\"qsm-quiz-form qmn_quiz_form mlw_quiz_form\" novalidate enctype=\"multipart\/form-data\">\n\t\t\t\t<input type=\"hidden\" name=\"qsm_hidden_questions\" id=\"qsm_hidden_questions\" value=\"\">\n\t\t\t\t<input type=\"hidden\" name=\"qsm_nonce\" id=\"qsm_nonce_194\" value=\"70cbe6300e\">\n\t\t\t\t<input type=\"hidden\" name=\"qsm_unique_key\" id=\"qsm_unique_key_194\" value=\"69decc8c4cbf1\">\n\t\t\t\t<div id=\"mlw_error_message\" class=\"qsm-error-message qmn_error_message_section\"><\/div>\n\t\t\t\t<span id=\"mlw_top_of_quiz\"><\/span>\n\t\t\t\t\t\t\t<section class=\"qsm-page \">\n\t\t\t\t\t\t\t\t<div class=\"quiz_section qsm-question-wrapper question-type-6 question-section-id-1438 \" data-qid=\"1438\">\n\t\t\t\t\t<div class='mlw_qmn_question ' >\n\t\t<p><h2><span style=\"text-decoration: underline\">Monivalintateht\u00e4v\u00e4:<\/span><\/h2> <br \/><strong>Teht\u00e4v\u00e4 1. Uutinen<\/strong><br \/><br \/>Kuulet uutisen <strong>kaksi kertaa<\/strong> ilman taukoja. Vastaa toisen kuuntelukerran j\u00e4lkeen kysymyksiin valitsemalla\u00a0oikea vaihtoehto (A, B tai C). N\u00e4et vastausajan sulkeissa.<br \/><br \/><em>(Vastausaika 30 sek)<\/em><\/p>\n\t<\/div>\n\t\t\t\t\t\t<\/div>\n\t\t\t\t\t\t\t\t\t<div class=\"quiz_section qsm-question-wrapper question-type-0 question-section-id-1439 \" data-qid=\"1439\">\n\t\t\t\t\t<div class='mlw_qmn_question ' >\n\t\t<p>M1. Mit\u00e4 Asiagon alueesta kerrotaan?<\/p>\n\t<\/div>\n\t\t<fieldset>\n\t\t<legend><\/legend>\n\t<div class='qmn_radio_answers mlwRequiredRadio'>\n\t\t\t\t\t\t\t\t<div class=\"qmn_mc_answer_wrap  mrq_checkbox_class\" id=\"question1439-1 \">\n\t\t\t\t\t\t\t\t\t\t\t<input type='radio' class='qmn_quiz_radio qmn-multiple-choice-input ' name=\"question1439\" id=\"question1439_1\" value=\"0\" \/>\n\t\t\t\t\t<label class=\"qsm-input-label\" for=\"question1439_1\">\n\t\t\t\t\tA) Alueen maasto on hyvin kumpuilevaa.\t\t\t\t\t<\/label>\n\t\t\t\t\t \t\t\t\t<\/div>\n\t\t\t\t\t\t\t\t\t\t\t<div class=\"qmn_mc_answer_wrap  mrq_checkbox_class\" id=\"question1439-2 \">\n\t\t\t\t\t\t\t\t\t\t\t<input type='radio' class='qmn_quiz_radio qmn-multiple-choice-input ' name=\"question1439\" id=\"question1439_2\" value=\"1\" \/>\n\t\t\t\t\t<label class=\"qsm-input-label\" for=\"question1439_2\">\n\t\t\t\t\tB) Alueen rinteet ovat erinomaisessa kunnossa.\t\t\t\t\t<\/label>\n\t\t\t\t\t \t\t\t\t<\/div>\n\t\t\t\t\t\t\t\t\t\t\t<div class=\"qmn_mc_answer_wrap  mrq_checkbox_class\" id=\"question1439-3 \">\n\t\t\t\t\t\t\t\t\t\t\t<input type='radio' class='qmn_quiz_radio qmn-multiple-choice-input ' name=\"question1439\" id=\"question1439_3\" value=\"2\" \/>\n\t\t\t\t\t<label class=\"qsm-input-label\" for=\"question1439_3\">\n\t\t\t\t\tC) Alueella on paljon hiihtolatuja.\t\t\t\t\t<\/label>\n\t\t\t\t\t \t\t\t\t<\/div>\n\t\t\t\t\t \t\t\t<label style=\"display: none !important;\" for=\"question1439_none\">None<\/label>\n\t\t\t<input type=\"radio\" style=\"display: none;\" name=\"question1439\" id=\"question1439_none\" checked=\"checked\" value=\"\" \/>\n\t\t\t\t<\/div>\n\t<\/fieldset>\n\t\t\t\t\t\t<\/div>\n\t\t\t\t\t\t\t\t\t<div class=\"quiz_section qsm-question-wrapper question-type-0 question-section-id-1441 \" data-qid=\"1441\">\n\t\t\t\t\t<div class='mlw_qmn_question ' >\n\t\t<p>M2. Millaisia hiiht\u00e4ji\u00e4 Asiagon alueella n\u00e4kee?<\/p>\n\t<\/div>\n\t\t<fieldset>\n\t\t<legend><\/legend>\n\t<div class='qmn_radio_answers mlwRequiredRadio'>\n\t\t\t\t\t\t\t\t<div class=\"qmn_mc_answer_wrap  mrq_checkbox_class\" id=\"question1441-1 \">\n\t\t\t\t\t\t\t\t\t\t\t<input type='radio' class='qmn_quiz_radio qmn-multiple-choice-input ' name=\"question1441\" id=\"question1441_1\" value=\"0\" \/>\n\t\t\t\t\t<label class=\"qsm-input-label\" for=\"question1441_1\">\n\t\t\t\t\tA) Kaikenik\u00e4isi\u00e4 ja -maalaisia hiiht\u00e4ji\u00e4.\t\t\t\t\t<\/label>\n\t\t\t\t\t \t\t\t\t<\/div>\n\t\t\t\t\t\t\t\t\t\t\t<div class=\"qmn_mc_answer_wrap  mrq_checkbox_class\" id=\"question1441-2 \">\n\t\t\t\t\t\t\t\t\t\t\t<input type='radio' class='qmn_quiz_radio qmn-multiple-choice-input ' name=\"question1441\" id=\"question1441_2\" value=\"1\" \/>\n\t\t\t\t\t<label class=\"qsm-input-label\" for=\"question1441_2\">\n\t\t\t\t\tB) P\u00e4\u00e4osin huippuhiiht\u00e4ji\u00e4.\t\t\t\t\t<\/label>\n\t\t\t\t\t \t\t\t\t<\/div>\n\t\t\t\t\t\t\t\t\t\t\t<div class=\"qmn_mc_answer_wrap  mrq_checkbox_class\" id=\"question1441-3 \">\n\t\t\t\t\t\t\t\t\t\t\t<input type='radio' class='qmn_quiz_radio qmn-multiple-choice-input ' name=\"question1441\" id=\"question1441_3\" value=\"2\" \/>\n\t\t\t\t\t<label class=\"qsm-input-label\" for=\"question1441_3\">\n\t\t\t\t\tC) L\u00e4hiseudulta kotoisin olevia hiiht\u00e4ji\u00e4.\t\t\t\t\t<\/label>\n\t\t\t\t\t \t\t\t\t<\/div>\n\t\t\t\t\t \t\t\t<label style=\"display: none !important;\" for=\"question1441_none\">None<\/label>\n\t\t\t<input type=\"radio\" style=\"display: none;\" name=\"question1441\" id=\"question1441_none\" checked=\"checked\" value=\"\" \/>\n\t\t\t\t<\/div>\n\t<\/fieldset>\n\t\t\t\t\t\t<\/div>\n\t\t\t\t\t\t\t\t\t<div class=\"quiz_section qsm-question-wrapper question-type-0 question-section-id-1440 \" data-qid=\"1440\">\n\t\t\t\t\t<div class='mlw_qmn_question ' >\n\t\t<p>M3. Mit\u00e4 Asiagon alueen el\u00e4imist\u00e4 sanotaan?<\/p>\n\t<\/div>\n\t\t<fieldset>\n\t\t<legend><\/legend>\n\t<div class='qmn_radio_answers mlwRequiredRadio'>\n\t\t\t\t\t\t\t\t<div class=\"qmn_mc_answer_wrap  mrq_checkbox_class\" id=\"question1440-1 \">\n\t\t\t\t\t\t\t\t\t\t\t<input type='radio' class='qmn_quiz_radio qmn-multiple-choice-input ' name=\"question1440\" id=\"question1440_1\" value=\"0\" \/>\n\t\t\t\t\t<label class=\"qsm-input-label\" for=\"question1440_1\">\n\t\t\t\t\tA) El\u00e4imet h\u00e4iriintyv\u00e4t hiiht\u00e4jist\u00e4.\t\t\t\t\t<\/label>\n\t\t\t\t\t \t\t\t\t<\/div>\n\t\t\t\t\t\t\t\t\t\t\t<div class=\"qmn_mc_answer_wrap  mrq_checkbox_class\" id=\"question1440-2 \">\n\t\t\t\t\t\t\t\t\t\t\t<input type='radio' class='qmn_quiz_radio qmn-multiple-choice-input ' name=\"question1440\" id=\"question1440_2\" value=\"1\" \/>\n\t\t\t\t\t<label class=\"qsm-input-label\" for=\"question1440_2\">\n\t\t\t\t\tB) Alueella voi n\u00e4hd\u00e4 villiel\u00e4imi\u00e4.\t\t\t\t\t<\/label>\n\t\t\t\t\t \t\t\t\t<\/div>\n\t\t\t\t\t\t\t\t\t\t\t<div class=\"qmn_mc_answer_wrap  mrq_checkbox_class\" id=\"question1440-3 \">\n\t\t\t\t\t\t\t\t\t\t\t<input type='radio' class='qmn_quiz_radio qmn-multiple-choice-input ' name=\"question1440\" id=\"question1440_3\" value=\"2\" \/>\n\t\t\t\t\t<label class=\"qsm-input-label\" for=\"question1440_3\">\n\t\t\t\t\tC) Alueen el\u00e4imist\u00f6 on kadonnut.\t\t\t\t\t<\/label>\n\t\t\t\t\t \t\t\t\t<\/div>\n\t\t\t\t\t \t\t\t<label style=\"display: none !important;\" for=\"question1440_none\">None<\/label>\n\t\t\t<input type=\"radio\" style=\"display: none;\" name=\"question1440\" id=\"question1440_none\" checked=\"checked\" value=\"\" \/>\n\t\t\t\t<\/div>\n\t<\/fieldset>\n\t\t\t\t\t\t<\/div>\n\t\t\t\t\t\t\t<\/section>\n\t\t\t\t\t<input type=\"hidden\" name=\"qmn_question_list\" value=\"1438Q1439Q1441Q1440Q\" \/>\n\t\t\t\t\t\t\t<div id=\"mlw_error_message_bottom\" class=\"qsm-error-message qmn_error_message_section\"><\/div>\n\t\t\t\t\t<input type=\"hidden\" name=\"qmn_all_questions_count\" id=\"qmn_all_questions_count\" value=\"4\" \/>\n\t\t\t\t\t<input type=\"hidden\" name=\"total_questions\" id=\"total_questions\" value=\"3\" \/>\n\t\t\t\t\t<input type=\"hidden\" name=\"timer\" id=\"timer\" value=\"0\" \/>\n\t\t\t\t\t<input type=\"hidden\" name=\"timer_ms\" id=\"timer_ms\" value=\"0\"\/>\n\t\t\t\t\t<input type=\"hidden\" class=\"qmn_quiz_id\" name=\"qmn_quiz_id\" id=\"qmn_quiz_id\" value=\"194\" \/>\n\t\t\t\t\t<input type='hidden' name='complete_quiz' value='confirmation' \/>\n\t\t\t\t\t\t\t\t\t<\/form>\n\t\t<\/div>\n\t\t<div style=\"display: none;\" class=\"qsm-popup qsm-popup-slide\" id=\"modal-4\" aria-hidden=\"false\"><div class=\"qsm-popup__overlay\" tabindex=\"-1\" data-micromodal-close=\"\"><div class=\"qsm-popup__container qmn_quiz_container\" role=\"dialog\" aria-modal=\"true\"><div class=\"qsm-popup__content\"><img decoding=\"async\" src=\"https:\/\/ykitesti.solki.jyu.fi\/wp-content\/plugins\/quiz-master-next\/assets\/clock.png\" alt=\"clock.png\"\/><p class=\"qsm-time-up-text\"> Time's up<\/p><\/div><footer class=\"qsm-popup__footer\"><button class=\"qsm-popup-secondary-button qmn_btn\" data-micromodal-close=\"\" aria-label=\"Close this dialog window\" onclick=\"location.reload();\">Cancel<\/button><\/footer><\/div><\/div><\/div>\n<audio class=\"wp-audio-shortcode\" id=\"audio-1249-1\" preload=\"none\" style=\"width: 100%;\" controls=\"controls\"><source type=\"audio\/mpeg\" src=\"http:\/\/ykitesti.solki.jyu.fi\/wp-content\/uploads\/2016\/06\/itptpy_008.mp3?_=1\" \/><a href=\"http:\/\/ykitesti.solki.jyu.fi\/wp-content\/uploads\/2016\/06\/itptpy_008.mp3\">http:\/\/ykitesti.solki.jyu.fi\/wp-content\/uploads\/2016\/06\/itptpy_008.mp3<\/a><\/audio>\n<hr \/>\n<script>\n                            if (window.qmn_quiz_data === undefined) {\n                                    window.qmn_quiz_data = new Object();\n                            }\n                    <\/script><script>window.qmn_quiz_data[\"196\"] = {\"quiz_id\":\"196\",\"quiz_name\":\"Italia avoimet (PT-PY)\",\"disable_answer\":\"0\",\"ajax_show_correct\":\"0\",\"progress_bar\":0,\"contact_info_location\":\"0\",\"qpages\":{\"1\":{\"id\":\"1\",\"quizID\":\"196\",\"pagekey\":\"685e834521d30\",\"hide_prevbtn\":\"0\"}},\"skip_validation_time_expire\":0,\"timer_limit_val\":\"0\",\"disable_scroll_next_previous_click\":0,\"disable_scroll_on_result\":0,\"disable_first_page\":0,\"enable_result_after_timer_end\":0,\"enable_quick_result_mc\":1,\"end_quiz_if_wrong\":0,\"form_disable_autofill\":0,\"disable_mathjax\":0,\"enable_quick_correct_answer_info\":0,\"quick_result_correct_answer_text\":\"Correct! You have selected correct answer.\",\"quick_result_wrong_answer_text\":\"Wrong! You have selected wrong answer.\",\"quiz_processing_message\":\"\",\"quiz_limit_choice\":\"Limit of choice is reached.\",\"not_allow_after_expired_time\":0,\"scheduled_time_end\":false,\"error_messages\":{\"email_error_text\":\"Not a valid e-mail address!\",\"number_error_text\":\"This field must be a number!\",\"incorrect_error_text\":\"The entered text is not correct!\",\"empty_error_text\":\"Please complete all required fields!\",\"url_error_text\":\"The entered URL is not valid!\",\"minlength_error_text\":\"Required atleast %minlength% characters.\",\"maxlength_error_text\":\"Maximum %maxlength% characters allowed.\",\"recaptcha_error_text\":\"ReCaptcha is missing\"}}\n                    <\/script><style type='text\/css' id='qmn_quiz_template-css'>.mlw_qmn_quiz label {\r\n\t\t\t\tdisplay: inline;\r\n\t\t\t}\r\n\t\t\t.ui-tooltip\r\n\t\t\t{\r\n\t\t\t\tmax-width: 500px !important;\r\n\t\t\t}\r\n\t\t\t.ui-tooltip-content\r\n\t\t\t{\r\n\t\t\t\tmax-width: 500px !important;\r\n\t\t\t}\r\n\t\t\t.qmn_error, .qmn_page_error_message\r\n\t\t\t{\r\n\t\t\t\tcolor: red;\r\n\t\t\t}\r\n\t\t\t.mlw_qmn_hint_link\r\n\t\t\t{\r\n\t\t\ttext-decoration:underline;\r\n\t\t\tcolor:rgb(0,0,255);\r\n\t\t\t}\r\n\t\t\t.mlw_qmn_quiz_link\r\n\t\t\t{\r\n\t\t\t\tdisplay: inline;\r\n\t\t\t\tvertical-align:top !important;\r\n\t\t\t\ttext-decoration: none;\r\n\t\t\t}\r\n\t\t\tdiv.mlw_qmn_quiz input[type=radio],\r\n\t\t\tdiv.mlw_qmn_quiz input[type=submit],\r\n\t\t\tdiv.mlw_qmn_quiz label {\r\n\t\t\t\tcursor: pointer;\r\n\t\t\t}\r\n\t\t\tdiv.mlw_qmn_quiz input:not([type=submit]):focus,\r\n\t\t\tdiv.mlw_qmn_quiz textarea:focus {\r\n\t\t\t\tbackground: #eaeaea;\r\n\t\t\t}\r\n\t\t\tdiv.mlw_qmn_quiz {\r\n\t\t\t\ttext-align: left;\r\n\t\t\t}\r\n\t\t\tdiv.quiz_section {\r\n\r\n\t\t\t}\r\n\t\t\t.mlw_horizontal_choice\r\n\t\t\t{\r\n\t\t\t\tmargin-right: 20px;\r\n\t\t\t}\r\n\t\t\tdiv.mlw_qmn_timer {\r\n\t\t\t\tposition:fixed;\r\n\t\t\t\ttop:200px;\r\n\t\t\t\tright:0px;\r\n\t\t\t\twidth:130px;\r\n\t\t\t\tcolor:#00CCFF;\r\n\t\t\t\tborder-radius: 15px;\r\n\t\t\t\tbackground:#000000;\r\n\t\t\t\ttext-align: center;\r\n\t\t\t\tpadding: 15px 15px 15px 15px\r\n\t\t\t}\r\n\t\t\tdiv.mlw_qmn_quiz input[type=submit],\r\n\t\t\ta.mlw_qmn_quiz_link\r\n\t\t\t{\r\n\t\t\t\tborder-radius: 4px;\r\n\t\t\t\tposition: relative;\r\n\t\t\t\tbackground-image: linear-gradient(#fff,#dedede);\r\n\t\t\t\tbackground-color: #eee;\r\n\t\t\t\tborder: #ccc solid 1px;\r\n\t\t\t\tcolor: #333;\r\n\t\t\t\ttext-shadow: 0 1px 0 rgba(255,255,255,.5);\r\n\t\t\t\tbox-sizing: border-box;\r\n\t\t\t\tdisplay: inline-block;\r\n\t\t\t\tpadding: 7px 7px 7px 7px;\r\n\t\t\t\tmargin: auto;\r\n\t\t\t\tfont-weight: bold;\r\n\t\t\t\tcursor: pointer;\r\n\t\t\t}\r\n\t\t\t.mlw_qmn_question, .mlw_qmn_question_number, .mlw_qmn_comment_section_text\r\n\t\t\t{\r\n\t\t\t\tfont-weight: bold;\r\n\t\t\t}\r\n\t\t\t.mlw_next\r\n\t\t\t{\r\n\t\t\t\tfloat: right;\r\n\t\t\t}\r\n\t\t\t.mlw_previous\r\n\t\t\t{\r\n\t\t\t\tfloat: left;\r\n\t\t\t}\r\n\t\t\t.mlw_qmn_question_comment, .mlw_answer_open_text, .qmn_comment_section {\r\n\t\t\t\twidth: 100%;\r\n\t\t\t\tborder-radius: 7px;\r\n\t\t\t\tpadding: 2px 10px;\r\n\t\t\t\t-webkit-box-shadow: inset 0 3px 3px rgba(0,0,0,.075);\r\n\t\t\t\tbox-shadow: inset 0 3px 3px rgba(0,0,0,.075);\r\n\t\t\t\tborder: 1px solid #ccc;\r\n\t\t\t}\r\n\t\t<\/style><div class='qsm-quiz-container qsm-quiz-container-196 qmn_quiz_container mlw_qmn_quiz  quiz_theme_default  '>\n\t\t\t\t\t\t\t\t<form name=\"quizForm196\" id=\"quizForm196\" action=\"\/en\/wp-json\/wp\/v2\/pages\/1249\" method=\"POST\" class=\"qsm-quiz-form qmn_quiz_form mlw_quiz_form\" novalidate enctype=\"multipart\/form-data\">\n\t\t\t\t<input type=\"hidden\" name=\"qsm_hidden_questions\" id=\"qsm_hidden_questions\" value=\"\">\n\t\t\t\t<input type=\"hidden\" name=\"qsm_nonce\" id=\"qsm_nonce_196\" value=\"ad62646005\">\n\t\t\t\t<input type=\"hidden\" name=\"qsm_unique_key\" id=\"qsm_unique_key_196\" value=\"69decc8c568df\">\n\t\t\t\t<div id=\"mlw_error_message\" class=\"qsm-error-message qmn_error_message_section\"><\/div>\n\t\t\t\t<span id=\"mlw_top_of_quiz\"><\/span>\n\t\t\t\t\t\t\t<section class=\"qsm-page \">\n\t\t\t\t\t\t\t\t<div class=\"quiz_section qsm-question-wrapper question-type-6 question-section-id-1448 \" data-qid=\"1448\">\n\t\t\t\t\t<div class='mlw_qmn_question ' >\n\t\t<p><h2><span style=\"text-decoration: underline\">Avoimet kysymykset:<\/span><\/h2> <br \/><strong>Teht\u00e4v\u00e4 1. Keskustelu <\/strong><br \/><br \/>Kuulet tilanteen <strong>kaksi kertaa<\/strong> ilman taukoja. Vastaa toisen kuuntelun j\u00e4lkeen kysymyksiin <strong>suomeksi<\/strong>. N\u00e4et vastausajan sulkeissa.<br \/><br \/><em>(Vastausaika 30 sek)<\/em><\/p>\n\t<\/div>\n\t\t\t\t\t\t<\/div>\n\t\t\t\t\t\t\t\t\t<div class=\"quiz_section qsm-question-wrapper question-type-3 question-section-id-1447 \" data-qid=\"1447\">\n\t\t\t\t\t<div class='mlw_qmn_question ' >\n\t\t<p>A1. Miten tyt\u00f6lle ja autolle k\u00e4vi kolarissa?<\/p>\n\t<\/div>\n\t\t<input  type=\"text\" class=\"mlw_answer_open_text mlwRequiredText\" id=\"question1447\" name=\"question1447\"   Placeholder=\"\" \/>\n\t\t\t\t\t\t<\/div>\n\t\t\t\t\t\t\t\t\t<div class=\"quiz_section qsm-question-wrapper question-type-3 question-section-id-1449 \" data-qid=\"1449\">\n\t\t\t\t\t<div class='mlw_qmn_question ' >\n\t\t<p>A2. Kuinka onnettomuus tapahtui?<\/p>\n\t<\/div>\n\t\t<input  type=\"text\" class=\"mlw_answer_open_text mlwRequiredText\" id=\"question1449\" name=\"question1449\"   Placeholder=\"\" \/>\n\t\t\t\t\t\t<\/div>\n\t\t\t\t\t\t\t<\/section>\n\t\t\t\t\t<input type=\"hidden\" name=\"qmn_question_list\" value=\"1448Q1447Q1449Q\" \/>\n\t\t\t\t\t\t\t<div id=\"mlw_error_message_bottom\" class=\"qsm-error-message qmn_error_message_section\"><\/div>\n\t\t\t\t\t<input type=\"hidden\" name=\"qmn_all_questions_count\" id=\"qmn_all_questions_count\" value=\"3\" \/>\n\t\t\t\t\t<input type=\"hidden\" name=\"total_questions\" id=\"total_questions\" value=\"2\" \/>\n\t\t\t\t\t<input type=\"hidden\" name=\"timer\" id=\"timer\" value=\"0\" \/>\n\t\t\t\t\t<input type=\"hidden\" name=\"timer_ms\" id=\"timer_ms\" value=\"0\"\/>\n\t\t\t\t\t<input type=\"hidden\" class=\"qmn_quiz_id\" name=\"qmn_quiz_id\" id=\"qmn_quiz_id\" value=\"196\" \/>\n\t\t\t\t\t<input type='hidden' name='complete_quiz' value='confirmation' \/>\n\t\t\t\t\t\t\t\t\t<\/form>\n\t\t<\/div>\n\t\t<div style=\"display: none;\" class=\"qsm-popup qsm-popup-slide\" id=\"modal-4\" aria-hidden=\"false\"><div class=\"qsm-popup__overlay\" tabindex=\"-1\" data-micromodal-close=\"\"><div class=\"qsm-popup__container qmn_quiz_container\" role=\"dialog\" aria-modal=\"true\"><div class=\"qsm-popup__content\"><img decoding=\"async\" src=\"https:\/\/ykitesti.solki.jyu.fi\/wp-content\/plugins\/quiz-master-next\/assets\/clock.png\" alt=\"clock.png\"\/><p class=\"qsm-time-up-text\"> Time's up<\/p><\/div><footer class=\"qsm-popup__footer\"><button class=\"qsm-popup-secondary-button qmn_btn\" data-micromodal-close=\"\" aria-label=\"Close this dialog window\" onclick=\"location.reload();\">Cancel<\/button><\/footer><\/div><\/div><\/div>\n<audio class=\"wp-audio-shortcode\" id=\"audio-1249-2\" preload=\"none\" style=\"width: 100%;\" controls=\"controls\"><source type=\"audio\/mpeg\" src=\"http:\/\/ykitesti.solki.jyu.fi\/wp-content\/uploads\/2016\/06\/itptpy_002.mp3?_=2\" \/><a href=\"http:\/\/ykitesti.solki.jyu.fi\/wp-content\/uploads\/2016\/06\/itptpy_002.mp3\">http:\/\/ykitesti.solki.jyu.fi\/wp-content\/uploads\/2016\/06\/itptpy_002.mp3<\/a><\/audio>\n<p>&nbsp;<\/p>\n <!-- RSPEAK_STOP -->","protected":false},"excerpt":{"rendered":"    Italia &#8211; Perustaso &#8211; Puheen ymm\u00e4rt\u00e4minen &nbsp;\n <a class=\"moretag\" href=\"https:\/\/ykitesti.solki.jyu.fi\/en\/tutustu-testiin\/italia\/italia-perustaso-puheen-ymmartaminen\/\"> <\/a>","protected":false},"author":1,"featured_media":0,"parent":1209,"menu_order":0,"comment_status":"closed","ping_status":"closed","template":"","meta":{"footnotes":""},"class_list":["post-1249","page","type-page","status-publish","hentry"],"translation":{"provider":"WPGlobus","version":"3.0.2","language":"en","enabled_languages":["fi","en","sv"],"languages":{"fi":{"title":true,"content":true,"excerpt":false},"en":{"title":false,"content":false,"excerpt":false},"sv":{"title":true,"content":true,"excerpt":false}}},"_links":{"self":[{"href":"https:\/\/ykitesti.solki.jyu.fi\/en\/wp-json\/wp\/v2\/pages\/1249","targetHints":{"allow":["GET"]}}],"collection":[{"href":"https:\/\/ykitesti.solki.jyu.fi\/en\/wp-json\/wp\/v2\/pages"}],"about":[{"href":"https:\/\/ykitesti.solki.jyu.fi\/en\/wp-json\/wp\/v2\/types\/page"}],"author":[{"embeddable":true,"href":"https:\/\/ykitesti.solki.jyu.fi\/en\/wp-json\/wp\/v2\/users\/1"}],"replies":[{"embeddable":true,"href":"https:\/\/ykitesti.solki.jyu.fi\/en\/wp-json\/wp\/v2\/comments?post=1249"}],"version-history":[{"count":1,"href":"https:\/\/ykitesti.solki.jyu.fi\/en\/wp-json\/wp\/v2\/pages\/1249\/revisions"}],"predecessor-version":[{"id":1255,"href":"https:\/\/ykitesti.solki.jyu.fi\/en\/wp-json\/wp\/v2\/pages\/1249\/revisions\/1255"}],"up":[{"embeddable":true,"href":"https:\/\/ykitesti.solki.jyu.fi\/en\/wp-json\/wp\/v2\/pages\/1209"}],"wp:attachment":[{"href":"https:\/\/ykitesti.solki.jyu.fi\/en\/wp-json\/wp\/v2\/media?parent=1249"}],"curies":[{"name":"wp","href":"https:\/\/api.w.org\/{rel}","templated":true}]}}