













{"id":1246,"date":"2016-11-18T14:45:32","date_gmt":"2016-11-18T12:45:32","guid":{"rendered":"http:\/\/ykitesti.solki.jyu.fi\/?page_id=1246"},"modified":"2016-11-18T14:45:32","modified_gmt":"2016-11-18T12:45:32","slug":"italia-keskitaso-puhuminen","status":"publish","type":"page","link":"https:\/\/ykitesti.solki.jyu.fi\/en\/tutustu-testiin\/italia\/italia-keskitaso-puhuminen\/","title":{"rendered":"Italia &#8211; Keskitaso &#8211; Puhuminen"},"content":{"rendered":"<!-- RSPEAK_STOP --> <a href='http:\/\/wr.readspeaker.com\/a\/webreader\/webreader.php?cid=&amp;t=wordpress&amp;url=https:\/\/ykitesti.solki.jyu.fi\/en\/tutustu-testiin\/italia\/italia-keskitaso-puhuminen\/&amp;title=Italia &#8211; Keskitaso &#8211; Puhuminen' onclick='readpage(this.href, 1246); return false;'> <img src=' http:\/\/wr.readspeaker.com\/m\/wr\/images\/listen_.gif' style='border-style: none;' alt=''><\/a><div id='WR_1246'><\/div> <!-- RSPEAK_START --> <p><em><strong>Italia &#8211; Keskitaso &#8211; Puhuminen<\/strong><\/em><\/p>\n<hr \/>\n<h2><span style=\"text-decoration: underline;\"><strong>Teht\u00e4v\u00e4 1. Kertominen<\/strong><\/span><\/h2>\n<p>Kerro <strong>italiaksi<\/strong> hiukan kouluajastasi. Kerro aluksi <strong>nimesi <\/strong>ja sitten voit kertoa esimerkiksi:<\/p>\n<ul>\n<li>Miss\u00e4 k\u00e4vit koulua? (Voit itse p\u00e4\u00e4tt\u00e4\u00e4 milt\u00e4 kouluasteelta kerrot.)<\/li>\n<li>Millainen koulusi oli?<\/li>\n<li>Millaisia opettajia sinulla oli?<\/li>\n<li>Kerro jokin hauska \/ surullinen \/ nolo tilanne kouluvuosiltasi.<\/li>\n<\/ul>\n<p>Sinulla on 1 minuutti aikaa mietti\u00e4, mit\u00e4 sanot. Voit tehd\u00e4 valmisteluaikana muistiinpanoja, jos haluat. Aloita puhuminen vasta sitten, kun kuulet nauhalta: <em>\u201c<\/em><em>Cominciate a parlare adesso<\/em><em>\u201d.<\/em> Sinulla on 1 \u00bd minuuttia aikaa puhua. Yrit\u00e4 puhua koko ajan!<\/p>\n<p><strong>Valmisteluaika:\u00a0\u00a0 1 minuutti<\/strong><br \/>\n<strong>Puheaika: \u00a0 1\u00bd minuuttia<\/strong><\/p>\n<hr \/>\n<h2><strong><span style=\"text-decoration: underline;\">Teht\u00e4v\u00e4 2. Keskustelu<\/span>\u00a0 \u00a0 \u00a0 \u00a0 \u00a0 \u00a0 \u00a0 \u00a0 \u00a0 \u00a0 \u00a0 \u00a0 \u00a0 \u00a0 \u00a0 \u00a0 \u00a0 \u00a0 \u00a0 \u00a0 \u00a0 \u00a0<\/strong><\/h2>\n<p>Alla on kuvattu kaksi keskustelutilannetta. Ennen tilanteita sinulla on aikaa tutustua niihin. N\u00e4et sulkeissa vihjeen siit\u00e4, mit\u00e4 sinun pit\u00e4\u00e4 sanoa <strong>italiaksi<\/strong>. Kuulet keskustelun toisen osapuolen puheenvuorot nauhalta, ja ne on merkitty teht\u00e4v\u00e4vihkoon t\u00e4hdill\u00e4 (esim. Puhuja: *****). Vastaa puheenvuoroihin mahdollisimman luontevasti. N\u00e4et puhumisajan sulkeissa.<\/p>\n<p><strong>Tilanne 1. Matkalla Italiassa olet saanut hotellihuoneen, joka ei tyydyt\u00e4 sinua. \u00a0\u00a0\u00a0\u00a0\u00a0\u00a0\u00a0\u00a0\u00a0\u00a0\u00a0\u00a0\u00a0\u00a0\u00a0\u00a0\u00a0\u00a0\u00a0\u00a0\u00a0\u00a0\u00a0\u00a0\u00a0 \u00a0\u00a0\u00a0\u00a0\u00a0\u00a0\u00a0\u00a0\u00a0\u00a0\u00a0\u00a0\u00a0\u00a0\u00a0\u00a0\u00a0\u00a0\u00a0\u00a0\u00a0 Palaat vastaan\u00adottotiskille neuvottelemaan huoneenvaihdosta.<\/strong><\/p>\n<audio class=\"wp-audio-shortcode\" id=\"audio-1246-1\" preload=\"none\" style=\"width: 100%;\" controls=\"controls\"><source type=\"audio\/mpeg\" src=\"http:\/\/ykitesti.solki.jyu.fi\/wp-content\/uploads\/2016\/06\/itktpu_007.mp3?_=1\" \/><a href=\"http:\/\/ykitesti.solki.jyu.fi\/wp-content\/uploads\/2016\/06\/itktpu_007.mp3\">http:\/\/ykitesti.solki.jyu.fi\/wp-content\/uploads\/2016\/06\/itktpu_007.mp3<\/a><\/audio>\n<p style=\"border: 3px; border-style: solid; border-color: #123455; padding: 1em;\">Vastaanottovirkailija:\u00a0\u00a0\u00a0\u00a0\u00a0\u00a0 *****<br \/>\nSIN\u00c4: [Tervehdi ja kerro asiasi.] <em>(20 sek)<\/em><br \/>\nVastaanottovirkailija:\u00a0\u00a0\u00a0\u00a0\u00a0\u00a0 *****<br \/>\nSIN\u00c4: [Huoneesi on ensimm\u00e4isess\u00e4 kerroksessa kadun puolella ja liikenteen melu kuuluu sis\u00e4lle.] <em>(30 sek)<\/em><br \/>\nVastaanottovirkailija:\u00a0\u00a0\u00a0\u00a0\u00a0\u00a0 *****<br \/>\nSIN\u00c4: [Haluat ehdottomasti oman kylpyhuoneen. Kuumalla\u00a0 ilmalla suihku on sinusta v\u00e4ltt\u00e4m\u00e4t\u00f6n.] <em>(30 sek)<\/em><br \/>\nVastaanottovirkailija:\u00a0\u00a0\u00a0\u00a0\u00a0\u00a0 *****<br \/>\nSIN\u00c4: [Otat huoneen: pienell\u00e4 koolla ei ole v\u00e4li\u00e4. Olet erityisen iloinen parvekkeesta.] <em>(30 sek)<\/em><br \/>\nVastaanottovirkailija:\u00a0\u00a0\u00a0\u00a0\u00a0\u00a0 *****<br \/>\nSIN\u00c4: [Pyyd\u00e4, ett\u00e4 matkatavarasi siirret\u00e4\u00e4n uuteen huoneeseen.] <em>(30 sek)<\/em><br \/>\nVastaanottovirkailija:\u00a0\u00a0\u00a0\u00a0\u00a0\u00a0 *****<br \/>\nSIN\u00c4: [Vastaa.] <em>(20 sek)<\/em><\/p>\n<hr \/>\n<h2><strong><span style=\"text-decoration: underline;\">Teht\u00e4v\u00e4 3. Tilanteita<\/span>\u00a0\u00a0\u00a0\u00a0\u00a0\u00a0\u00a0\u00a0\u00a0\u00a0\u00a0\u00a0\u00a0\u00a0\u00a0\u00a0\u00a0\u00a0\u00a0\u00a0\u00a0\u00a0\u00a0\u00a0\u00a0\u00a0\u00a0\u00a0\u00a0\u00a0\u00a0\u00a0\u00a0\u00a0\u00a0\u00a0\u00a0\u00a0\u00a0\u00a0\u00a0\u00a0\u00a0\u00a0\u00a0 <\/strong><\/h2>\n<p>Alla on kuvattu tilanteita, joissa voisit joutua puhumaan <strong>italiaa<\/strong>. Tilanteet k\u00e4yd\u00e4\u00e4n l\u00e4pi yksi kerrallaan.<\/p>\n<p>Jokaisessa tilanteessa:<br \/>\n\u2013\u00a0 Kuulet nauhalta tilanteen numeron, esimerkiksi <em>\u201cLeggete le istruzioni della situazione n.1&#8243;<\/em>.<br \/>\n\u2013\u00a0 Tutustu kyseiseen tilanteeseen.<br \/>\n\u2013\u00a0 Kuulet nauhalta kehotuksen:<em> \u201cCosa direste in questa situazione&#8221;<\/em>.<br \/>\n\u2013\u00a0\u00a0 T\u00e4m\u00e4n j\u00e4lkeen nauhalla on tauko.<br \/>\n\u2013\u00a0 Tauon aikana sanot <strong>italiaksi<\/strong> sen, mit\u00e4 sinua pyydet\u00e4\u00e4n sanomaan kuvatussa tilanteessa.<\/p>\n<p>N\u00e4et puhumisajan sulkeissa.<\/p>\n<p>Mit\u00e4 sanoisit <strong>italiaksi<\/strong> seuraavissa tilanteissa?<\/p>\n<p style=\"border: 3px; border-style: solid; border-color: #123455; padding: 1em;\"><strong>Ty\u00f6matkalla Italiassa:<\/strong><br \/>\n<strong>Tilanne 1.<\/strong>\u00a0Puhelimessa italiaa puhuva asiakas kysyy tuotetta, jota yrityksenne ei koskaan ole myynyt. Selit\u00e4 t\u00e4m\u00e4 kohteliaasti h\u00e4nelle.\u00a0 <em>(25 sek)<\/em><\/p>\n<hr \/>\n<h2><strong><span style=\"text-decoration: underline;\">Teht\u00e4v\u00e4 4. Mielipide<\/span>\u00a0\u00a0\u00a0\u00a0\u00a0\u00a0\u00a0\u00a0\u00a0\u00a0\u00a0\u00a0\u00a0\u00a0\u00a0\u00a0\u00a0\u00a0\u00a0\u00a0\u00a0\u00a0\u00a0\u00a0\u00a0\u00a0\u00a0\u00a0\u00a0\u00a0\u00a0\u00a0\u00a0\u00a0\u00a0\u00a0\u00a0\u00a0\u00a0\u00a0\u00a0\u00a0\u00a0\u00a0\u00a0\u00a0\u00a0\u00a0\u00a0\u00a0\u00a0\u00a0\u00a0\u00a0\u00a0\u00a0\u00a0\u00a0\u00a0\u00a0\u00a0\u00a0\u00a0\u00a0\u00a0\u00a0\u00a0\u00a0\u00a0\u00a0\u00a0\u00a0\u00a0\u00a0\u00a0\u00a0\u00a0\u00a0\u00a0\u00a0\u00a0\u00a0\u00a0\u00a0\u00a0\u00a0\u00a0\u00a0\u00a0\u00a0\u00a0\u00a0\u00a0\u00a0\u00a0\u00a0\u00a0\u00a0\u00a0\u00a0\u00a0\u00a0 <\/strong><\/h2>\n<p>Valitse <strong>yksi <\/strong>aiheista ja <strong>esit\u00e4 mielipiteesi siit\u00e4 italiaksi perusteluineen<\/strong>. Yrit\u00e4 puhua mahdollisimman luontevasti.<\/p>\n<p>Sinulla on 2 minuuttia aikaa mietti\u00e4, mit\u00e4 sanot. Voit tehd\u00e4 valmisteluaikana muistiinpanoja, jos haluat. Aloita puhuminen vasta sitten, kun kuulet nauhalta: <em>\u201cCominciate a parlare adesso.\u201d<\/em> Sinulla on 2 minuuttia aikaa puhua. Yrit\u00e4 puhua koko ajan!<\/p>\n<p><strong>Valmisteluaika:\u00a0\u00a0 2 minuuttia<\/strong><br \/>\n<strong>Puheaika:\u00a0\u00a0\u00a0\u00a0\u00a0\u00a0\u00a0\u00a0\u00a0\u00a0\u00a0 2 minuuttia<\/strong><\/p>\n<ol>\n<li><strong> A questo lusso non rinuncerei mai<\/strong><\/li>\n<\/ol>\n<ul>\n<li>Mist\u00e4 arjen ylellisyydest\u00e4 et haluaisi luopua? Mik\u00e4 on se pieni, ei niin v\u00e4ltt\u00e4m\u00e4t\u00f6n asia tai esine, josta nautit ja josta et halua luopua kuin pakon edess\u00e4?<\/li>\n<li>Miksi et luopuisi asiasta\/esineest\u00e4?<\/li>\n<li>Miten kalliiksi ylellisyys sinulle tulee?<\/li>\n<\/ul>\n <!-- RSPEAK_STOP -->","protected":false},"excerpt":{"rendered":"    Italia &#8211; Keskitaso &#8211; Puhuminen Teht\u00e4v\u00e4 1. Kertominen Kerro italiaksi hiukan kouluajastasi. Kerro aluksi nimesi ja sitten voit kertoa esimerkiksi: Miss\u00e4 k\u00e4vit koulua? \n <a class=\"moretag\" href=\"https:\/\/ykitesti.solki.jyu.fi\/en\/tutustu-testiin\/italia\/italia-keskitaso-puhuminen\/\"> <\/a>","protected":false},"author":1,"featured_media":0,"parent":1209,"menu_order":0,"comment_status":"closed","ping_status":"closed","template":"","meta":{"footnotes":""},"class_list":["post-1246","page","type-page","status-publish","hentry"],"translation":{"provider":"WPGlobus","version":"3.0.2","language":"en","enabled_languages":["fi","en","sv"],"languages":{"fi":{"title":true,"content":true,"excerpt":false},"en":{"title":false,"content":false,"excerpt":false},"sv":{"title":true,"content":true,"excerpt":false}}},"_links":{"self":[{"href":"https:\/\/ykitesti.solki.jyu.fi\/en\/wp-json\/wp\/v2\/pages\/1246","targetHints":{"allow":["GET"]}}],"collection":[{"href":"https:\/\/ykitesti.solki.jyu.fi\/en\/wp-json\/wp\/v2\/pages"}],"about":[{"href":"https:\/\/ykitesti.solki.jyu.fi\/en\/wp-json\/wp\/v2\/types\/page"}],"author":[{"embeddable":true,"href":"https:\/\/ykitesti.solki.jyu.fi\/en\/wp-json\/wp\/v2\/users\/1"}],"replies":[{"embeddable":true,"href":"https:\/\/ykitesti.solki.jyu.fi\/en\/wp-json\/wp\/v2\/comments?post=1246"}],"version-history":[{"count":1,"href":"https:\/\/ykitesti.solki.jyu.fi\/en\/wp-json\/wp\/v2\/pages\/1246\/revisions"}],"predecessor-version":[{"id":1247,"href":"https:\/\/ykitesti.solki.jyu.fi\/en\/wp-json\/wp\/v2\/pages\/1246\/revisions\/1247"}],"up":[{"embeddable":true,"href":"https:\/\/ykitesti.solki.jyu.fi\/en\/wp-json\/wp\/v2\/pages\/1209"}],"wp:attachment":[{"href":"https:\/\/ykitesti.solki.jyu.fi\/en\/wp-json\/wp\/v2\/media?parent=1246"}],"curies":[{"name":"wp","href":"https:\/\/api.w.org\/{rel}","templated":true}]}}