













{"id":1241,"date":"2016-11-15T15:49:20","date_gmt":"2016-11-15T13:49:20","guid":{"rendered":"http:\/\/ykitesti.solki.jyu.fi\/?page_id=1241"},"modified":"2016-11-15T15:49:20","modified_gmt":"2016-11-15T13:49:20","slug":"italia-perustaso-puhuminen","status":"publish","type":"page","link":"https:\/\/ykitesti.solki.jyu.fi\/en\/tutustu-testiin\/italia\/italia-perustaso-puhuminen\/","title":{"rendered":"Italia &#8211; Perustaso &#8211; Puhuminen"},"content":{"rendered":"<!-- RSPEAK_STOP --> <a href='http:\/\/wr.readspeaker.com\/a\/webreader\/webreader.php?cid=&amp;t=wordpress&amp;url=https:\/\/ykitesti.solki.jyu.fi\/en\/tutustu-testiin\/italia\/italia-perustaso-puhuminen\/&amp;title=Italia &#8211; Perustaso &#8211; Puhuminen' onclick='readpage(this.href, 1241); return false;'> <img src=' http:\/\/wr.readspeaker.com\/m\/wr\/images\/listen_.gif' style='border-style: none;' alt=''><\/a><div id='WR_1241'><\/div> <!-- RSPEAK_START --> <p><em><strong>Italia &#8211; Perustaso &#8211; Puhuminen<\/strong><\/em><\/p>\n<hr \/>\n<h2><strong><span style=\"text-decoration: underline;\">Teht\u00e4v\u00e4 1. Keskusteluja<\/span>\u00a0\u00a0\u00a0\u00a0\u00a0\u00a0\u00a0\u00a0\u00a0\u00a0\u00a0\u00a0\u00a0\u00a0\u00a0\u00a0\u00a0\u00a0\u00a0\u00a0\u00a0\u00a0\u00a0\u00a0\u00a0\u00a0\u00a0\u00a0\u00a0\u00a0\u00a0\u00a0\u00a0\u00a0\u00a0\u00a0\u00a0\u00a0\u00a0\u00a0\u00a0\u00a0\u00a0\u00a0\u00a0 <\/strong><\/h2>\n<p>Alla on kuvattu kaksi keskustelutilannetta. Ennen tilanteita sinulla on aikaa tutustua niihin. N\u00e4et sulkeissa vihjeen siit\u00e4, mit\u00e4 sinun pit\u00e4\u00e4 sanoa <strong>italiaksi<\/strong>. Kuulet keskustelun toisen osapuolen puheenvuorot nauhalta, ja ne on merkitty teht\u00e4v\u00e4vihkoon t\u00e4hdill\u00e4 (esim. Puhuja: *****). Vastaa puheenvuoroihin mahdollisimman luontevasti. N\u00e4et puhumisajan sulkeissa.<\/p>\n<p><strong>Tilanne 1. <em>Olet kadottanut kellosi jalkapallo-ottelussa ja menet seuraavana p\u00e4iv\u00e4n\u00e4 stadionin l\u00f6yt\u00f6tavaratoimistoon tiedustelemaan sit\u00e4.<\/em><\/strong><\/p>\n<audio class=\"wp-audio-shortcode\" id=\"audio-1241-1\" preload=\"none\" style=\"width: 100%;\" controls=\"controls\"><source type=\"audio\/mpeg\" src=\"http:\/\/ykitesti.solki.jyu.fi\/wp-content\/uploads\/2016\/06\/itptpu_002.mp3?_=1\" \/><a href=\"http:\/\/ykitesti.solki.jyu.fi\/wp-content\/uploads\/2016\/06\/itptpu_002.mp3\">http:\/\/ykitesti.solki.jyu.fi\/wp-content\/uploads\/2016\/06\/itptpu_002.mp3<\/a><\/audio>\n<p style=\"border: 3px; border-style: solid; border-color: #123455; padding: 1em;\">\nVIRKAILIJA:\u00a0 \u00a0\u00a0\u00a0\u00a0\u00a0\u00a0\u00a0\u00a0\u00a0\u00a0 *****<br \/>\nSIN\u00c4:\u00a0\u00a0\u00a0\u00a0\u00a0\u00a0\u00a0\u00a0\u00a0\u00a0\u00a0\u00a0 [Esittele itsesi ja kerro, mit\u00e4 on tapahtunut ja milloin.] <em>(25 sek)<\/em><br \/>\nVIRKAILIJA:\u00a0\u00a0\u00a0\u00a0\u00a0\u00a0\u00a0\u00a0\u00a0\u00a0\u00a0\u00a0 *****<br \/>\nSIN\u00c4:\u00a0\u00a0\u00a0\u00a0\u00a0\u00a0\u00a0\u00a0\u00a0\u00a0\u00a0\u00a0 [Kuvaile kelloasi.] <em>(20 sek)<\/em><br \/>\nVIRKAILIJA:\u00a0\u00a0\u00a0\u00a0\u00a0\u00a0\u00a0\u00a0\u00a0\u00a0\u00a0\u00a0 *****<br \/>\nSIN\u00c4:\u00a0\u00a0\u00a0\u00a0\u00a0\u00a0\u00a0\u00a0\u00a0\u00a0\u00a0\u00a0 [Sano, ett\u00e4 asia on n\u00e4in ja ilmaise pettymyksesi asian johdosta.]\u00a0<em>(20 sek)<\/em><br \/>\nVIRKAILIJA:\u00a0 \u00a0\u00a0\u00a0\u00a0\u00a0\u00a0\u00a0\u00a0\u00a0\u00a0 *****<br \/>\nSIN\u00c4:\u00a0\u00a0\u00a0\u00a0\u00a0\u00a0\u00a0\u00a0\u00a0\u00a0\u00a0\u00a0 [Kerro, miksi juuri kyseinen kello on sinulle niin t\u00e4rke\u00e4.] <em>(25 sek) <\/em><br \/>\nVIRKAILIJA:\u00a0 \u00a0\u00a0\u00a0\u00a0\u00a0\u00a0\u00a0\u00a0\u00a0\u00a0 *****<br \/>\nSIN\u00c4:\u00a0\u00a0\u00a0\u00a0\u00a0\u00a0\u00a0\u00a0\u00a0\u00a0\u00a0\u00a0 [Vastaa my\u00f6nt\u00e4v\u00e4sti. Kyn\u00e4\u00e4 laukusta etsiess\u00e4si l\u00f6yd\u00e4t my\u00f6s kellosi. Ilmaise ilosi asiasta.] <em>(25 sek)<\/em><br \/>\nVIRKAILIJA:\u00a0\u00a0\u00a0\u00a0\u00a0\u00a0\u00a0\u00a0\u00a0\u00a0\u00a0\u00a0 *****<br \/>\nSIN\u00c4: \u00a0\u00a0\u00a0\u00a0\u00a0\u00a0\u00a0\u00a0\u00a0\u00a0\u00a0 [Vastaa] <em>(10 sek)<\/em><\/p>\n<hr \/>\n<h2><strong><span style=\"text-decoration: underline;\">Teht\u00e4v\u00e4 2. Tilanteita<\/span>\u00a0\u00a0\u00a0\u00a0\u00a0\u00a0\u00a0\u00a0\u00a0\u00a0\u00a0\u00a0\u00a0\u00a0\u00a0\u00a0\u00a0\u00a0\u00a0\u00a0\u00a0\u00a0\u00a0\u00a0\u00a0\u00a0\u00a0\u00a0\u00a0\u00a0\u00a0\u00a0\u00a0\u00a0\u00a0\u00a0\u00a0\u00a0\u00a0\u00a0\u00a0\u00a0\u00a0\u00a0\u00a0\u00a0\u00a0\u00a0\u00a0\u00a0\u00a0\u00a0\u00a0\u00a0\u00a0\u00a0\u00a0\u00a0\u00a0\u00a0\u00a0\u00a0\u00a0\u00a0\u00a0\u00a0 <\/strong><\/h2>\n<p>Alla on kuvattu tilanteita, joissa voisit joutua puhumaan <strong>italiaa<\/strong>. Tilanteet k\u00e4yd\u00e4\u00e4n l\u00e4pi yksi kerrallaan.<\/p>\n<p>Jokaisessa tilanteessa:<br \/>\n&#8211; Kuulet nauhalta tilanteen numeron, esimerkiksi <em>\u201cLeggete le istruzioni della situazione n.1&#8243;<\/em>.<br \/>\n&#8211; Tutustu kyseiseen tilanteeseen.<br \/>\n&#8211; Kuulet nauhalta kehotuksen: <em>\u201cCosa direste in questa situazione&#8221;<\/em>.<br \/>\n&#8211; T\u00e4m\u00e4n j\u00e4lkeen nauhalla on tauko.<br \/>\n&#8211; Tauon aikana sanot italiaksi sen, mit\u00e4 sinua pyydet\u00e4\u00e4n sanomaan kuvatussa tilanteessa.<br \/>\nN\u00e4et puhumisajan sulkeissa.<\/p>\n<p>Mit\u00e4 sanoisit <strong>italiaksi<\/strong> seuraavissa tilanteissa:<\/p>\n<p><strong>Puhelimessa:<\/strong><\/p>\n<p style=\"border: 3px; border-style: solid; border-color: #123455; padding: 1em;\">\n<strong>Tilanne 1.<\/strong>\u00a0\u00a0 Esittele itsesi ja pyyd\u00e4 saada puhua insin\u00f6\u00f6ri Bianchin kanssa. Asia koskee tapaamistanne. <em>(20 sek)<\/em><\/p>\n<p style=\"border: 3px; border-style: solid; border-color: #123455; padding: 1em;\"><strong>Tilanne 2.<\/strong>\u00a0\u00a0 Linja on huono, etk\u00e4 kuule, mit\u00e4 puhekumppanisi sanoo. Pyyd\u00e4 h\u00e4nt\u00e4 toistamaan.\u00a0 <em>(15 sek)<\/em><\/p>\n<p style=\"border: 3px; border-style: solid; border-color: #123455; padding: 1em;\"><strong>Tilanne 3.<\/strong>\u00a0\u00a0 Kiit\u00e4 tiedoista ja kerro soittavasi iltap\u00e4iv\u00e4ll\u00e4 uudelleen. Lopeta puhelu kohteliaasti. <em>(20 sek)<\/em><\/p>\n<hr \/>\n<h2><strong><span style=\"text-decoration: underline;\">Teht\u00e4v\u00e4 3. Mielipide<\/span>\u00a0\u00a0\u00a0\u00a0\u00a0\u00a0\u00a0\u00a0\u00a0\u00a0\u00a0\u00a0\u00a0\u00a0\u00a0\u00a0\u00a0\u00a0\u00a0\u00a0\u00a0\u00a0\u00a0\u00a0\u00a0\u00a0\u00a0\u00a0\u00a0\u00a0\u00a0\u00a0\u00a0\u00a0\u00a0\u00a0\u00a0\u00a0\u00a0\u00a0\u00a0\u00a0\u00a0\u00a0\u00a0\u00a0\u00a0\u00a0\u00a0\u00a0\u00a0\u00a0\u00a0\u00a0\u00a0\u00a0\u00a0 <\/strong><\/h2>\n<p>Alla on aihevaihtoehtoja. Valitse <strong>yksi <\/strong>aiheista ja <strong>esit\u00e4 mielipiteesi siit\u00e4 perusteluineen<\/strong>. Yrit\u00e4 puhua mahdollisimman luontevasti.<\/p>\n<p>Sinulla on 2 minuuttia aikaa mietti\u00e4, mit\u00e4 sanot. Voit tehd\u00e4 valmisteluaikana muistiinpanoja, jos haluat. Aloita puhuminen vasta sitten, kun kuulet nauhalta: <em>\u201dCominciate a parlare adesso<\/em><em>\u201d <\/em>\u00a0Sinulla on 2 minuuttia aikaa puhua. Yrit\u00e4 puhua koko ajan.<\/p>\n<p><strong>Valmisteluaika:\u00a0 2 minuuttia<\/strong><br \/>\n<strong>Puhumisaika:\u00a0\u00a0\u00a0\u00a0 2 minuuttia<\/strong><\/p>\n<ol>\n<li><strong> Leggere i giornali<\/strong><\/li>\n<\/ol>\n<p style=\"padding-left: 30px;\">Kerro esimerkiksi:<\/p>\n<ul>\n<li>Mit\u00e4 sanomalehti\u00e4 luet? Miksi?<\/li>\n<li>Miten paljon k\u00e4yt\u00e4t aikaa lehdenlukuun p\u00e4ivitt\u00e4in?<\/li>\n<li>Mit\u00e4 luet lehdest\u00e4?<\/li>\n<li>Millainen on mielest\u00e4si hyv\u00e4 lehti?<\/li>\n<li>Millaiset uutiset j\u00e4\u00e4v\u00e4t mieleen ja miksi? Anna esimerkkej\u00e4 ja perustele!<\/li>\n<\/ul>\n <!-- RSPEAK_STOP -->","protected":false},"excerpt":{"rendered":"    Italia &#8211; Perustaso &#8211; Puhuminen Teht\u00e4v\u00e4 1. Keskusteluja\u00a0\u00a0\u00a0\u00a0\u00a0\u00a0\u00a0\u00a0\u00a0\u00a0\u00a0\u00a0\u00a0\u00a0\u00a0\u00a0\u00a0\u00a0\u00a0\u00a0\u00a0\u00a0\u00a0\u00a0\u00a0\u00a0\u00a0\u00a0\u00a0\u00a0\u00a0\u00a0\u00a0\u00a0\u00a0\u00a0\u00a0\u00a0\u00a0\u00a0\u00a0\u00a0\u00a0\u00a0\u00a0 Alla on kuvattu kaksi keskustelutilannetta. Ennen tilanteita sinulla on aikaa tutustua niihin. N\u00e4et sulkeissa vihjeen \n <a class=\"moretag\" href=\"https:\/\/ykitesti.solki.jyu.fi\/en\/tutustu-testiin\/italia\/italia-perustaso-puhuminen\/\"> <\/a>","protected":false},"author":1,"featured_media":0,"parent":1209,"menu_order":0,"comment_status":"closed","ping_status":"closed","template":"","meta":{"footnotes":""},"class_list":["post-1241","page","type-page","status-publish","hentry"],"translation":{"provider":"WPGlobus","version":"3.0.2","language":"en","enabled_languages":["fi","en","sv"],"languages":{"fi":{"title":true,"content":true,"excerpt":false},"en":{"title":false,"content":false,"excerpt":false},"sv":{"title":true,"content":true,"excerpt":false}}},"_links":{"self":[{"href":"https:\/\/ykitesti.solki.jyu.fi\/en\/wp-json\/wp\/v2\/pages\/1241","targetHints":{"allow":["GET"]}}],"collection":[{"href":"https:\/\/ykitesti.solki.jyu.fi\/en\/wp-json\/wp\/v2\/pages"}],"about":[{"href":"https:\/\/ykitesti.solki.jyu.fi\/en\/wp-json\/wp\/v2\/types\/page"}],"author":[{"embeddable":true,"href":"https:\/\/ykitesti.solki.jyu.fi\/en\/wp-json\/wp\/v2\/users\/1"}],"replies":[{"embeddable":true,"href":"https:\/\/ykitesti.solki.jyu.fi\/en\/wp-json\/wp\/v2\/comments?post=1241"}],"version-history":[{"count":2,"href":"https:\/\/ykitesti.solki.jyu.fi\/en\/wp-json\/wp\/v2\/pages\/1241\/revisions"}],"predecessor-version":[{"id":1243,"href":"https:\/\/ykitesti.solki.jyu.fi\/en\/wp-json\/wp\/v2\/pages\/1241\/revisions\/1243"}],"up":[{"embeddable":true,"href":"https:\/\/ykitesti.solki.jyu.fi\/en\/wp-json\/wp\/v2\/pages\/1209"}],"wp:attachment":[{"href":"https:\/\/ykitesti.solki.jyu.fi\/en\/wp-json\/wp\/v2\/media?parent=1241"}],"curies":[{"name":"wp","href":"https:\/\/api.w.org\/{rel}","templated":true}]}}