













{"id":1212,"date":"2016-11-09T17:25:20","date_gmt":"2016-11-09T15:25:20","guid":{"rendered":"http:\/\/ykitesti.solki.jyu.fi\/?page_id=1212"},"modified":"2016-11-09T17:25:20","modified_gmt":"2016-11-09T15:25:20","slug":"italia-perustaso-kirjoittaminen","status":"publish","type":"page","link":"https:\/\/ykitesti.solki.jyu.fi\/en\/tutustu-testiin\/italia\/italia-perustaso-kirjoittaminen\/","title":{"rendered":"Italia &#8211; Perustaso &#8211; Kirjoittaminen"},"content":{"rendered":"<!-- RSPEAK_STOP --> <a href='http:\/\/wr.readspeaker.com\/a\/webreader\/webreader.php?cid=&amp;t=wordpress&amp;url=https:\/\/ykitesti.solki.jyu.fi\/en\/tutustu-testiin\/italia\/italia-perustaso-kirjoittaminen\/&amp;title=Italia &#8211; Perustaso &#8211; Kirjoittaminen' onclick='readpage(this.href, 1212); return false;'> <img src=' http:\/\/wr.readspeaker.com\/m\/wr\/images\/listen_.gif' style='border-style: none;' alt=''><\/a><div id='WR_1212'><\/div> <!-- RSPEAK_START --> <p><strong><em>Italia &#8211; Perustaso &#8211; Kirjoittaminen<\/em><\/strong><\/p>\n<hr \/>\n<h2><span style=\"text-decoration: underline;\"><strong>Teht\u00e4v\u00e4 1. <\/strong><\/span><strong><span style=\"text-decoration: underline;\">Ilmoitus<\/span>\u00a0 \u00a0 \u00a0 \u00a0 \u00a0 \u00a0 \u00a0 \u00a0 \u00a0 \u00a0 \u00a0 \u00a0 \u00a0 \u00a0 \u00a0 \u00a0 \u00a0 \u00a0 \u00a0 \u00a0 \u00a0 \u00a0 \u00a0 \u00a0 \u00a0 \u00a0 \u00a0 \u00a0 \u00a0 \u00a0 \u00a0 \u00a0 \u00a0 \u00a0 \u00a0 \u00a0 \u00a0 \u00a0 \u00a0 \u00a0 \u00a0 \u00a0 \u00a0 \u00a0 \u00a0 \u00a0 \u00a0 \u00a0 \u00a0 \u00a0 \u00a0 \u00a0 \u00a0 \u00a0 \u00a0 \u00a0 \u00a0 \u00a0 \u00a0<\/strong><\/h2>\n<p>Haluat myyd\u00e4 jotakin. Kirjoita italialaiseen paikallislehteen \u201dMyyt\u00e4v\u00e4n\u00e4\u201d -ilmoitus. Kirjoita myyt\u00e4v\u00e4st\u00e4 tavarastasi ainakin seuraavat tiedot:<\/p>\n<ul>\n<li>mik\u00e4 tavara on kyseess\u00e4<\/li>\n<li>miten vanha se on ja millaisessa kunnossa<\/li>\n<li>kuvaile tavaraa (ainakin 3 asiaa)<\/li>\n<li>paljonko se maksaa<\/li>\n<\/ul>\n<p>Muista <strong>aloittaa<\/strong> ja <strong>lopettaa<\/strong> ilmoitus sopivalla tavalla. Kirjoita selv\u00e4ll\u00e4 k\u00e4sialalla <strong>italiaksi<\/strong>.<\/p>\n<hr \/>\n<h2><strong><span style=\"text-decoration: underline;\">Teht\u00e4v\u00e4 2. Kiitoskortti<\/span>\u00a0 \u00a0 \u00a0 \u00a0 \u00a0 \u00a0 \u00a0 \u00a0 \u00a0 \u00a0 \u00a0 \u00a0 \u00a0 \u00a0 \u00a0 \u00a0 \u00a0 \u00a0 \u00a0 \u00a0 \u00a0 \u00a0 \u00a0 \u00a0 \u00a0 \u00a0 \u00a0 \u00a0 \u00a0 \u00a0 \u00a0 \u00a0 \u00a0 \u00a0 \u00a0 \u00a0 \u00a0\u00a0<\/strong><\/h2>\n<p>Olet palannut muutama p\u00e4iv\u00e4 sitten vierailulta italialaisten tuttaviesi luota Roomasta. P\u00e4\u00e4t\u00e4t kirjoittaa heille kortin. Mainitse kortissasi ainakin seuraavat asiat.<\/p>\n<ul>\n<li>Kiit\u00e4 vierailusta.<\/li>\n<li>Kerro, mist\u00e4 pidit vierailusi aikana eniten.<\/li>\n<li>Kerro lyhyesti paluumatkastasi.<\/li>\n<li>Kerro, mit\u00e4 olet tehnyt n\u00e4iden muutamien p\u00e4ivien aikana.<\/li>\n<li>Kutsu tuttavasi k\u00e4ym\u00e4\u00e4n luonasi ensi kes\u00e4n\u00e4.<\/li>\n<\/ul>\n<p>Muista <strong>aloittaa<\/strong> ja<strong> lopettaa<\/strong> kortti sopivalla tavalla. Kirjoita selke\u00e4ll\u00e4 k\u00e4sialalla <strong>italiaksi<\/strong>.<\/p>\n <!-- RSPEAK_STOP -->","protected":false},"excerpt":{"rendered":"    Italia &#8211; Perustaso &#8211; Kirjoittaminen Teht\u00e4v\u00e4 1. Ilmoitus\u00a0 \u00a0 \u00a0 \u00a0 \u00a0 \u00a0 \u00a0 \u00a0 \u00a0 \u00a0 \u00a0 \u00a0 \u00a0 \u00a0 \u00a0 \u00a0 \n <a class=\"moretag\" href=\"https:\/\/ykitesti.solki.jyu.fi\/en\/tutustu-testiin\/italia\/italia-perustaso-kirjoittaminen\/\"> <\/a>","protected":false},"author":1,"featured_media":0,"parent":1209,"menu_order":0,"comment_status":"closed","ping_status":"closed","template":"","meta":{"footnotes":""},"class_list":["post-1212","page","type-page","status-publish","hentry"],"translation":{"provider":"WPGlobus","version":"3.0.2","language":"en","enabled_languages":["fi","en","sv"],"languages":{"fi":{"title":true,"content":true,"excerpt":false},"en":{"title":false,"content":false,"excerpt":false},"sv":{"title":true,"content":true,"excerpt":false}}},"_links":{"self":[{"href":"https:\/\/ykitesti.solki.jyu.fi\/en\/wp-json\/wp\/v2\/pages\/1212","targetHints":{"allow":["GET"]}}],"collection":[{"href":"https:\/\/ykitesti.solki.jyu.fi\/en\/wp-json\/wp\/v2\/pages"}],"about":[{"href":"https:\/\/ykitesti.solki.jyu.fi\/en\/wp-json\/wp\/v2\/types\/page"}],"author":[{"embeddable":true,"href":"https:\/\/ykitesti.solki.jyu.fi\/en\/wp-json\/wp\/v2\/users\/1"}],"replies":[{"embeddable":true,"href":"https:\/\/ykitesti.solki.jyu.fi\/en\/wp-json\/wp\/v2\/comments?post=1212"}],"version-history":[{"count":1,"href":"https:\/\/ykitesti.solki.jyu.fi\/en\/wp-json\/wp\/v2\/pages\/1212\/revisions"}],"predecessor-version":[{"id":1213,"href":"https:\/\/ykitesti.solki.jyu.fi\/en\/wp-json\/wp\/v2\/pages\/1212\/revisions\/1213"}],"up":[{"embeddable":true,"href":"https:\/\/ykitesti.solki.jyu.fi\/en\/wp-json\/wp\/v2\/pages\/1209"}],"wp:attachment":[{"href":"https:\/\/ykitesti.solki.jyu.fi\/en\/wp-json\/wp\/v2\/media?parent=1212"}],"curies":[{"name":"wp","href":"https:\/\/api.w.org\/{rel}","templated":true}]}}