













{"id":1160,"date":"2016-09-02T11:48:25","date_gmt":"2016-09-02T08:48:25","guid":{"rendered":"http:\/\/ykitesti.solki.jyu.fi\/?page_id=1160"},"modified":"2016-09-02T11:48:25","modified_gmt":"2016-09-02T08:48:25","slug":"ranska-keskitaso-kirjoittaminen","status":"publish","type":"page","link":"https:\/\/ykitesti.solki.jyu.fi\/en\/tutustu-testiin\/ranska\/ranska-keskitaso-kirjoittaminen\/","title":{"rendered":"Ranska &#8211; Keskitaso &#8211; Kirjoittaminen"},"content":{"rendered":"<!-- RSPEAK_STOP --> <a href='http:\/\/wr.readspeaker.com\/a\/webreader\/webreader.php?cid=&amp;t=wordpress&amp;url=https:\/\/ykitesti.solki.jyu.fi\/en\/tutustu-testiin\/ranska\/ranska-keskitaso-kirjoittaminen\/&amp;title=Ranska &#8211; Keskitaso &#8211; Kirjoittaminen' onclick='readpage(this.href, 1160); return false;'> <img src=' http:\/\/wr.readspeaker.com\/m\/wr\/images\/listen_.gif' style='border-style: none;' alt=''><\/a><div id='WR_1160'><\/div> <!-- RSPEAK_START --> <h4><em>Ranska\u00a0\u2013 Keskitaso\u00a0\u2013 Kirjoittaminen<\/em><\/h4>\n<div class=\"quiz_section question-section-id-58 slide2\">\n<p>-Kirjoittamisen osakokeessa on kolme erityyppist\u00e4 kirjoitusteht\u00e4v\u00e4\u00e4. T\u00e4ss\u00e4 on\u00a0esimerkkej\u00e4 teht\u00e4vist\u00e4.<br \/>\n-Kirjoittamisen osakokeen suorittaminen edellytt\u00e4\u00e4 kaikkien teht\u00e4vien tekemist\u00e4.<br \/>\n-Kirjoita selke\u00e4ll\u00e4 k\u00e4sialalla<br \/>\n-Noudata tarkasti teht\u00e4viss\u00e4 annettuja ohjeita<\/p>\n<p>Lue lis\u00e4\u00e4 kirjoittamisen osakokeesta <a href=\"https:\/\/www.jyu.fi\/hum\/laitokset\/solki\/yki\/yleista\/osat_aihealueet\/kirjoittaminen\">t\u00e4\u00e4lt\u00e4<\/a>.<\/p>\n<hr \/>\n<h2><strong>Teht\u00e4v\u00e4 1. Onnittelukortti\u00a0\u00a0\u00a0\u00a0\u00a0\u00a0\u00a0\u00a0\u00a0\u00a0\u00a0\u00a0\u00a0\u00a0\u00a0\u00a0\u00a0\u00a0\u00a0\u00a0\u00a0\u00a0\u00a0\u00a0\u00a0\u00a0\u00a0\u00a0\u00a0\u00a0\u00a0\u00a0\u00a0\u00a0\u00a0\u00a0\u00a0\u00a0\u00a0\u00a0\u00a0\u00a0\u00a0\u00a0\u00a0\u00a0\u00a0\u00a0\u00a0\u00a0\u00a0\u00a0\u00a0\u00a0\u00a0\u00a0\u00a0\u00a0\u00a0\u00a0\u00a0\u00a0\u00a0\u00a0\u00a0\u00a0 <\/strong><\/h2>\n<p>Ranskalainen yst\u00e4v\u00e4si kirjoittaa p\u00e4\u00e4sseens\u00e4 vihdoin l\u00e4pi ajokokeesta, nelj\u00e4nnell\u00e4 yritt\u00e4m\u00e4ll\u00e4! Onnittele h\u00e4nt\u00e4 asianmukaisesti ranskaksi, kysy aikooko h\u00e4n hankkia oman auton ja ehdota, ett\u00e4 h\u00e4n tulisi harjoittelemaan talviajoa Suomeen!<\/p>\n<ul>\n<li>Muista <strong>aloittaa<\/strong> ja <strong>lopettaa<\/strong> kortti sopivalla tavalla. Kirjoita selke\u00e4ll\u00e4 k\u00e4si\u00adalalla <strong>ranskaksi<\/strong>.<\/li>\n<\/ul>\n<hr \/>\n<h2><strong>Teht\u00e4v\u00e4 2. S\u00e4hk\u00f6postiviesti \u00a0 \u00a0 \u00a0 \u00a0 \u00a0 \u00a0 \u00a0 \u00a0 \u00a0 \u00a0 \u00a0 \u00a0 \u00a0 \u00a0 \u00a0 \u00a0 \u00a0 \u00a0 \u00a0 \u00a0 \u00a0\u00a0<\/strong><\/h2>\n<p>Joudut l\u00e4htem\u00e4\u00e4n ty\u00f6asioissa Marseilleen ensi kes\u00e4n\u00e4. Aiot t\u00f6iden j\u00e4lkeen viett\u00e4\u00e4 perheesi kanssa pari viikkoa rannikolla, jonka upeista maisemista ja n\u00e4ht\u00e4vyyksist\u00e4 olet kuullut. Kirjoita viesti matkatoimistoon, ilmoita oleskelunne ajankohta ja pyyd\u00e4 heit\u00e4 suunnittelemaan koko perheelle sopiva viikon ohjelma. Kerro, ett\u00e4 teill\u00e4 on 5- ja 7-vuotiaat lapset. Koko perhe haluaa purjehtia ja uida. Anna vastausta varten yhteystietosi.<\/p>\n<p>Muista <strong>aloittaa<\/strong> ja <strong>lopettaa<\/strong> viesti sopivalla tavalla. Kirjoita selv\u00e4ll\u00e4 k\u00e4sialalla <strong>ranskaksi.<\/strong><\/p>\n<\/div>\n <!-- RSPEAK_STOP -->","protected":false},"excerpt":{"rendered":"    Ranska\u00a0\u2013 Keskitaso\u00a0\u2013 Kirjoittaminen -Kirjoittamisen osakokeessa on kolme erityyppist\u00e4 kirjoitusteht\u00e4v\u00e4\u00e4. T\u00e4ss\u00e4 on\u00a0esimerkkej\u00e4 teht\u00e4vist\u00e4. -Kirjoittamisen osakokeen suorittaminen edellytt\u00e4\u00e4 kaikkien teht\u00e4vien tekemist\u00e4. -Kirjoita selke\u00e4ll\u00e4 k\u00e4sialalla -Noudata \n <a class=\"moretag\" href=\"https:\/\/ykitesti.solki.jyu.fi\/en\/tutustu-testiin\/ranska\/ranska-keskitaso-kirjoittaminen\/\"> <\/a>","protected":false},"author":1,"featured_media":0,"parent":1128,"menu_order":0,"comment_status":"closed","ping_status":"closed","template":"","meta":{"footnotes":""},"class_list":["post-1160","page","type-page","status-publish","hentry"],"translation":{"provider":"WPGlobus","version":"3.0.2","language":"en","enabled_languages":["fi","en","sv"],"languages":{"fi":{"title":true,"content":true,"excerpt":false},"en":{"title":false,"content":false,"excerpt":false},"sv":{"title":false,"content":true,"excerpt":false}}},"_links":{"self":[{"href":"https:\/\/ykitesti.solki.jyu.fi\/en\/wp-json\/wp\/v2\/pages\/1160","targetHints":{"allow":["GET"]}}],"collection":[{"href":"https:\/\/ykitesti.solki.jyu.fi\/en\/wp-json\/wp\/v2\/pages"}],"about":[{"href":"https:\/\/ykitesti.solki.jyu.fi\/en\/wp-json\/wp\/v2\/types\/page"}],"author":[{"embeddable":true,"href":"https:\/\/ykitesti.solki.jyu.fi\/en\/wp-json\/wp\/v2\/users\/1"}],"replies":[{"embeddable":true,"href":"https:\/\/ykitesti.solki.jyu.fi\/en\/wp-json\/wp\/v2\/comments?post=1160"}],"version-history":[{"count":1,"href":"https:\/\/ykitesti.solki.jyu.fi\/en\/wp-json\/wp\/v2\/pages\/1160\/revisions"}],"predecessor-version":[{"id":1161,"href":"https:\/\/ykitesti.solki.jyu.fi\/en\/wp-json\/wp\/v2\/pages\/1160\/revisions\/1161"}],"up":[{"embeddable":true,"href":"https:\/\/ykitesti.solki.jyu.fi\/en\/wp-json\/wp\/v2\/pages\/1128"}],"wp:attachment":[{"href":"https:\/\/ykitesti.solki.jyu.fi\/en\/wp-json\/wp\/v2\/media?parent=1160"}],"curies":[{"name":"wp","href":"https:\/\/api.w.org\/{rel}","templated":true}]}}