













{"id":116,"date":"2016-06-08T10:34:48","date_gmt":"2016-06-08T07:34:48","guid":{"rendered":"http:\/\/ykitesti.solki.jyu.fi\/?page_id=116"},"modified":"2017-09-28T15:31:01","modified_gmt":"2017-09-28T12:31:01","slug":"keskitaso-kirjoittaminen","status":"publish","type":"page","link":"https:\/\/ykitesti.solki.jyu.fi\/en\/tutustu-testiin\/testifin\/keskitaso-kirjoittaminen\/","title":{"rendered":"Keskitaso &#8211; Kirjoittaminen"},"content":{"rendered":"<!-- RSPEAK_STOP --> <a href='http:\/\/wr.readspeaker.com\/a\/webreader\/webreader.php?cid=&amp;t=wordpress&amp;url=https:\/\/ykitesti.solki.jyu.fi\/en\/tutustu-testiin\/testifin\/keskitaso-kirjoittaminen\/&amp;title=Keskitaso &#8211; Kirjoittaminen' onclick='readpage(this.href, 116); return false;'> <img src=' http:\/\/wr.readspeaker.com\/m\/wr\/images\/listen_.gif' style='border-style: none;' alt=''><\/a><div id='WR_116'><\/div> <!-- RSPEAK_START --> <h4><em>Suomi &#8211; Keskitaso\u00a0&#8211; Kirjoittaminen<\/em><\/h4>\n<div class=\"quiz_section question-section-id-58 slide2\">\n<p>-Kirjoittamisen osakokeessa on<span style=\"text-decoration: underline;\"> kolme<\/span> erityyppist\u00e4 kirjoitusteht\u00e4v\u00e4\u00e4. T\u00e4ss\u00e4 on\u00a0esimerkkej\u00e4 teht\u00e4vist\u00e4.<br \/>\n-Kirjoittamisen osakokeen suorittaminen edellytt\u00e4\u00e4 kaikkien teht\u00e4vien tekemist\u00e4.<br \/>\n-Kirjoita selke\u00e4ll\u00e4 k\u00e4sialalla<br \/>\n-Noudata tarkasti teht\u00e4viss\u00e4 annettuja ohjeita<\/p>\n<p>Lue lis\u00e4\u00e4 kirjoittamisen osakokeesta <a href=\"https:\/\/www.jyu.fi\/hytk\/fi\/laitokset\/solki\/yki\/yleista\/tietoakielitutkinnoista\/osakoekuvaus\">t\u00e4\u00e4lt\u00e4<\/a>.<\/p>\n<hr \/>\n<h2><span style=\"text-decoration: underline;\">S\u00e4hk\u00f6postiviesti:<\/span><\/h2>\n<p>Haluaisit korjauttaa kylpyhuoneesi. Kirjoita talonyhti\u00f6si is\u00e4nn\u00f6itsij\u00e4lle s\u00e4hk\u00f6postiviesti, jossa ilmoitat asiasta ja pyyd\u00e4t lupaa muutoksiin.<\/p>\n<\/div>\n<div class=\"quiz_section question-section-id-58 slide2\"><\/div>\n<div class=\"quiz_section question-section-id-59 slide3\">\n<h4 style=\"padding-left: 30px;\">Mainitse viestiss\u00e4 seuraavat asiat:<br \/>\n\u2022 kylpyhuoneen nykyinen kunto<br \/>\n\u2022 mit\u00e4 haluat tehd\u00e4 sille ja miksi<br \/>\n\u2022 mik\u00e4 on remontin aikataulu<br \/>\n\u2022 yhteystietosi<br \/>\n\u2022 ainakin kaksi muuta asiaa<\/h4>\n<h4 style=\"padding-left: 30px;\">Muista aloitus ja lopetus.<\/h4>\n<hr \/>\n<h4><\/h4>\n<h4><\/h4>\n<\/div>\n<div class=\"quiz_section question-section-id-60 slide4\">\n<h2><span style=\"text-decoration: underline;\">Mielipidekirjoitus:<\/span><\/h2>\n<p>N\u00e4et alla kaksi mielipidekirjoituksen aihetta. Valitse niist\u00e4 yksi ja kirjoita siit\u00e4 mielipiteesi Internetin keskuspalstalle.<\/p>\n<\/div>\n<div class=\"quiz_section question-section-id-60 slide4\"><\/div>\n<div class=\"quiz_section question-section-id-61 slide5\">\n<h4 style=\"padding-left: 30px;\">Kerro kirjoituksessasi:<br \/>\n\u2022 Mist\u00e4 asiasta kirjoitat?<br \/>\n\u2022 Mit\u00e4 mielt\u00e4 olet siit\u00e4? Miksi? Perustele ainakin kolmella tavalla.<\/h4>\n<h4 style=\"padding-left: 30px;\">A. Paras hoitopaikka pienelle lapselle &#8211; oma koti vai p\u00e4iv\u00e4koti?<\/h4>\n<h4 style=\"padding-left: 30px;\">B. Nykymuoti on mautonta.<\/h4>\n<\/div>\n <!-- RSPEAK_STOP -->","protected":false},"excerpt":{"rendered":"    Suomi &#8211; Keskitaso\u00a0&#8211; Kirjoittaminen -Kirjoittamisen osakokeessa on kolme erityyppist\u00e4 kirjoitusteht\u00e4v\u00e4\u00e4. T\u00e4ss\u00e4 on\u00a0esimerkkej\u00e4 teht\u00e4vist\u00e4. -Kirjoittamisen osakokeen suorittaminen edellytt\u00e4\u00e4 kaikkien teht\u00e4vien tekemist\u00e4. -Kirjoita selke\u00e4ll\u00e4 k\u00e4sialalla \n <a class=\"moretag\" href=\"https:\/\/ykitesti.solki.jyu.fi\/en\/tutustu-testiin\/testifin\/keskitaso-kirjoittaminen\/\"> <\/a>","protected":false},"author":1,"featured_media":0,"parent":10,"menu_order":0,"comment_status":"closed","ping_status":"closed","template":"","meta":{"footnotes":""},"class_list":["post-116","page","type-page","status-publish","hentry"],"translation":{"provider":"WPGlobus","version":"3.0.2","language":"en","enabled_languages":["fi","en","sv"],"languages":{"fi":{"title":true,"content":true,"excerpt":false},"en":{"title":false,"content":false,"excerpt":false},"sv":{"title":false,"content":false,"excerpt":false}}},"_links":{"self":[{"href":"https:\/\/ykitesti.solki.jyu.fi\/en\/wp-json\/wp\/v2\/pages\/116","targetHints":{"allow":["GET"]}}],"collection":[{"href":"https:\/\/ykitesti.solki.jyu.fi\/en\/wp-json\/wp\/v2\/pages"}],"about":[{"href":"https:\/\/ykitesti.solki.jyu.fi\/en\/wp-json\/wp\/v2\/types\/page"}],"author":[{"embeddable":true,"href":"https:\/\/ykitesti.solki.jyu.fi\/en\/wp-json\/wp\/v2\/users\/1"}],"replies":[{"embeddable":true,"href":"https:\/\/ykitesti.solki.jyu.fi\/en\/wp-json\/wp\/v2\/comments?post=116"}],"version-history":[{"count":11,"href":"https:\/\/ykitesti.solki.jyu.fi\/en\/wp-json\/wp\/v2\/pages\/116\/revisions"}],"predecessor-version":[{"id":1417,"href":"https:\/\/ykitesti.solki.jyu.fi\/en\/wp-json\/wp\/v2\/pages\/116\/revisions\/1417"}],"up":[{"embeddable":true,"href":"https:\/\/ykitesti.solki.jyu.fi\/en\/wp-json\/wp\/v2\/pages\/10"}],"wp:attachment":[{"href":"https:\/\/ykitesti.solki.jyu.fi\/en\/wp-json\/wp\/v2\/media?parent=116"}],"curies":[{"name":"wp","href":"https:\/\/api.w.org\/{rel}","templated":true}]}}