













{"id":1151,"date":"2016-09-02T11:40:41","date_gmt":"2016-09-02T08:40:41","guid":{"rendered":"http:\/\/ykitesti.solki.jyu.fi\/?page_id=1151"},"modified":"2016-09-02T11:40:41","modified_gmt":"2016-09-02T08:40:41","slug":"ranska-keskitaso-puhuminen","status":"publish","type":"page","link":"https:\/\/ykitesti.solki.jyu.fi\/en\/tutustu-testiin\/ranska\/ranska-keskitaso-puhuminen\/","title":{"rendered":"Ranska &#8211; Keskitaso &#8211; Puhuminen"},"content":{"rendered":"<!-- RSPEAK_STOP --> <a href='http:\/\/wr.readspeaker.com\/a\/webreader\/webreader.php?cid=&amp;t=wordpress&amp;url=https:\/\/ykitesti.solki.jyu.fi\/en\/tutustu-testiin\/ranska\/ranska-keskitaso-puhuminen\/&amp;title=Ranska &#8211; Keskitaso &#8211; Puhuminen' onclick='readpage(this.href, 1151); return false;'> <img src=' http:\/\/wr.readspeaker.com\/m\/wr\/images\/listen_.gif' style='border-style: none;' alt=''><\/a><div id='WR_1151'><\/div> <!-- RSPEAK_START --> <p><em><strong>Ranska\u00a0\u2013 Keskitaso \u2013 Puhuminen<\/strong><\/em><\/p>\n<ul>\n<li>Puhumisen osakokeessa on erilaisia teht\u00e4vi\u00e4, jotka suoritetaan kielistudiossa. T\u00e4ss\u00e4 on esimerkit teht\u00e4v\u00e4tyypeist\u00e4.<\/li>\n<li>Puhu joka teht\u00e4v\u00e4ss\u00e4 jotain.<\/li>\n<li>Hyv\u00e4ksytty suoritus edellytt\u00e4\u00e4 sit\u00e4, ett\u00e4 puhut teht\u00e4v\u00e4ss\u00e4 annetusta aiheesta!<\/li>\n<li>Jokaiseen teht\u00e4v\u00e4\u00e4n on valmistautumisaika. Vastausajan n\u00e4et teht\u00e4v\u00e4vihkosta.<\/li>\n<\/ul>\n<p>Lue lis\u00e4\u00e4 puhumisen osakokeesta\u00a0<a href=\"https:\/\/www.jyu.fi\/hum\/laitokset\/solki\/yki\/yleista\/osat_aihealueet\/puhuminen\">t\u00e4\u00e4lt\u00e4<\/a>.<\/p>\n<hr \/>\n<h2><strong>Teht\u00e4v\u00e4 1. Ty\u00f6st\u00e4 kertominen<\/strong><\/h2>\n<p>Radion katugalluphaastattelija pys\u00e4ytt\u00e4\u00e4 sinut kes\u00e4lomamatkalla Pariisissa. H\u00e4n tekee haastattelua ihmisten ty\u00f6ss\u00e4 viihtymisest\u00e4. H\u00e4n pyyt\u00e4\u00e4 sinua kertomaan<strong> nimesi<\/strong> ja sen j\u00e4lkeen seuraavista asioista:<\/p>\n<ul>\n<li>esittele itsesi lyhyesti (ik\u00e4, ammatti)<\/li>\n<li>mist\u00e4 olet tullut ja mik\u00e4 on matkasi tarkoitus<\/li>\n<li>kerro jotain ty\u00f6st\u00e4si (voit my\u00f6s kertoa kuvitteellisesta ty\u00f6paikasta)<\/li>\n<li>miten viihdyt ty\u00f6ss\u00e4si<\/li>\n<li>mik\u00e4 ty\u00f6ss\u00e4si on hyv\u00e4\u00e4 ja mik\u00e4 huonoa.<\/li>\n<\/ul>\n<p>Sinulla on 1 minuutti aikaa mietti\u00e4, mit\u00e4 sanot. Voit tehd\u00e4 valmisteluaikana muistiinpanoja, jos haluat. Aloita puhuminen vasta sitten, kun kuulet nauhalta: <em>\u201cFin de la pr\u00e9paration. Parlez maintenant\u201d.<\/em> Sinulla on 1\u00bd minuuttia aikaa puhua. Yrit\u00e4 puhua koko ajan!<\/p>\n<p><strong>Valmisteluaika:\u00a0\u00a0 1 minuutti<\/strong><br \/>\n<strong>Puhumisaika:\u00a0\u00a0\u00a0\u00a0 1 \u00bd minuuttia<\/strong><\/p>\n<hr \/>\n<h2><strong>Teht\u00e4v\u00e4 1. Keskusteluja\u00a0\u00a0\u00a0\u00a0\u00a0\u00a0\u00a0\u00a0\u00a0\u00a0\u00a0\u00a0\u00a0\u00a0\u00a0\u00a0\u00a0\u00a0\u00a0\u00a0\u00a0\u00a0\u00a0\u00a0\u00a0\u00a0\u00a0\u00a0\u00a0\u00a0\u00a0\u00a0\u00a0\u00a0\u00a0\u00a0\u00a0\u00a0\u00a0\u00a0\u00a0\u00a0\u00a0\u00a0\u00a0\u00a0\u00a0\u00a0\u00a0\u00a0\u00a0\u00a0\u00a0\u00a0\u00a0\u00a0\u00a0\u00a0\u00a0\u00a0\u00a0\u00a0\u00a0\u00a0\u00a0\u00a0\u00a0\u00a0\u00a0\u00a0\u00a0\u00a0\u00a0\u00a0\u00a0\u00a0\u00a0\u00a0\u00a0\u00a0\u00a0\u00a0\u00a0\u00a0\u00a0\u00a0\u00a0\u00a0\u00a0\u00a0\u00a0\u00a0\u00a0\u00a0 <\/strong><\/h2>\n<p>Alla on kuvattu kaksi keskustelutilannetta. Ennen kumpaakin tilannetta sinulla on aikaa tutustua tilanteeseen. N\u00e4et sulkeissa vihjeen siit\u00e4, mit\u00e4 sinun pit\u00e4\u00e4 sanoa <strong>ranskaksi<\/strong>. Kuulet keskustelun toisen osapuolen puheenvuorot nauhalta, ja ne on merkitty teht\u00e4v\u00e4vihkoon t\u00e4hdill\u00e4 (esim. Puhuja: *****). Vastaa puheenvuoroihin mahdollisimman luontevasti. N\u00e4et puhumisajan sulkeissa.<\/p>\n<audio class=\"wp-audio-shortcode\" id=\"audio-1151-1\" preload=\"none\" style=\"width: 100%;\" controls=\"controls\"><source type=\"audio\/mpeg\" src=\"http:\/\/ykitesti.solki.jyu.fi\/wp-content\/uploads\/2016\/06\/raktpu_015edited.mp3?_=1\" \/><a href=\"http:\/\/ykitesti.solki.jyu.fi\/wp-content\/uploads\/2016\/06\/raktpu_015edited.mp3\">http:\/\/ykitesti.solki.jyu.fi\/wp-content\/uploads\/2016\/06\/raktpu_015edited.mp3<\/a><\/audio>\n<p style=\"border: 3px; border-style: solid; border-color: #123455; padding: 1em;\"><strong>Tilanne 1. Olet Ranskassa matkatoimistossa.<\/strong><br \/>\n&nbsp;<br \/>\nVirkailija:\u00a0\u00a0\u00a0\u00a0\u00a0 ******<br \/>\nSIN\u00c4:\u00a0\u00a0\u00a0\u00a0\u00a0\u00a0\u00a0\u00a0\u00a0\u00a0 \u00a0\u00a0\u00a0\u00a0\u00a0\u00a0\u00a0\u00a0\u00a0\u00a0\u00a0\u00a0\u00a0\u00a0\u00a0\u00a0\u00a0\u00a0\u00a0\u00a0\u00a0 [Tervehdi ja kerro, ett\u00e4 haluaisit varata matkan etel\u00e4\u00e4n.] (20 sek)<br \/>\nVirkailija:\u00a0\u00a0\u00a0\u00a0\u00a0 ******<br \/>\nSIN\u00c4:\u00a0\u00a0\u00a0\u00a0\u00a0\u00a0\u00a0\u00a0\u00a0\u00a0 \u00a0\u00a0\u00a0\u00a0\u00a0\u00a0\u00a0\u00a0\u00a0\u00a0\u00a0\u00a0\u00a0\u00a0\u00a0\u00a0\u00a0\u00a0\u00a0\u00a0\u00a0 [Vastaa kysymyksiin.] (20 sek)<br \/>\nVirkailija:\u00a0\u00a0\u00a0\u00a0\u00a0 ******<br \/>\nSIN\u00c4:\u00a0\u00a0\u00a0\u00a0\u00a0\u00a0\u00a0\u00a0\u00a0\u00a0 \u00a0\u00a0\u00a0\u00a0\u00a0\u00a0\u00a0\u00a0\u00a0\u00a0\u00a0\u00a0\u00a0\u00a0\u00a0\u00a0\u00a0\u00a0\u00a0\u00a0\u00a0 [Vaimosi\/miehesi sek\u00e4 lapset l\u00e4htev\u00e4t my\u00f6s.] (20 sek)<br \/>\nVirkailija:\u00a0\u00a0\u00a0\u00a0\u00a0 ******<br \/>\nSIN\u00c4:\u00a0\u00a0\u00a0\u00a0\u00a0\u00a0\u00a0\u00a0\u00a0\u00a0 \u00a0\u00a0\u00a0\u00a0\u00a0\u00a0\u00a0\u00a0\u00a0\u00a0\u00a0\u00a0\u00a0\u00a0\u00a0\u00a0\u00a0\u00a0\u00a0\u00a0\u00a0 [Kerro toiveesi: sijainti, huoneiden m\u00e4\u00e4r\u00e4, mukavuudet.] (20 sek)<br \/>\nVirkailija:\u00a0\u00a0\u00a0\u00a0\u00a0 ******<br \/>\nSIN\u00c4:\u00a0\u00a0\u00a0\u00a0\u00a0\u00a0\u00a0\u00a0\u00a0\u00a0 \u00a0\u00a0\u00a0\u00a0\u00a0\u00a0\u00a0\u00a0\u00a0\u00a0\u00a0\u00a0\u00a0\u00a0\u00a0\u00a0\u00a0\u00a0\u00a0\u00a0\u00a0 [Kysy, mit\u00e4 matka maksaa koko perheelt\u00e4.] (15 sek)<br \/>\nVirkailija:\u00a0\u00a0\u00a0\u00a0\u00a0 ******<br \/>\nSIN\u00c4: \u00a0 \u00a0 \u00a0 \u00a0 \u00a0 \u00a0 \u00a0 \u00a0 \u00a0 \u00a0 \u00a0 \u00a0 \u00a0 \u00a0 \u00a0 \u00a0 [Kysy, milloin matka pit\u00e4\u00e4 maksaa.] (15 sek)<br \/>\nVirkailija:\u00a0\u00a0\u00a0\u00a0\u00a0 *******<\/p>\n<hr \/>\n<h2><strong>Teht\u00e4v\u00e4 2. Tilanteita<\/strong><\/h2>\n<p>Alla on kuvattu kuusi tilannetta, joissa voisit joutua puhumaan ranskaa. Tilanteet k\u00e4yd\u00e4\u00e4n l\u00e4pi yksi kerrallaan.<\/p>\n<p>Jokaisessa tilanteessa:<\/p>\n<ul>\n<li>Kuulet nauhalta tilanteen numeron, esimerkiksi <em>\u201cLisez les instructions concernant la situation 1\u201d<\/em>.<\/li>\n<li>Tutustu kyseiseen tilanteeseen.<\/li>\n<li>Kuulet nauhalta kehotuksen: <em>\u201cParlez maintenant\u201d<\/em>. T\u00e4m\u00e4n j\u00e4lkeen nauhalla on tauko.<\/li>\n<li>T\u00e4m\u00e4n j\u00e4lkeen nauhalla on tauko.<\/li>\n<li>Tauon aikana sanot <strong>ranskaksi<\/strong> sen, mit\u00e4 sinua pyydet\u00e4\u00e4n sanomaan kuvatussa tilanteessa.<\/li>\n<\/ul>\n<p>N\u00e4et puhumisajan sulkeissa.<\/p>\n<p>Mit\u00e4 sanoisit <strong>ranskaksi<\/strong> seuraavissa tilanteissa:<\/p>\n<p style=\"border: 3px; border-style: solid; border-color: #123455; padding: 1em;\"><strong>Ty\u00f6matkalla Ranskassa<\/strong><br \/>\n<strong>Tilanne 1.<\/strong>\u00a0\u00a0\u00a0 Puhelimessa ranskaa puhuva asiakas kysyy tuotetta, jota yrityksenne ei koskaan ole myynyt. Selit\u00e4 t\u00e4m\u00e4 kohteliaasti h\u00e4nelle.\u00a0 <em>(20 sek)<\/em><\/p>\n<p style=\"border: 3px; border-style: solid; border-color: #123455; padding: 1em;\"><strong>Ranskalainen<\/strong><strong> tuttavasi on luonasi vierailulla:<\/strong><br \/>\n<strong>Tilanne 2.<\/strong>\u00a0 \u00a0 Olet liikkeell\u00e4 ranskalaisen tuttavasi Robert Aubryn kanssa. Naapurisi tulee teit\u00e4 vastaan. Esittele Robert Aubry ja naapurisi toisilleen.<strong>\u00a0<\/strong><em>(20 sek)<\/em><\/p>\n<hr \/>\n<h2><strong>Teht\u00e4v\u00e4\u00a03. Mielipide<\/strong><\/h2>\n<p>Alla on kaksi aihevaihtoehtoa. Valitse <strong>toinen <\/strong>aiheista ja <strong>esit\u00e4 mielipiteesi siit\u00e4 perusteluineen<\/strong>. Yrit\u00e4 puhua mahdollisimman luontevasti.<\/p>\n<p>Sinulla on 2 minuuttia aikaa mietti\u00e4, mit\u00e4 sanot. Voit tehd\u00e4 valmisteluaikana muistiinpanoja, jos haluat. Aloita puhuminen vasta sitten, kun kuulet nauhalta: \u201c<em>Parlez maintenant\u201d<\/em>. Sinulla on 2 minuuttia aikaa puhua. Yrit\u00e4 puhua koko ajan.<\/p>\n<p><strong>Valmisteluaika:\u00a0 2 minuuttia<\/strong><br \/>\n<strong>Puhumisaika:\u00a0\u00a0\u00a0\u00a0 2 minuuttia<\/strong><\/p>\n<p><strong>Aihe 1. La star ou le sportif dont je r\u00eave<\/strong><\/p>\n<p>Kerro esimerkiksi:<\/p>\n<ul>\n<li>Miksi haluat puhua juuri h\u00e4nest\u00e4?<\/li>\n<li>Kuka h\u00e4n on ja mit\u00e4 h\u00e4n tekee?<\/li>\n<li>Mist\u00e4 olet saanut tietoa h\u00e4nest\u00e4?<\/li>\n<li>Millainen julkisuuskuva h\u00e4nell\u00e4 on: miten h\u00e4n esiintyy julkisuudessa? Mit\u00e4 kaikkea h\u00e4n kertoo esim. yksityisel\u00e4m\u00e4st\u00e4\u00e4n?<\/li>\n<li>Millaiset ihmiset kiinnostuvat h\u00e4nest\u00e4? Miksi?<\/li>\n<\/ul>\n <!-- RSPEAK_STOP -->","protected":false},"excerpt":{"rendered":"    Ranska\u00a0\u2013 Keskitaso \u2013 Puhuminen Puhumisen osakokeessa on erilaisia teht\u00e4vi\u00e4, jotka suoritetaan kielistudiossa. T\u00e4ss\u00e4 on esimerkit teht\u00e4v\u00e4tyypeist\u00e4. Puhu joka teht\u00e4v\u00e4ss\u00e4 jotain. Hyv\u00e4ksytty suoritus edellytt\u00e4\u00e4 \n <a class=\"moretag\" href=\"https:\/\/ykitesti.solki.jyu.fi\/en\/tutustu-testiin\/ranska\/ranska-keskitaso-puhuminen\/\"> <\/a>","protected":false},"author":1,"featured_media":0,"parent":1128,"menu_order":0,"comment_status":"closed","ping_status":"closed","template":"","meta":{"footnotes":""},"class_list":["post-1151","page","type-page","status-publish","hentry"],"translation":{"provider":"WPGlobus","version":"3.0.2","language":"en","enabled_languages":["fi","en","sv"],"languages":{"fi":{"title":true,"content":true,"excerpt":false},"en":{"title":false,"content":false,"excerpt":false},"sv":{"title":false,"content":true,"excerpt":false}}},"_links":{"self":[{"href":"https:\/\/ykitesti.solki.jyu.fi\/en\/wp-json\/wp\/v2\/pages\/1151","targetHints":{"allow":["GET"]}}],"collection":[{"href":"https:\/\/ykitesti.solki.jyu.fi\/en\/wp-json\/wp\/v2\/pages"}],"about":[{"href":"https:\/\/ykitesti.solki.jyu.fi\/en\/wp-json\/wp\/v2\/types\/page"}],"author":[{"embeddable":true,"href":"https:\/\/ykitesti.solki.jyu.fi\/en\/wp-json\/wp\/v2\/users\/1"}],"replies":[{"embeddable":true,"href":"https:\/\/ykitesti.solki.jyu.fi\/en\/wp-json\/wp\/v2\/comments?post=1151"}],"version-history":[{"count":2,"href":"https:\/\/ykitesti.solki.jyu.fi\/en\/wp-json\/wp\/v2\/pages\/1151\/revisions"}],"predecessor-version":[{"id":1159,"href":"https:\/\/ykitesti.solki.jyu.fi\/en\/wp-json\/wp\/v2\/pages\/1151\/revisions\/1159"}],"up":[{"embeddable":true,"href":"https:\/\/ykitesti.solki.jyu.fi\/en\/wp-json\/wp\/v2\/pages\/1128"}],"wp:attachment":[{"href":"https:\/\/ykitesti.solki.jyu.fi\/en\/wp-json\/wp\/v2\/media?parent=1151"}],"curies":[{"name":"wp","href":"https:\/\/api.w.org\/{rel}","templated":true}]}}