













{"id":1135,"date":"2016-09-01T15:25:46","date_gmt":"2016-09-01T12:25:46","guid":{"rendered":"http:\/\/ykitesti.solki.jyu.fi\/?page_id=1135"},"modified":"2022-05-23T14:52:01","modified_gmt":"2022-05-23T11:52:01","slug":"ranska-perustaso-kirjoittaminen","status":"publish","type":"page","link":"https:\/\/ykitesti.solki.jyu.fi\/en\/tutustu-testiin\/ranska\/ranska-perustaso-kirjoittaminen\/","title":{"rendered":"Ranska &#8211; Perustaso &#8211; Kirjoittaminen"},"content":{"rendered":"<!-- RSPEAK_STOP --> <a href='http:\/\/wr.readspeaker.com\/a\/webreader\/webreader.php?cid=&amp;t=wordpress&amp;url=https:\/\/ykitesti.solki.jyu.fi\/en\/tutustu-testiin\/ranska\/ranska-perustaso-kirjoittaminen\/&amp;title=Ranska &#8211; Perustaso &#8211; Kirjoittaminen' onclick='readpage(this.href, 1135); return false;'> <img src=' http:\/\/wr.readspeaker.com\/m\/wr\/images\/listen_.gif' style='border-style: none;' alt=''><\/a><div id='WR_1135'><\/div> <!-- RSPEAK_START --> <h4><em>Ranska\u00a0\u2013 Perustaso\u00a0\u2013 Kirjoittaminen<\/em><\/h4>\n<div class=\"quiz_section question-section-id-58 slide2\">\n<p>-Kirjoittamisen osakokeessa on kolme erityyppist\u00e4 kirjoitusteht\u00e4v\u00e4\u00e4. T\u00e4ss\u00e4 on\u00a0esimerkkej\u00e4 teht\u00e4vist\u00e4.<br \/>-Kirjoittamisen osakokeen suorittaminen edellytt\u00e4\u00e4 kaikkien teht\u00e4vien tekemist\u00e4.<br \/>-Kirjoita selke\u00e4ll\u00e4 k\u00e4sialalla<br \/>-Noudata tarkasti teht\u00e4viss\u00e4 annettuja ohjeita<\/p>\n<p>Lue lis\u00e4\u00e4 kirjoittamisen osakokeesta <a href=\"https:\/\/www.jyu.fi\/hum\/laitokset\/solki\/yki\/yleista\/osat_aihealueet\/kirjoittaminen\">t\u00e4\u00e4lt\u00e4<\/a>.<\/p>\n<hr \/>\n<h2><strong>Teht\u00e4v\u00e4 1. Ilmoitus\u00a0\u00a0\u00a0\u00a0\u00a0\u00a0\u00a0\u00a0\u00a0\u00a0\u00a0\u00a0\u00a0\u00a0\u00a0\u00a0\u00a0\u00a0\u00a0\u00a0\u00a0\u00a0\u00a0\u00a0\u00a0\u00a0\u00a0\u00a0\u00a0\u00a0\u00a0\u00a0\u00a0\u00a0\u00a0\u00a0\u00a0\u00a0\u00a0\u00a0\u00a0\u00a0\u00a0\u00a0\u00a0\u00a0\u00a0\u00a0\u00a0\u00a0\u00a0\u00a0\u00a0\u00a0\u00a0\u00a0\u00a0\u00a0\u00a0\u00a0\u00a0\u00a0\u00a0\u00a0\u00a0\u00a0\u00a0\u00a0\u00a0\u00a0\u00a0\u00a0\u00a0\u00a0\u00a0\u00a0\u00a0\u00a0\u00a0\u00a0\u00a0\u00a0\u00a0\u00a0\u00a0\u00a0\u00a0\u00a0\u00a0\u00a0\u00a0\u00a0\u00a0\u00a0\u00a0\u00a0\u00a0\u00a0\u00a0\u00a0\u00a0\u00a0\u00a0 <\/strong><\/h2>\n<p>Yst\u00e4v\u00e4si haluaa vuokrata kes\u00e4m\u00f6kki\u00e4\u00e4n ranskalaisille turisteille. H\u00e4n pyyt\u00e4\u00e4 sinua aut\u00adta\u00admaan ilmoituksen kirjoittamisessa. Kirjoita vuokrausilmoitukseen seuraavat asiat:<\/p>\n<ul>\n<li>miss\u00e4 m\u00f6kki sijaitsee<\/li>\n<li>kuinka sinne p\u00e4\u00e4see<\/li>\n<li>millainen m\u00f6kki on (koko, varustetaso yms.)<\/li>\n<li>paljonko se maksaa<\/li>\n<li>mihin voi ottaa yhteytt\u00e4<\/li>\n<\/ul>\n<p>Muista <strong>aloittaa<\/strong> ja <strong>lopettaa<\/strong> ilmoitus sopivalla tavalla. Kirjoita selv\u00e4ll\u00e4 k\u00e4sialalla <strong>ranskaksi<\/strong>.<\/p>\n<\/div>\n\n\n<h2 class=\"wp-block-heading\">Teht\u00e4v\u00e4 2. Kiitoskortti<\/h2>\n\n\n\n<p>Vierailit lomasi aikana ranskalaisten yst\u00e4viesi Brigitten ja Henrin luona. Kirjoita heille kiitoskortti, jossa kerrot, ett\u00e4<\/p>\n\n\n\n<div class=\"wp-block-group\"><div class=\"wp-block-group__inner-container is-layout-flow wp-block-group-is-layout-flow\">\n<ul class=\"wp-block-list\"><li>olet hyvin tyytyv\u00e4inen matkaasi<\/li><li>loma oli mielenkiintoinen ja s\u00e4\u00e4 upea<\/li><li>kaupunki oli kaunis ja ihmiset miellytt\u00e4vi\u00e4<\/li><li>haluat kutsua ust\u00e4v\u00e4si Suomenn lomaviettoon ensi kes\u00e4n\u00e4<\/li><\/ul>\n<\/div><\/div>\n\n\n\n<p>Muista <strong>aloittaa<\/strong> ja <strong>lopettaa<\/strong> ilmoitus sopivalla tavalla. Kirjoita selv\u00e4ll\u00e4 k\u00e4sialalla <strong>ranskaksi<\/strong>.<\/p>\n <!-- RSPEAK_STOP -->","protected":false},"excerpt":{"rendered":"    Ranska\u00a0\u2013 Perustaso\u00a0\u2013 Kirjoittaminen -Kirjoittamisen osakokeessa on kolme erityyppist\u00e4 kirjoitusteht\u00e4v\u00e4\u00e4. T\u00e4ss\u00e4 on\u00a0esimerkkej\u00e4 teht\u00e4vist\u00e4.-Kirjoittamisen osakokeen suorittaminen edellytt\u00e4\u00e4 kaikkien teht\u00e4vien tekemist\u00e4.-Kirjoita selke\u00e4ll\u00e4 k\u00e4sialalla-Noudata tarkasti teht\u00e4viss\u00e4 annettuja \n <a class=\"moretag\" href=\"https:\/\/ykitesti.solki.jyu.fi\/en\/tutustu-testiin\/ranska\/ranska-perustaso-kirjoittaminen\/\"> <\/a>","protected":false},"author":1,"featured_media":0,"parent":1128,"menu_order":0,"comment_status":"closed","ping_status":"closed","template":"","meta":{"footnotes":""},"class_list":["post-1135","page","type-page","status-publish","hentry"],"translation":{"provider":"WPGlobus","version":"3.0.2","language":"en","enabled_languages":["fi","en","sv"],"languages":{"fi":{"title":true,"content":true,"excerpt":false},"en":{"title":false,"content":false,"excerpt":false},"sv":{"title":false,"content":true,"excerpt":false}}},"_links":{"self":[{"href":"https:\/\/ykitesti.solki.jyu.fi\/en\/wp-json\/wp\/v2\/pages\/1135","targetHints":{"allow":["GET"]}}],"collection":[{"href":"https:\/\/ykitesti.solki.jyu.fi\/en\/wp-json\/wp\/v2\/pages"}],"about":[{"href":"https:\/\/ykitesti.solki.jyu.fi\/en\/wp-json\/wp\/v2\/types\/page"}],"author":[{"embeddable":true,"href":"https:\/\/ykitesti.solki.jyu.fi\/en\/wp-json\/wp\/v2\/users\/1"}],"replies":[{"embeddable":true,"href":"https:\/\/ykitesti.solki.jyu.fi\/en\/wp-json\/wp\/v2\/comments?post=1135"}],"version-history":[{"count":4,"href":"https:\/\/ykitesti.solki.jyu.fi\/en\/wp-json\/wp\/v2\/pages\/1135\/revisions"}],"predecessor-version":[{"id":1950,"href":"https:\/\/ykitesti.solki.jyu.fi\/en\/wp-json\/wp\/v2\/pages\/1135\/revisions\/1950"}],"up":[{"embeddable":true,"href":"https:\/\/ykitesti.solki.jyu.fi\/en\/wp-json\/wp\/v2\/pages\/1128"}],"wp:attachment":[{"href":"https:\/\/ykitesti.solki.jyu.fi\/en\/wp-json\/wp\/v2\/media?parent=1135"}],"curies":[{"name":"wp","href":"https:\/\/api.w.org\/{rel}","templated":true}]}}