













{"id":1131,"date":"2016-09-01T15:20:15","date_gmt":"2016-09-01T12:20:15","guid":{"rendered":"http:\/\/ykitesti.solki.jyu.fi\/?page_id=1131"},"modified":"2016-09-02T11:38:53","modified_gmt":"2016-09-02T08:38:53","slug":"ranska-perustaso-puhuminen","status":"publish","type":"page","link":"https:\/\/ykitesti.solki.jyu.fi\/en\/tutustu-testiin\/ranska\/ranska-perustaso-puhuminen\/","title":{"rendered":"Ranska &#8211; Perustaso &#8211; Puhuminen"},"content":{"rendered":"<!-- RSPEAK_STOP --> <a href='http:\/\/wr.readspeaker.com\/a\/webreader\/webreader.php?cid=&amp;t=wordpress&amp;url=https:\/\/ykitesti.solki.jyu.fi\/en\/tutustu-testiin\/ranska\/ranska-perustaso-puhuminen\/&amp;title=Ranska &#8211; Perustaso &#8211; Puhuminen' onclick='readpage(this.href, 1131); return false;'> <img src=' http:\/\/wr.readspeaker.com\/m\/wr\/images\/listen_.gif' style='border-style: none;' alt=''><\/a><div id='WR_1131'><\/div> <!-- RSPEAK_START --> <p><em><strong>Ranska\u00a0\u2013 Perustaso \u2013 Puhuminen<\/strong><\/em><\/p>\n<ul>\n<li>Puhumisen osakokeessa on erilaisia teht\u00e4vi\u00e4, jotka kaikki suoritetaan kielistudiossa. T\u00e4ss\u00e4 on esimerkit teht\u00e4v\u00e4tyypeist\u00e4.<\/li>\n<li>Puhu joka teht\u00e4v\u00e4ss\u00e4 jotain.<\/li>\n<li>Hyv\u00e4ksytty suoritus edellytt\u00e4\u00e4 sit\u00e4, ett\u00e4 puhut teht\u00e4v\u00e4ss\u00e4 annetusta aiheesta!<\/li>\n<li>Jokaiseen teht\u00e4v\u00e4\u00e4n on valmistautumisaika. Vastausajan n\u00e4et teht\u00e4v\u00e4vihkosta.<\/li>\n<\/ul>\n<p>Lue lis\u00e4\u00e4 puhumisen osakokeesta\u00a0<a href=\"https:\/\/www.jyu.fi\/hum\/laitokset\/solki\/yki\/yleista\/osat_aihealueet\/puhuminen\">t\u00e4\u00e4lt\u00e4<\/a>.<\/p>\n<hr \/>\n<h2><strong>Teht\u00e4v\u00e4 1. Itsest\u00e4 kertominen<\/strong><\/h2>\n<p>Teht\u00e4v\u00e4n\u00e4si on kertoa nauhalle <strong>ranskaksi<\/strong> hiukan itsest\u00e4si ja kes\u00e4lomastasi. Kerro ensin <strong>nimesi<\/strong>, sitten voit kertoa esimerkiksi:<\/p>\n<ul>\n<li>mik\u00e4 on parasta kes\u00e4ss\u00e4?<\/li>\n<li>miten aiot viett\u00e4\u00e4 lomasi?<\/li>\n<li>mit\u00e4 odotat lomalta?<\/li>\n<li>milt\u00e4 tuntuu palata loman j\u00e4lkeen t\u00f6ihin\/opintojen pariin?<\/li>\n<li>mik\u00e4 olisi paras tapa viett\u00e4\u00e4 lomaa?<\/li>\n<\/ul>\n<p>Sinulla on 1 minuutti aikaa mietti\u00e4, mit\u00e4 sanot. Voit tehd\u00e4 valmisteluaikana muistiinpanoja, jos haluat. Aloita puhuminen vasta sitten, kun kuulet nauhalta: <em>\u201dParlez maintenant\u201d. <\/em>Sinulla on 1 minuutti aikaa puhua. Yrit\u00e4 puhua koko ajan!<\/p>\n<p><strong>Valmisteluaika:\u00a0\u00a0 1 minuutti<\/strong><br \/>\n<strong>Puhumisaika:\u00a0\u00a0\u00a0\u00a0 1 minuutti<\/strong><\/p>\n<hr \/>\n<h2><strong>Teht\u00e4v\u00e4 2. Keskusteluja<\/strong><\/h2>\n<p>Alla on kuvattu kaksi keskustelutilannetta. Ennen kumpaakin tilannetta sinulla on aikaa tutustua tilanteeseen. N\u00e4et sulkeissa vihjeen siit\u00e4, mit\u00e4 sinun pit\u00e4\u00e4 sanoa <strong>ranskaksi<\/strong>. Kuulet keskustelun toisen osapuolen puheenvuorot nauhalta, ja ne on merkitty teht\u00e4v\u00e4vihkoon t\u00e4hdill\u00e4 (esim. Puhuja: *****). Vastaa puheenvuoroihin mahdollisimman luontevasti. N\u00e4et puhumisajan sulkeissa.<\/p>\n<audio class=\"wp-audio-shortcode\" id=\"audio-1131-1\" preload=\"none\" style=\"width: 100%;\" controls=\"controls\"><source type=\"audio\/mpeg\" src=\"http:\/\/ykitesti.solki.jyu.fi\/wp-content\/uploads\/2016\/06\/raptpu_011edited.mp3?_=1\" \/><a href=\"http:\/\/ykitesti.solki.jyu.fi\/wp-content\/uploads\/2016\/06\/raptpu_011edited.mp3\">http:\/\/ykitesti.solki.jyu.fi\/wp-content\/uploads\/2016\/06\/raptpu_011edited.mp3<\/a><\/audio>\n<p style=\"border: 3px; border-style: solid; border-color: #123455; padding: 1em;\"><strong>Tilanne 1. <em>Tapaat yst\u00e4v\u00e4si Ren\u00e9n kadulla. Ette ole tavanneet toisianne <\/em><\/strong><strong><em>l\u00e4hes 10 vuoteen.<\/em><\/strong><br \/>\n\u00a0<br \/>\nRen\u00e9:\u00a0\u00a0\u00a0\u00a0\u00a0\u00a0\u00a0\u00a0\u00a0\u00a0\u00a0\u00a0\u00a0\u00a0\u00a0\u00a0\u00a0\u00a0\u00a0 *****<br \/>\nSIN\u00c4:\u00a0\u00a0\u00a0\u00a0\u00a0\u00a0\u00a0 [Vastaa ja ihmettele ajan kulumista.]\u00a0 <em>(20 sek)<\/em><br \/>\nRen\u00e9: \u00a0\u00a0\u00a0\u00a0\u00a0\u00a0\u00a0\u00a0\u00a0\u00a0\u00a0\u00a0\u00a0\u00a0\u00a0\u00a0\u00a0\u00a0 *****<br \/>\nSIN\u00c4:\u00a0\u00a0\u00a0\u00a0\u00a0\u00a0\u00a0 [Ole eri mielt\u00e4. Kysy Ren\u00e9n kuulumisia.] <em>(15 sek)<\/em><br \/>\nRen\u00e9: \u00a0\u00a0\u00a0\u00a0\u00a0\u00a0\u00a0\u00a0\u00a0\u00a0\u00a0\u00a0\u00a0\u00a0\u00a0\u00a0\u00a0\u00a0 *****<br \/>\nSIN\u00c4:\u00a0\u00a0\u00a0\u00a0\u00a0\u00a0\u00a0 [Pahoittele, ja kysy, onko h\u00e4n k\u00e4ynyt l\u00e4\u00e4k\u00e4rill\u00e4.] <em>(20 sek)<\/em><br \/>\nRen\u00e9: \u00a0\u00a0\u00a0\u00a0\u00a0\u00a0\u00a0\u00a0\u00a0\u00a0\u00a0\u00a0\u00a0\u00a0\u00a0\u00a0\u00a0\u00a0 *****<br \/>\nSIN\u00c4: \u00a0 \u00a0 \u00a0 [Kommentoi ja kysy auttoiko hoito.] <em>(15 sek)<\/em><br \/>\nRen\u00e9: \u00a0\u00a0\u00a0\u00a0\u00a0\u00a0\u00a0\u00a0\u00a0\u00a0\u00a0\u00a0\u00a0\u00a0\u00a0\u00a0\u00a0\u00a0 *****<br \/>\nSIN\u00c4:\u00a0\u00a0\u00a0\u00a0\u00a0\u00a0\u00a0 [Olet iloinen Ren\u00e9n puolesta ja ehdotat yhteist\u00e4 illallista.] <em>(20 sek)<\/em><br \/>\nRen\u00e9: \u00a0\u00a0\u00a0\u00a0\u00a0\u00a0\u00a0\u00a0\u00a0\u00a0\u00a0\u00a0\u00a0\u00a0\u00a0\u00a0\u00a0\u00a0 *****<br \/>\nSIN\u00c4:\u00a0\u00a0\u00a0\u00a0\u00a0\u00a0\u00a0 [Vastaa my\u00f6nteisesti ja hyv\u00e4stele.] <em>(20 sek)<\/em><br \/>\nRen\u00e9: \u00a0\u00a0\u00a0\u00a0\u00a0\u00a0\u00a0\u00a0\u00a0\u00a0\u00a0\u00a0\u00a0\u00a0\u00a0\u00a0\u00a0\u00a0 *****<\/p>\n<hr \/>\n<h2><strong>Teht\u00e4v\u00e4 2. Tilanteita<\/strong><\/h2>\n<p>Alla on kuvattu tilanteita, joissa voisit joutua puhumaan ranskaa. Tilanteet k\u00e4yd\u00e4\u00e4n l\u00e4pi yksi kerrallaan.<\/p>\n<p>Jokaisessa tilanteessa:<\/p>\n<ul>\n<li>Kuulet nauhalta tilanteen numeron, esimerkiksi <em>\u201cLisez les instructions concernant la situation 1\u201d<\/em>.<\/li>\n<li>Tutustu kyseiseen tilanteeseen.<\/li>\n<li>Kuulet nauhalta kehotuksen: <em>\u201cParlez maintenant\u201d<\/em>.<\/li>\n<li>T\u00e4m\u00e4n j\u00e4lkeen nauhalla on tauko.<\/li>\n<li>Tauon aikana sanot <strong>ranskaksi<\/strong> sen, mit\u00e4 sinua pyydet\u00e4\u00e4n sanomaan kuvatussa tilanteessa.<\/li>\n<\/ul>\n<p>N\u00e4et puhumisajan sulkeissa.<\/p>\n<p>Mit\u00e4 sanoisit <strong>ranskaksi<\/strong> seuraavissa tilanteissa:<\/p>\n<p style=\"border: 3px; border-style: solid; border-color: #123455; padding: 1em;\"><strong>Lomamatkalla Ranskassa:<\/strong><br \/>\n<strong>Tilanne 1.<\/strong>\u00a0\u00a0 Majoituskortin t\u00e4ytetty\u00e4si ojennat sen virkailijalle ja tiedustelet, miss\u00e4 ja milloin aamiainen tarjoillaan. Haluaisit my\u00f6s her\u00e4tyksen klo 7.25.<em>(20 sek)<\/em><\/p>\n<p style=\"border: 3px; border-style: solid; border-color: #123455; padding: 1em;\"><strong>Matkalla yst\u00e4v\u00e4n luo:<\/strong><br \/>\n<strong>Tilanne 2.<\/strong>\u00a0\u00a0\u00a0\u00a0\u00a0 N\u00e4et kadun vieress\u00e4 taksin. Tervehdi kuljettajaa ja kysy onko taksi vapaa. Haluaisit menn\u00e4 34, Rue de Rivolille. <em>\u00a0(20 sek)<\/em><\/p>\n<hr \/>\n<h2><strong>Teht\u00e4v\u00e4 3. Kerronta\u00a0\u00a0\u00a0\u00a0\u00a0\u00a0\u00a0\u00a0\u00a0\u00a0\u00a0\u00a0\u00a0\u00a0\u00a0\u00a0\u00a0\u00a0\u00a0\u00a0\u00a0\u00a0\u00a0\u00a0\u00a0\u00a0\u00a0\u00a0\u00a0\u00a0\u00a0\u00a0\u00a0\u00a0\u00a0\u00a0\u00a0\u00a0\u00a0\u00a0\u00a0\u00a0\u00a0\u00a0\u00a0\u00a0\u00a0\u00a0\u00a0\u00a0\u00a0\u00a0\u00a0\u00a0\u00a0\u00a0\u00a0\u00a0\u00a0\u00a0\u00a0\u00a0\u00a0\u00a0\u00a0\u00a0\u00a0\u00a0\u00a0\u00a0\u00a0\u00a0\u00a0\u00a0\u00a0\u00a0\u00a0\u00a0\u00a0\u00a0\u00a0\u00a0\u00a0\u00a0\u00a0\u00a0\u00a0\u00a0\u00a0\u00a0\u00a0\u00a0\u00a0\u00a0\u00a0\u00a0\u00a0\u00a0\u00a0\u00a0\u00a0\u00a0 <\/strong><\/h2>\n<p>Alla on aihevaihtoehtoja. Valitse aihe\u00a0ja <strong>esit\u00e4 siit\u00e4 mielipiteesi perusteluineen<\/strong>. Yrit\u00e4 puhua mahdollisimman luontevasti.<\/p>\n<p>Sinulla on 2 minuuttia aikaa mietti\u00e4, mit\u00e4 sanot. Voit tehd\u00e4 valmisteluaikana muistiinpanoja, jos haluat. Aloita puhuminen vasta sitten, kun kuulet nauhalta: \u201c<em>Parlez maintenant\u201d<\/em>. Sinulla on 2 minuuttia aikaa puhua. Yrit\u00e4 puhua koko ajan.<\/p>\n<p><strong>Valmisteluaika:\u00a0 2 minuuttia<\/strong><br \/>\n<strong>Puhumisaika:\u00a0\u00a0\u00a0\u00a0 2 minuuttia<\/strong><\/p>\n<p><strong>Aihe 1.<\/strong> <strong>Les films que j\u2019aime<\/strong><\/p>\n<ul>\n<li>Millaisista elokuvista pid\u00e4t? Mist\u00e4 taas et?<\/li>\n<li>Millainen on hyv\u00e4 elokuva?<\/li>\n<li>Katsotko mieluummin kotimaisia vai ulkomaisia elokuvia?<\/li>\n<li>K\u00e4ytk\u00f6 mieluummin elokuvissa vai katsotko niit\u00e4 kotona?<\/li>\n<li>Mik\u00e4 elokuva on j\u00e4\u00e4nyt erityisesti mieleen ja miksi? Anna esimerkkej\u00e4 ja perustele!<\/li>\n<\/ul>\n <!-- RSPEAK_STOP -->","protected":false},"excerpt":{"rendered":"    Ranska\u00a0\u2013 Perustaso \u2013 Puhuminen Puhumisen osakokeessa on erilaisia teht\u00e4vi\u00e4, jotka kaikki suoritetaan kielistudiossa. T\u00e4ss\u00e4 on esimerkit teht\u00e4v\u00e4tyypeist\u00e4. Puhu joka teht\u00e4v\u00e4ss\u00e4 jotain. Hyv\u00e4ksytty suoritus \n <a class=\"moretag\" href=\"https:\/\/ykitesti.solki.jyu.fi\/en\/tutustu-testiin\/ranska\/ranska-perustaso-puhuminen\/\"> <\/a>","protected":false},"author":1,"featured_media":0,"parent":1128,"menu_order":0,"comment_status":"closed","ping_status":"closed","template":"","meta":{"footnotes":""},"class_list":["post-1131","page","type-page","status-publish","hentry"],"translation":{"provider":"WPGlobus","version":"3.0.2","language":"en","enabled_languages":["fi","en","sv"],"languages":{"fi":{"title":true,"content":true,"excerpt":false},"en":{"title":false,"content":false,"excerpt":false},"sv":{"title":false,"content":true,"excerpt":false}}},"_links":{"self":[{"href":"https:\/\/ykitesti.solki.jyu.fi\/en\/wp-json\/wp\/v2\/pages\/1131","targetHints":{"allow":["GET"]}}],"collection":[{"href":"https:\/\/ykitesti.solki.jyu.fi\/en\/wp-json\/wp\/v2\/pages"}],"about":[{"href":"https:\/\/ykitesti.solki.jyu.fi\/en\/wp-json\/wp\/v2\/types\/page"}],"author":[{"embeddable":true,"href":"https:\/\/ykitesti.solki.jyu.fi\/en\/wp-json\/wp\/v2\/users\/1"}],"replies":[{"embeddable":true,"href":"https:\/\/ykitesti.solki.jyu.fi\/en\/wp-json\/wp\/v2\/comments?post=1131"}],"version-history":[{"count":4,"href":"https:\/\/ykitesti.solki.jyu.fi\/en\/wp-json\/wp\/v2\/pages\/1131\/revisions"}],"predecessor-version":[{"id":1156,"href":"https:\/\/ykitesti.solki.jyu.fi\/en\/wp-json\/wp\/v2\/pages\/1131\/revisions\/1156"}],"up":[{"embeddable":true,"href":"https:\/\/ykitesti.solki.jyu.fi\/en\/wp-json\/wp\/v2\/pages\/1128"}],"wp:attachment":[{"href":"https:\/\/ykitesti.solki.jyu.fi\/en\/wp-json\/wp\/v2\/media?parent=1131"}],"curies":[{"name":"wp","href":"https:\/\/api.w.org\/{rel}","templated":true}]}}