













{"id":1117,"date":"2016-08-30T13:27:53","date_gmt":"2016-08-30T10:27:53","guid":{"rendered":"http:\/\/ykitesti.solki.jyu.fi\/?page_id=1117"},"modified":"2016-08-30T13:27:53","modified_gmt":"2016-08-30T10:27:53","slug":"saame-ylin-taso-puhuminen","status":"publish","type":"page","link":"https:\/\/ykitesti.solki.jyu.fi\/en\/tutustu-testiin\/saame\/saame-ylin-taso-puhuminen\/","title":{"rendered":"Saame &#8211; Ylin taso &#8211; Puhuminen"},"content":{"rendered":"<!-- RSPEAK_STOP --> <a href='http:\/\/wr.readspeaker.com\/a\/webreader\/webreader.php?cid=&amp;t=wordpress&amp;url=https:\/\/ykitesti.solki.jyu.fi\/en\/tutustu-testiin\/saame\/saame-ylin-taso-puhuminen\/&amp;title=Saame &#8211; Ylin taso &#8211; Puhuminen' onclick='readpage(this.href, 1117); return false;'> <img src=' http:\/\/wr.readspeaker.com\/m\/wr\/images\/listen_.gif' style='border-style: none;' alt=''><\/a><div id='WR_1117'><\/div> <!-- RSPEAK_START --> <p><em><strong>Saame \u2013 Ylin taso\u00a0\u2013 Puhuminen<\/strong><\/em><\/p>\n<ul>\n<li>Puhumisen osakokeessa on erilaisia teht\u00e4vi\u00e4, joista osa\u00a0suoritetaan kielistudiossa ja osa haastatteluna. T\u00e4ss\u00e4 on esimerkit teht\u00e4v\u00e4tyypeist\u00e4.<\/li>\n<li>Puhu joka teht\u00e4v\u00e4ss\u00e4 jotain.<\/li>\n<li>Hyv\u00e4ksytty suoritus edellytt\u00e4\u00e4 sit\u00e4, ett\u00e4 puhut teht\u00e4v\u00e4ss\u00e4 annetusta aiheesta!<\/li>\n<li>Jokaiseen teht\u00e4v\u00e4\u00e4n on valmistautumisaika. Vastausajan n\u00e4et teht\u00e4v\u00e4vihkosta.<\/li>\n<\/ul>\n<p>Lue lis\u00e4\u00e4 puhumisen osakokeesta\u00a0<a href=\"https:\/\/www.jyu.fi\/hum\/laitokset\/solki\/yki\/yleista\/osat_aihealueet\/puhuminen\">t\u00e4\u00e4lt\u00e4<\/a>.<\/p>\n<hr \/>\n<h2><strong><span style=\"text-decoration: underline;\">Teht\u00e4v\u00e4 1. Puheenvuoro<\/span>\u00a0\u00a0\u00a0\u00a0\u00a0\u00a0\u00a0\u00a0\u00a0\u00a0\u00a0\u00a0\u00a0\u00a0\u00a0\u00a0\u00a0\u00a0\u00a0\u00a0\u00a0\u00a0\u00a0\u00a0\u00a0\u00a0\u00a0\u00a0\u00a0\u00a0\u00a0\u00a0\u00a0\u00a0\u00a0\u00a0\u00a0\u00a0\u00a0\u00a0\u00a0\u00a0\u00a0\u00a0\u00a0\u00a0\u00a0\u00a0\u00a0\u00a0\u00a0\u00a0\u00a0\u00a0\u00a0\u00a0\u00a0\u00a0\u00a0\u00a0\u00a0\u00a0\u00a0\u00a0\u00a0\u00a0\u00a0\u00a0\u00a0\u00a0\u00a0\u00a0\u00a0\u00a0\u00a0 <\/strong><\/h2>\n<p>Alla on <strong>kolme<\/strong> aihevaihtoehtoa. Valitse yksi aiheista ja esit\u00e4 mielipiteesi siit\u00e4 perusteluineen.<\/p>\n<p>Sinulla on kaksi minuuttia aikaa mietti\u00e4, mit\u00e4 sanot. Voit tehd\u00e4 valmisteluaikana muistiinpanoja, jos haluat. Aloita puhuminen vasta sitten, kun kuulet nauhalta: <em>\u201c<\/em><em>\u00c1<\/em><em>lgge h<\/em><em>\u00e1<\/em><em>llat d<\/em><em>\u00e1<\/em><em>l.\u201d<\/em> Sinulla on kaksi minuuttia aikaa puhua. Yrit\u00e4 puhua koko ajan!<\/p>\n<p><strong>Valmisteluaika: 2 minuuttia<\/strong><br \/>\n<strong>Puheaika: 2 minuuttia<\/strong><\/p>\n<ol>\n<li>Leatgo luonddueal\u00e1husat ie\u017ea sivala\u010d\u010dat v\u00e1ttisvuo\u0111aidasaset?<\/li>\n<\/ol>\n<hr \/>\n<h2><span style=\"text-decoration: underline;\"><strong>Teht\u00e4v\u00e4 2. Puheenvuoro<\/strong><\/span><\/h2>\n<p>Alla on kolme aihevaihtoehtoa. Valitse <strong>yksi <\/strong>aiheista ja kerro siit\u00e4 <strong>saameksi<\/strong>.<\/p>\n<p>Sinulla on kaksi minuuttia aikaa mietti\u00e4, mit\u00e4 sanot. Voit tehd\u00e4 valmisteluaikana muistiinpanoja, jos haluat. Aloita puhuminen vasta sitten, kun kuulet nauhalta <em>\u201d\u00c1lgge h\u00e1llat d\u00e1l\u201d.<\/em> Sinulla on kaksi minuuttia aikaa puhua. Yrit\u00e4 puhua koko ajan!<\/p>\n<p><strong>Valmisteluaika: 2 minuuttia<\/strong><br \/>\n<strong>Puhumisaika: 2 minuuttia<\/strong><\/p>\n<ol>\n<li>Olet matkailuneuvonnassa t\u00f6iss\u00e4 ja sinua pyydet\u00e4\u00e4n pit\u00e4m\u00e4\u00e4n lyhyt esitys saamelaiskulttuurista.<\/li>\n<\/ol>\n <!-- RSPEAK_STOP -->","protected":false},"excerpt":{"rendered":"    Saame \u2013 Ylin taso\u00a0\u2013 Puhuminen Puhumisen osakokeessa on erilaisia teht\u00e4vi\u00e4, joista osa\u00a0suoritetaan kielistudiossa ja osa haastatteluna. T\u00e4ss\u00e4 on esimerkit teht\u00e4v\u00e4tyypeist\u00e4. Puhu joka teht\u00e4v\u00e4ss\u00e4 \n <a class=\"moretag\" href=\"https:\/\/ykitesti.solki.jyu.fi\/en\/tutustu-testiin\/saame\/saame-ylin-taso-puhuminen\/\"> <\/a>","protected":false},"author":1,"featured_media":0,"parent":1064,"menu_order":0,"comment_status":"closed","ping_status":"closed","template":"","meta":{"footnotes":""},"class_list":["post-1117","page","type-page","status-publish","hentry"],"translation":{"provider":"WPGlobus","version":"3.0.2","language":"en","enabled_languages":["fi","en","sv"],"languages":{"fi":{"title":true,"content":true,"excerpt":false},"en":{"title":false,"content":false,"excerpt":false},"sv":{"title":false,"content":true,"excerpt":false}}},"_links":{"self":[{"href":"https:\/\/ykitesti.solki.jyu.fi\/en\/wp-json\/wp\/v2\/pages\/1117","targetHints":{"allow":["GET"]}}],"collection":[{"href":"https:\/\/ykitesti.solki.jyu.fi\/en\/wp-json\/wp\/v2\/pages"}],"about":[{"href":"https:\/\/ykitesti.solki.jyu.fi\/en\/wp-json\/wp\/v2\/types\/page"}],"author":[{"embeddable":true,"href":"https:\/\/ykitesti.solki.jyu.fi\/en\/wp-json\/wp\/v2\/users\/1"}],"replies":[{"embeddable":true,"href":"https:\/\/ykitesti.solki.jyu.fi\/en\/wp-json\/wp\/v2\/comments?post=1117"}],"version-history":[{"count":1,"href":"https:\/\/ykitesti.solki.jyu.fi\/en\/wp-json\/wp\/v2\/pages\/1117\/revisions"}],"predecessor-version":[{"id":1118,"href":"https:\/\/ykitesti.solki.jyu.fi\/en\/wp-json\/wp\/v2\/pages\/1117\/revisions\/1118"}],"up":[{"embeddable":true,"href":"https:\/\/ykitesti.solki.jyu.fi\/en\/wp-json\/wp\/v2\/pages\/1064"}],"wp:attachment":[{"href":"https:\/\/ykitesti.solki.jyu.fi\/en\/wp-json\/wp\/v2\/media?parent=1117"}],"curies":[{"name":"wp","href":"https:\/\/api.w.org\/{rel}","templated":true}]}}