













{"id":1113,"date":"2016-08-30T13:15:44","date_gmt":"2016-08-30T10:15:44","guid":{"rendered":"http:\/\/ykitesti.solki.jyu.fi\/?page_id=1113"},"modified":"2016-08-30T13:15:44","modified_gmt":"2016-08-30T10:15:44","slug":"saame-ylin-taso-kirjoittaminen","status":"publish","type":"page","link":"https:\/\/ykitesti.solki.jyu.fi\/en\/tutustu-testiin\/saame\/saame-ylin-taso-kirjoittaminen\/","title":{"rendered":"Saame &#8211; Ylin taso &#8211; Kirjoittaminen"},"content":{"rendered":"<!-- RSPEAK_STOP --> <a href='http:\/\/wr.readspeaker.com\/a\/webreader\/webreader.php?cid=&amp;t=wordpress&amp;url=https:\/\/ykitesti.solki.jyu.fi\/en\/tutustu-testiin\/saame\/saame-ylin-taso-kirjoittaminen\/&amp;title=Saame &#8211; Ylin taso &#8211; Kirjoittaminen' onclick='readpage(this.href, 1113); return false;'> <img src=' http:\/\/wr.readspeaker.com\/m\/wr\/images\/listen_.gif' style='border-style: none;' alt=''><\/a><div id='WR_1113'><\/div> <!-- RSPEAK_START --> <h4><em>Saame\u00a0\u2013 Ylin\u00a0taso\u00a0\u2013 Kirjoittaminen<\/em><\/h4>\n<div class=\"quiz_section question-section-id-58 slide2\">\n<p>-Kirjoittamisen osakokeessa on kolme erityyppist\u00e4 kirjoitusteht\u00e4v\u00e4\u00e4. T\u00e4ss\u00e4 on\u00a0esimerkkej\u00e4 teht\u00e4vist\u00e4.<br \/>\n-Kirjoittamisen osakokeen suorittaminen edellytt\u00e4\u00e4 kaikkien teht\u00e4vien tekemist\u00e4.<br \/>\n-Kirjoita selke\u00e4ll\u00e4 k\u00e4sialalla<br \/>\n-Noudata tarkasti teht\u00e4viss\u00e4 annettuja ohjeita<\/p>\n<p>Lue lis\u00e4\u00e4 kirjoittamisen osakokeesta <a href=\"https:\/\/www.jyu.fi\/hum\/laitokset\/solki\/yki\/yleista\/osat_aihealueet\/kirjoittaminen\">t\u00e4\u00e4lt\u00e4<\/a>.<\/p>\n<hr \/>\n<h2><strong><span style=\"text-decoration: underline;\">Teht\u00e4v\u00e4 1. Mielipide<\/span>\u00a0\u00a0\u00a0\u00a0\u00a0\u00a0\u00a0\u00a0\u00a0\u00a0\u00a0\u00a0\u00a0\u00a0\u00a0\u00a0\u00a0\u00a0\u00a0\u00a0\u00a0\u00a0\u00a0\u00a0\u00a0\u00a0\u00a0\u00a0\u00a0\u00a0\u00a0\u00a0\u00a0\u00a0\u00a0\u00a0\u00a0\u00a0\u00a0\u00a0\u00a0\u00a0\u00a0\u00a0\u00a0\u00a0\u00a0\u00a0\u00a0\u00a0\u00a0\u00a0\u00a0\u00a0\u00a0\u00a0\u00a0\u00a0\u00a0\u00a0\u00a0 <\/strong><\/h2>\n<p>Lue alla oleva mielipidekirjoitus ja pohdi siin\u00e4 esitettyj\u00e4 n\u00e4k\u00f6kohtia. Kirjoita sitten asiasta oma mielipiteesi ja perustele se. Kirjoita selv\u00e4ll\u00e4 k\u00e4sialalla <strong>saameksi<\/strong>.<\/p>\n<p style=\"border: 3px; border-style: solid; border-color: #123455; padding: 1em;\"><strong>Anton, mun gal heahpanan!<\/strong><br \/>\n&nbsp;<br \/>\nAltapostenis sk\u00e1bmam\u00e1nu 22. beaivvi lei lohkkiidreive Guovdageainnu s\u00e1tnejopiheaddji alkoholav\u00e1ttisvuopaid birra. Muhtun nuorra guovdageaidnula\u0161 lei \u0085\u00e1ll\u00e1n biht\u00e1, ja sus ledje nu jierpm\u00e1la\u0161 s\u00e1gat ahte mun viimm\u00e1skin \u0085\u00e1llit ie\u00f1an oaiviliid. Go mun d\u00e1 mannan vahku lohken aviissaid, de gal orron jur suhttame. In mun d\u00e1b\u00e1la\u0085\u0085at v\u00e1ldde bearehaga vuhtii politihkk\u00e1riid go diggojit, dasa mun lean h\u00e1rj\u00e1nan.<br \/>\n&nbsp;<br \/>\nMus lea \u00e1lo leama\u0161 Anton Dahl ovdagovvan ja lean su jienastan dan r\u00e1jes go bessen jienasti\u0161goahtit vihtta jagi d\u00e1s ovdal. D\u00e1l mun heahpanan su. Go oidnen maid son lea h\u00e1lidan dahkat min s\u00e1tnejopiheaddji juhkanv\u00e1ttisvuopaid \u00e1\u0161\u0161iin, de gal buoll\u00e1i va\u0161\u0161i mus. Gean hearr\u00e1 mielas gull\u00e1 diet \u00e1\u0161\u0161i suohkanstivrra \u0085oahkkimii? Makk\u00e1r ulbmil lea Antonis dan v\u00e1ldit baj\u00e1s doppe? S\u00e1vv\u00e1go son ie\u0161 fas beassat f\u00e1mu nala, ja geah\u0085\u0085alago son dieinna l\u00e1giin r\u00e1hkadit heittot gova\u00a0 min s\u00e1tnejopiheaddjis? Oaivvildatgo, Anton, ahte s\u00e1tnejopiheaddji ii bargga ie\u00f1as barggu? Jus leat \u00e1\u0161\u0161it nie, ahte dan rukses viesus gasku m\u00e1rkana ogohallet nubbi nuppi persovnnala\u0085\u0085at eaige baicca bargga \u00e1\u0161\u0161iiguin mat gullet buot m\u00e1rkanolbmuide, de ii \u00e1but vuorditge ahte min suohkandilli buorr\u00e1niv\u0085\u0085ii. Eatge mii beasa eret suohkana stuorimus oaiveb\u00e1k\u0085asis, namalassii heittot ruhtadilis.<br \/>\n&nbsp;<br \/>\nMu mielas lea duopai v\u00e1ivi go ovdagovva billahuvv\u00e1 nie, Anton. In leat goit gullan ovttage dis bealu\u0161teame min s\u00e1tnejopiheaddji Antona cealk\u00e1mu\u0161aid ma\u00bf\u00bfel. Iibat mis liv\u0085\u0085e d\u00e1l buohkain ovddasv\u00e1st\u00e1dus veahkehit ie\u00f1amet s\u00e1tnejopiheaddji ja su bearra\u0161a, iige v\u00e1zzit ja hume\u0161tit du\u0161\u0161iid?<br \/>\n&nbsp;<br \/>\nDearvvuopat nuorra jienasteadddjis<\/p>\n<hr \/>\n<\/div>\n<h2><strong><span style=\"text-decoration: underline;\">Teht\u00e4v\u00e4\u00a02. Hakemus\u00a0<\/span>\u00a0\u00a0\u00a0\u00a0\u00a0\u00a0\u00a0\u00a0\u00a0\u00a0\u00a0\u00a0\u00a0\u00a0\u00a0\u00a0\u00a0\u00a0\u00a0\u00a0\u00a0\u00a0\u00a0\u00a0\u00a0\u00a0\u00a0\u00a0\u00a0\u00a0\u00a0\u00a0\u00a0\u00a0\u00a0\u00a0\u00a0\u00a0\u00a0\u00a0\u00a0\u00a0\u00a0\u00a0\u00a0\u00a0\u00a0\u00a0\u00a0\u00a0\u00a0\u00a0\u00a0\u00a0\u00a0\u00a0\u00a0\u00a0\u00a0\u00a0\u00a0\u00a0\u00a0\u00a0\u00a0\u00a0\u00a0\u00a0\u00a0\u00a0\u00a0\u00a0\u00a0\u00a0\u00a0\u00a0\u00a0\u00a0\u00a0\u00a0\u00a0\u00a0\u00a0\u00a0\u00a0\u00a0\u00a0\u00a0\u00a0\u00a0\u00a0\u00a0\u00a0\u00a0\u00a0\u00a0\u00a0\u00a0\u00a0\u00a0 \u00a0\u00a0\u00a0\u00a0\u00a0\u00a0\u00a0\u00a0\u00a0\u00a0\u00a0\u00a0\u00a0\u00a0\u00a0\u00a0 <\/strong><\/h2>\n<p>Sinulla on mahdollisuus hakea pient\u00e4 apurahaa oman alasi opintomatkaan. Haet rahaa Saarivuon s\u00e4\u00e4ti\u00f6lt\u00e4. Kirjoita apurahahakemus, josta k\u00e4yv\u00e4t ilmi:<\/p>\n<ul>\n<li>henkil\u00f6tietosi<\/li>\n<li>matkakohde ja -aika<\/li>\n<li>matkan kesto<\/li>\n<li>hakemasi rahasumma<\/li>\n<li>rahank\u00e4ytt\u00f6 (miten k\u00e4yt\u00e4t saamasi rahat)<\/li>\n<li>muu rahoitus (mill\u00e4 muulla tavalla rahoitat matkasi)<\/li>\n<li>hyv\u00e4t perustelut (mit\u00e4 hy\u00f6ty\u00e4 matkasta on opinnoillesi).<\/li>\n<\/ul>\n<p>Hakemuksen tulee olla virallinen. Asettele hakemus paperille virallisen kirjeen tavoin.<\/p>\n<p>Muista <strong>aloittaa<\/strong> ja<strong> lopettaa<\/strong> hakemus sopivalla tavalla. Kirjoita selv\u00e4ll\u00e4 k\u00e4sialalla <strong>saameksi<\/strong>.<\/p>\n <!-- RSPEAK_STOP -->","protected":false},"excerpt":{"rendered":"    Saame\u00a0\u2013 Ylin\u00a0taso\u00a0\u2013 Kirjoittaminen -Kirjoittamisen osakokeessa on kolme erityyppist\u00e4 kirjoitusteht\u00e4v\u00e4\u00e4. T\u00e4ss\u00e4 on\u00a0esimerkkej\u00e4 teht\u00e4vist\u00e4. -Kirjoittamisen osakokeen suorittaminen edellytt\u00e4\u00e4 kaikkien teht\u00e4vien tekemist\u00e4. -Kirjoita selke\u00e4ll\u00e4 k\u00e4sialalla -Noudata \n <a class=\"moretag\" href=\"https:\/\/ykitesti.solki.jyu.fi\/en\/tutustu-testiin\/saame\/saame-ylin-taso-kirjoittaminen\/\"> <\/a>","protected":false},"author":1,"featured_media":0,"parent":1064,"menu_order":0,"comment_status":"closed","ping_status":"closed","template":"","meta":{"footnotes":""},"class_list":["post-1113","page","type-page","status-publish","hentry"],"translation":{"provider":"WPGlobus","version":"3.0.2","language":"en","enabled_languages":["fi","en","sv"],"languages":{"fi":{"title":true,"content":true,"excerpt":false},"en":{"title":false,"content":false,"excerpt":false},"sv":{"title":false,"content":true,"excerpt":false}}},"_links":{"self":[{"href":"https:\/\/ykitesti.solki.jyu.fi\/en\/wp-json\/wp\/v2\/pages\/1113","targetHints":{"allow":["GET"]}}],"collection":[{"href":"https:\/\/ykitesti.solki.jyu.fi\/en\/wp-json\/wp\/v2\/pages"}],"about":[{"href":"https:\/\/ykitesti.solki.jyu.fi\/en\/wp-json\/wp\/v2\/types\/page"}],"author":[{"embeddable":true,"href":"https:\/\/ykitesti.solki.jyu.fi\/en\/wp-json\/wp\/v2\/users\/1"}],"replies":[{"embeddable":true,"href":"https:\/\/ykitesti.solki.jyu.fi\/en\/wp-json\/wp\/v2\/comments?post=1113"}],"version-history":[{"count":2,"href":"https:\/\/ykitesti.solki.jyu.fi\/en\/wp-json\/wp\/v2\/pages\/1113\/revisions"}],"predecessor-version":[{"id":1116,"href":"https:\/\/ykitesti.solki.jyu.fi\/en\/wp-json\/wp\/v2\/pages\/1113\/revisions\/1116"}],"up":[{"embeddable":true,"href":"https:\/\/ykitesti.solki.jyu.fi\/en\/wp-json\/wp\/v2\/pages\/1064"}],"wp:attachment":[{"href":"https:\/\/ykitesti.solki.jyu.fi\/en\/wp-json\/wp\/v2\/media?parent=1113"}],"curies":[{"name":"wp","href":"https:\/\/api.w.org\/{rel}","templated":true}]}}