













{"id":1068,"date":"2016-08-29T12:01:54","date_gmt":"2016-08-29T09:01:54","guid":{"rendered":"http:\/\/ykitesti.solki.jyu.fi\/?page_id=1068"},"modified":"2016-08-29T12:01:54","modified_gmt":"2016-08-29T09:01:54","slug":"saame-perustaso-tekstin-ymmartaminen","status":"publish","type":"page","link":"https:\/\/ykitesti.solki.jyu.fi\/en\/tutustu-testiin\/saame\/saame-perustaso-tekstin-ymmartaminen\/","title":{"rendered":"Saame &#8211; Perustaso &#8211; Tekstin ymm\u00e4rt\u00e4minen"},"content":{"rendered":"<!-- RSPEAK_STOP --> <a href='http:\/\/wr.readspeaker.com\/a\/webreader\/webreader.php?cid=&amp;t=wordpress&amp;url=https:\/\/ykitesti.solki.jyu.fi\/en\/tutustu-testiin\/saame\/saame-perustaso-tekstin-ymmartaminen\/&amp;title=Saame &#8211; Perustaso &#8211; Tekstin ymm\u00e4rt\u00e4minen' onclick='readpage(this.href, 1068); return false;'> <img src=' http:\/\/wr.readspeaker.com\/m\/wr\/images\/listen_.gif' style='border-style: none;' alt=''><\/a><div id='WR_1068'><\/div> <!-- RSPEAK_START --> <p><em><strong>Saame &#8211; Perustaso &#8211; Tekstin ymm\u00e4rt\u00e4minen<\/strong><\/em><\/p>\n<ul>\n<li>Vastaa kaikkiin kysymyksiin. V\u00e4\u00e4rist\u00e4 vastauksista ei rangaista.<\/li>\n<li>Monivalinta- ja oikein-v\u00e4\u00e4rin-teht\u00e4viss\u00e4 vain\u00a0yksi\u00a0vaihtoehto\/v\u00e4itt\u00e4m\u00e4 on oikein.<\/li>\n<li>Monivalinta- ja oikein-v\u00e4\u00e4rin-teht\u00e4v\u00e4t vastataan erilliselle vastauslomakkeelle (ks. t\u00e4ytt\u00f6ohje).<br \/>\n<strong>Huom!\u00a0<\/strong>Vain vastauslomakkeelle merkityt vastaukset otetaan arvioinnissa huomioon.<\/li>\n<li>Avointen kysymysten vastaukset kirjoitetaan teht\u00e4v\u00e4vihkoon. Kirjoita selke\u00e4ll\u00e4 k\u00e4sialalla.<\/li>\n<\/ul>\n<p>Lue lis\u00e4\u00e4 tekstin ymm\u00e4rt\u00e4misen osakokeesta <a href=\"https:\/\/www.jyu.fi\/hum\/laitokset\/solki\/yki\/yleista\/osat_aihealueet\/tekstinymmartaminen\">t\u00e4\u00e4lt\u00e4<\/a>.<\/p>\n<script>\n                            if (window.qmn_quiz_data === undefined) {\n                                    window.qmn_quiz_data = new Object();\n                            }\n                    <\/script><script>window.qmn_quiz_data[\"152\"] = {\"quiz_id\":\"152\",\"quiz_name\":\"Saame avoimet (PT-TY)\",\"disable_answer\":0,\"ajax_show_correct\":0,\"progress_bar\":\"0\",\"contact_info_location\":\"0\",\"qpages\":{\"1\":{\"id\":\"1\",\"quizID\":\"152\",\"pagekey\":\"685e7d1da07c9\",\"hide_prevbtn\":\"0\"}},\"skip_validation_time_expire\":0,\"timer_limit_val\":0,\"disable_scroll_next_previous_click\":0,\"disable_scroll_on_result\":0,\"disable_first_page\":0,\"enable_result_after_timer_end\":0,\"enable_quick_result_mc\":0,\"end_quiz_if_wrong\":0,\"form_disable_autofill\":0,\"disable_mathjax\":0,\"enable_quick_correct_answer_info\":\"0\",\"quick_result_correct_answer_text\":\"Correct! You have selected correct answer.\",\"quick_result_wrong_answer_text\":\"Wrong! You have selected wrong answer.\",\"quiz_processing_message\":\"\",\"quiz_limit_choice\":\"Limit of choice is reached.\",\"not_allow_after_expired_time\":0,\"scheduled_time_end\":false,\"error_messages\":{\"email_error_text\":\"Not a valid e-mail address!\",\"number_error_text\":\"This field must be a number!\",\"incorrect_error_text\":\"The entered text is not correct!\",\"empty_error_text\":\"Please complete all required fields!\",\"url_error_text\":\"The entered URL is not valid!\",\"minlength_error_text\":\"Required atleast %minlength% characters.\",\"maxlength_error_text\":\"Maximum %maxlength% characters allowed.\",\"recaptcha_error_text\":\"ReCaptcha is missing\"}}\n                    <\/script><style type='text\/css' id='qmn_quiz_template-css'>.mlw_qmn_quiz label {\r\n\t\t\t\tdisplay: inline;\r\n\t\t\t}\r\n\t\t\t.ui-tooltip\r\n\t\t\t{\r\n\t\t\t\tmax-width: 500px !important;\r\n\t\t\t}\r\n\t\t\t.ui-tooltip-content\r\n\t\t\t{\r\n\t\t\t\tmax-width: 500px !important;\r\n\t\t\t}\r\n\t\t\t.qmn_error, .qmn_page_error_message\r\n\t\t\t{\r\n\t\t\t\tcolor: red;\r\n\t\t\t}\r\n\t\t\t.mlw_qmn_hint_link\r\n\t\t\t{\r\n\t\t\ttext-decoration:underline;\r\n\t\t\tcolor:rgb(0,0,255);\r\n\t\t\t}\r\n\t\t\t.mlw_qmn_quiz_link\r\n\t\t\t{\r\n\t\t\t\tdisplay: inline;\r\n\t\t\t\tvertical-align:top !important;\r\n\t\t\t\ttext-decoration: none;\r\n\t\t\t}\r\n\t\t\tdiv.mlw_qmn_quiz input[type=radio],\r\n\t\t\tdiv.mlw_qmn_quiz input[type=submit],\r\n\t\t\tdiv.mlw_qmn_quiz label {\r\n\t\t\t\tcursor: pointer;\r\n\t\t\t}\r\n\t\t\tdiv.mlw_qmn_quiz input:not([type=submit]):focus,\r\n\t\t\tdiv.mlw_qmn_quiz textarea:focus {\r\n\t\t\t\tbackground: #eaeaea;\r\n\t\t\t}\r\n\t\t\tdiv.mlw_qmn_quiz {\r\n\t\t\t\ttext-align: left;\r\n\t\t\t}\r\n\t\t\tdiv.quiz_section {\r\n\r\n\t\t\t}\r\n\t\t\t.mlw_horizontal_choice\r\n\t\t\t{\r\n\t\t\t\tmargin-right: 20px;\r\n\t\t\t}\r\n\t\t\tdiv.mlw_qmn_timer {\r\n\t\t\t\tposition:fixed;\r\n\t\t\t\ttop:200px;\r\n\t\t\t\tright:0px;\r\n\t\t\t\twidth:130px;\r\n\t\t\t\tcolor:#00CCFF;\r\n\t\t\t\tborder-radius: 15px;\r\n\t\t\t\tbackground:#000000;\r\n\t\t\t\ttext-align: center;\r\n\t\t\t\tpadding: 15px 15px 15px 15px\r\n\t\t\t}\r\n\t\t\tdiv.mlw_qmn_quiz input[type=submit],\r\n\t\t\ta.mlw_qmn_quiz_link\r\n\t\t\t{\r\n\t\t\t\tborder-radius: 4px;\r\n\t\t\t\tposition: relative;\r\n\t\t\t\tbackground-image: linear-gradient(#fff,#dedede);\r\n\t\t\t\tbackground-color: #eee;\r\n\t\t\t\tborder: #ccc solid 1px;\r\n\t\t\t\tcolor: #333;\r\n\t\t\t\ttext-shadow: 0 1px 0 rgba(255,255,255,.5);\r\n\t\t\t\tbox-sizing: border-box;\r\n\t\t\t\tdisplay: inline-block;\r\n\t\t\t\tpadding: 7px 7px 7px 7px;\r\n\t\t\t\tmargin: auto;\r\n\t\t\t\tfont-weight: bold;\r\n\t\t\t\tcursor: pointer;\r\n\t\t\t}\r\n\t\t\t.mlw_qmn_question, .mlw_qmn_question_number, .mlw_qmn_comment_section_text\r\n\t\t\t{\r\n\t\t\t\tfont-weight: bold;\r\n\t\t\t}\r\n\t\t\t.mlw_next\r\n\t\t\t{\r\n\t\t\t\tfloat: right;\r\n\t\t\t}\r\n\t\t\t.mlw_previous\r\n\t\t\t{\r\n\t\t\t\tfloat: left;\r\n\t\t\t}\r\n\t\t\t.mlw_qmn_question_comment, .mlw_answer_open_text, .qmn_comment_section {\r\n\t\t\t\twidth: 100%;\r\n\t\t\t\tborder-radius: 7px;\r\n\t\t\t\tpadding: 2px 10px;\r\n\t\t\t\t-webkit-box-shadow: inset 0 3px 3px rgba(0,0,0,.075);\r\n\t\t\t\tbox-shadow: inset 0 3px 3px rgba(0,0,0,.075);\r\n\t\t\t\tborder: 1px solid #ccc;\r\n\t\t\t}\r\n\t\t<\/style><div class='qsm-quiz-container qsm-quiz-container-152 qmn_quiz_container mlw_qmn_quiz  quiz_theme_default  '>\n\t\t\t\t\t\t\t\t<form name=\"quizForm152\" id=\"quizForm152\" action=\"\/en\/wp-json\/wp\/v2\/pages\/1068\" method=\"POST\" class=\"qsm-quiz-form qmn_quiz_form mlw_quiz_form\" novalidate enctype=\"multipart\/form-data\">\n\t\t\t\t<input type=\"hidden\" name=\"qsm_hidden_questions\" id=\"qsm_hidden_questions\" value=\"\">\n\t\t\t\t<input type=\"hidden\" name=\"qsm_nonce\" id=\"qsm_nonce_152\" value=\"6b92ac136e\">\n\t\t\t\t<input type=\"hidden\" name=\"qsm_unique_key\" id=\"qsm_unique_key_152\" value=\"69f59f2bb1bf0\">\n\t\t\t\t<div id=\"mlw_error_message\" class=\"qsm-error-message qmn_error_message_section\"><\/div>\n\t\t\t\t<span id=\"mlw_top_of_quiz\"><\/span>\n\t\t\t\t\t\t\t<section class=\"qsm-page \">\n\t\t\t\t\t\t\t\t<div class=\"quiz_section qsm-question-wrapper question-type-6 question-section-id-1203 \" data-qid=\"1203\">\n\t\t\t\t\t<div class='mlw_qmn_question ' >\n\t\t<p><h2><span style=\"text-decoration: underline\">Avoimet kysymykset:<\/span><\/h2> <br \/><strong>Teht\u00e4v\u00e4 1. Tiedote\u00a0\u00a0\u00a0\u00a0\u00a0\u00a0\u00a0\u00a0\u00a0\u00a0\u00a0\u00a0\u00a0\u00a0\u00a0\u00a0\u00a0\u00a0\u00a0\u00a0\u00a0\u00a0\u00a0\u00a0\u00a0\u00a0\u00a0\u00a0\u00a0\u00a0\u00a0\u00a0\u00a0\u00a0\u00a0\u00a0\u00a0\u00a0\u00a0\u00a0\u00a0\u00a0\u00a0\u00a0\u00a0\u00a0\u00a0\u00a0\u00a0\u00a0\u00a0\u00a0\u00a0\u00a0\u00a0\u00a0\u00a0\u00a0\u00a0\u00a0\u00a0\u00a0\u00a0\u00a0\u00a0\u00a0\u00a0\u00a0\u00a0 <\/strong><br \/><br \/>Lue saamen radion ohjelmatiedote ja kirjoita viivoille niiden ohjelmien alkamisajat, jotka sopivat kuvauksiin.<\/p>\n\t<\/div>\n\t\t\t\t\t\t<\/div>\n\t\t\t\t\t\t\t\t\t<div class=\"quiz_section qsm-question-wrapper question-type-3 question-section-id-1202 \" data-qid=\"1202\">\n\t\t\t\t\t<div class='mlw_qmn_question ' >\n\t\t<p>A1.\u00a0Henkil\u00f6kuva<\/p>\n\t<\/div>\n\t\t<input  type=\"text\" class=\"mlw_answer_open_text mlwRequiredText\" id=\"question1202\" name=\"question1202\"   Placeholder=\"\" \/>\n\t\t\t\t\t\t<\/div>\n\t\t\t\t\t\t\t\t\t<div class=\"quiz_section qsm-question-wrapper question-type-3 question-section-id-1204 \" data-qid=\"1204\">\n\t\t\t\t\t<div class='mlw_qmn_question ' >\n\t\t<p>A2. Paikallisia kuulumisia<\/p>\n\t<\/div>\n\t\t<input  type=\"text\" class=\"mlw_answer_open_text mlwRequiredText\" id=\"question1204\" name=\"question1204\"   Placeholder=\"\" \/>\n\t\t\t\t\t\t<\/div>\n\t\t\t\t\t\t\t\t\t<div class=\"quiz_section qsm-question-wrapper question-type-3 question-section-id-1205 \" data-qid=\"1205\">\n\t\t\t\t\t<div class='mlw_qmn_question ' >\n\t\t<p>A3. Ajankohtaista<\/p>\n\t<\/div>\n\t\t<input  type=\"text\" class=\"mlw_answer_open_text mlwRequiredText\" id=\"question1205\" name=\"question1205\"   Placeholder=\"\" \/>\n\t\t\t\t\t\t<\/div>\n\t\t\t\t\t\t\t\t\t<div class=\"quiz_section qsm-question-wrapper question-type-3 question-section-id-1207 \" data-qid=\"1207\">\n\t\t\t\t\t<div class='mlw_qmn_question ' >\n\t\t<p>A4. P\u00e4iv\u00e4n s\u00e4\u00e4<\/p>\n\t<\/div>\n\t\t<input  type=\"text\" class=\"mlw_answer_open_text mlwRequiredText\" id=\"question1207\" name=\"question1207\"   Placeholder=\"\" \/>\n\t\t\t\t\t\t<\/div>\n\t\t\t\t\t\t\t\t\t<div class=\"quiz_section qsm-question-wrapper question-type-3 question-section-id-1208 \" data-qid=\"1208\">\n\t\t\t\t\t<div class='mlw_qmn_question ' >\n\t\t<p>A5. Koltansaamenkielinen l\u00e4hetys<\/p>\n\t<\/div>\n\t\t<input  type=\"text\" class=\"mlw_answer_open_text mlwRequiredText\" id=\"question1208\" name=\"question1208\"   Placeholder=\"\" \/>\n\t\t\t\t\t\t<\/div>\n\t\t\t\t\t\t\t\t\t<div class=\"quiz_section qsm-question-wrapper question-type-3 question-section-id-1210 \" data-qid=\"1210\">\n\t\t\t\t\t<div class='mlw_qmn_question ' >\n\t\t<p>A6. Nuorisosta ja nuorille<\/p>\n\t<\/div>\n\t\t<input  type=\"text\" class=\"mlw_answer_open_text mlwRequiredText\" id=\"question1210\" name=\"question1210\"   Placeholder=\"\" \/>\n\t\t\t\t\t\t<\/div>\n\t\t\t\t\t\t\t\t\t<div class=\"quiz_section qsm-question-wrapper question-type-3 question-section-id-1209 \" data-qid=\"1209\">\n\t\t\t\t\t<div class='mlw_qmn_question ' >\n\t\t<p>A7. Musiikkia<\/p>\n\t<\/div>\n\t\t<input  type=\"text\" class=\"mlw_answer_open_text mlwRequiredText\" id=\"question1209\" name=\"question1209\"   Placeholder=\"\" \/>\n\t\t\t\t\t\t<\/div>\n\t\t\t\t\t\t\t<\/section>\n\t\t\t\t\t<input type=\"hidden\" name=\"qmn_question_list\" value=\"1203Q1202Q1204Q1205Q1207Q1208Q1210Q1209Q\" \/>\n\t\t\t\t\t\t\t<div id=\"mlw_error_message_bottom\" class=\"qsm-error-message qmn_error_message_section\"><\/div>\n\t\t\t\t\t<input type=\"hidden\" name=\"qmn_all_questions_count\" id=\"qmn_all_questions_count\" value=\"8\" \/>\n\t\t\t\t\t<input type=\"hidden\" name=\"total_questions\" id=\"total_questions\" value=\"7\" \/>\n\t\t\t\t\t<input type=\"hidden\" name=\"timer\" id=\"timer\" value=\"0\" \/>\n\t\t\t\t\t<input type=\"hidden\" name=\"timer_ms\" id=\"timer_ms\" value=\"0\"\/>\n\t\t\t\t\t<input type=\"hidden\" class=\"qmn_quiz_id\" name=\"qmn_quiz_id\" id=\"qmn_quiz_id\" value=\"152\" \/>\n\t\t\t\t\t<input type='hidden' name='complete_quiz' value='confirmation' \/>\n\t\t\t\t\t\t\t\t\t<\/form>\n\t\t<\/div>\n\t\t<div style=\"display: none;\" class=\"qsm-popup qsm-popup-slide\" id=\"modal-4\" aria-hidden=\"false\"><div class=\"qsm-popup__overlay\" tabindex=\"-1\" data-micromodal-close=\"\"><div class=\"qsm-popup__container qmn_quiz_container\" role=\"dialog\" aria-modal=\"true\"><div class=\"qsm-popup__content\"><img decoding=\"async\" src=\"https:\/\/ykitesti.solki.jyu.fi\/wp-content\/plugins\/quiz-master-next\/assets\/clock.png\" alt=\"clock.png\"\/><p class=\"qsm-time-up-text\"> Time's up<\/p><\/div><footer class=\"qsm-popup__footer\"><button class=\"qsm-popup-secondary-button qmn_btn\" data-micromodal-close=\"\" aria-label=\"Close this dialog window\" onclick=\"location.reload();\">Cancel<\/button><\/footer><\/div><\/div><\/div>\n<p style=\"border: 3px; border-style: solid; border-color: #123455; padding: 1em;\"><strong>S\u00e1mi Radio<\/strong><br \/>\n&nbsp;<br \/>\n7.15 &#8211; 8.30\u00a0   Buorre ipit, S\u00e1pmi<br \/>\n7.30; 8.00     Oppasat<br \/>\n7.40           Nuorra 2000<br \/>\n8.30 &#8211; 9.00    Ipits\u00e1tta K\u00e1r\u00e1\u0161jogas<br \/>\n8.30           Oppasat<br \/>\n8.40           Ipitguossi<br \/>\n9.00 &#8211; 9.25\u00a0  \u00a0Ipits\u00e1tta Gironis<br \/>\n9.25 &#8211; 9.30\u00a0   Dieput<br \/>\n9.30 &#8211; 9.33\u00a0\u00a0  Oppasat<br \/>\n9.33 &#8211; 10.00\u00a0  Ipits\u00e1tta K\u00e1r\u00e1\u0161jogas joatka\u0161uvv\u00e1<br \/>\n10.00 &#8211; 10.30 \u00a0Nuortts\u00e4\u00e4\u00b4mki\u00f5ll \u00e4\u00e4\u00b4\u0161\u0161<br \/>\n13.00 &#8211; 13.03 \u00a0Musihkka<br \/>\n13.03 &#8211; 13.15 \u00a0Oppasat<br \/>\n13.15 &#8211; 13.30 \u00a0\u00c5arjel faaroe<br \/>\n15.00 &#8211; 15.03  Oppasat<br \/>\n15.03\u00a0\u00a0\u00a0\u00a0\u00a0\u00a0\u00a0\u00a0 \u00a0Ruitu. K\u00e1r\u00e1\u0161joga s\u00e1gat<br \/>\n16.00 &#8211; 17.00\u00a0 Bures ain<br \/>\n16.00          Oppasat<br \/>\n17.00 &#8211; 17.20\u00a0 Oppasat ja d\u00e1lki<br \/>\n17.20 &#8211; 18.15\u00a0 Nuoraidradio: @Kak\u00e1os@<br \/>\n18.15 &#8211; 18.30\u00a0 Julevs\u00e1megiel s\u00e1tta<br \/>\n18.30 &#8211; 19.30  &#8220;M\u00e1ilmmi\u00a0 \u0161uo\u00f5at\u201d<\/p>\n <!-- RSPEAK_STOP -->","protected":false},"excerpt":{"rendered":"    Saame &#8211; Perustaso &#8211; Tekstin ymm\u00e4rt\u00e4minen Vastaa kaikkiin kysymyksiin. V\u00e4\u00e4rist\u00e4 vastauksista ei rangaista. Monivalinta- ja oikein-v\u00e4\u00e4rin-teht\u00e4viss\u00e4 vain\u00a0yksi\u00a0vaihtoehto\/v\u00e4itt\u00e4m\u00e4 on oikein. Monivalinta- ja oikein-v\u00e4\u00e4rin-teht\u00e4v\u00e4t vastataan \n <a class=\"moretag\" href=\"https:\/\/ykitesti.solki.jyu.fi\/en\/tutustu-testiin\/saame\/saame-perustaso-tekstin-ymmartaminen\/\"> <\/a>","protected":false},"author":1,"featured_media":0,"parent":1064,"menu_order":0,"comment_status":"closed","ping_status":"closed","template":"","meta":{"footnotes":""},"class_list":["post-1068","page","type-page","status-publish","hentry"],"translation":{"provider":"WPGlobus","version":"3.0.2","language":"en","enabled_languages":["fi","en","sv"],"languages":{"fi":{"title":true,"content":true,"excerpt":false},"en":{"title":false,"content":false,"excerpt":false},"sv":{"title":false,"content":true,"excerpt":false}}},"_links":{"self":[{"href":"https:\/\/ykitesti.solki.jyu.fi\/en\/wp-json\/wp\/v2\/pages\/1068","targetHints":{"allow":["GET"]}}],"collection":[{"href":"https:\/\/ykitesti.solki.jyu.fi\/en\/wp-json\/wp\/v2\/pages"}],"about":[{"href":"https:\/\/ykitesti.solki.jyu.fi\/en\/wp-json\/wp\/v2\/types\/page"}],"author":[{"embeddable":true,"href":"https:\/\/ykitesti.solki.jyu.fi\/en\/wp-json\/wp\/v2\/users\/1"}],"replies":[{"embeddable":true,"href":"https:\/\/ykitesti.solki.jyu.fi\/en\/wp-json\/wp\/v2\/comments?post=1068"}],"version-history":[{"count":1,"href":"https:\/\/ykitesti.solki.jyu.fi\/en\/wp-json\/wp\/v2\/pages\/1068\/revisions"}],"predecessor-version":[{"id":1070,"href":"https:\/\/ykitesti.solki.jyu.fi\/en\/wp-json\/wp\/v2\/pages\/1068\/revisions\/1070"}],"up":[{"embeddable":true,"href":"https:\/\/ykitesti.solki.jyu.fi\/en\/wp-json\/wp\/v2\/pages\/1064"}],"wp:attachment":[{"href":"https:\/\/ykitesti.solki.jyu.fi\/en\/wp-json\/wp\/v2\/media?parent=1068"}],"curies":[{"name":"wp","href":"https:\/\/api.w.org\/{rel}","templated":true}]}}