













{"id":104,"date":"2016-06-08T10:30:39","date_gmt":"2016-06-08T07:30:39","guid":{"rendered":"http:\/\/ykitesti.solki.jyu.fi\/?page_id=104"},"modified":"2017-09-28T15:37:09","modified_gmt":"2017-09-28T12:37:09","slug":"puhuminen","status":"publish","type":"page","link":"https:\/\/ykitesti.solki.jyu.fi\/en\/tutustu-testiin\/testifin\/puhuminen\/","title":{"rendered":"Perustaso &#8211; Puhuminen"},"content":{"rendered":"<!-- RSPEAK_STOP --> <a href='http:\/\/wr.readspeaker.com\/a\/webreader\/webreader.php?cid=&amp;t=wordpress&amp;url=https:\/\/ykitesti.solki.jyu.fi\/en\/tutustu-testiin\/testifin\/puhuminen\/&amp;title=Perustaso &#8211; Puhuminen' onclick='readpage(this.href, 104); return false;'> <img src=' http:\/\/wr.readspeaker.com\/m\/wr\/images\/listen_.gif' style='border-style: none;' alt=''><\/a><div id='WR_104'><\/div> <!-- RSPEAK_START --> <p><em><strong>Suomi &#8211; Perustaso \u2013 Puhuminen<\/strong><\/em><\/p>\n<ul>\n<li>Perustason puhumisen osakoe on haastattelu.<\/li>\n<li>Puhut haastattelijan kanssa kolmesta eri aiheesta.<\/li>\n<li>Ennen jokaista aihetta saat aikaa valmistautua teht\u00e4v\u00e4\u00e4n.<\/li>\n<li>Pyri puhumaan aktiivisesti!<\/li>\n<\/ul>\n<p>Lue lis\u00e4\u00e4 puhumisen osakokeesta\u00a0<a href=\"https:\/\/www.jyu.fi\/hytk\/fi\/laitokset\/solki\/yki\/yleista\/tietoakielitutkinnoista\/osakoekuvaus\">t\u00e4\u00e4lt\u00e4<\/a>.<\/p>\n<hr \/>\n<div class=\"qmn_quiz_container mlw_qmn_quiz\">\n<form id=\"quizForm28\" class=\"qmn_quiz_form mlw_quiz_form\" action=\"http:\/\/ykitesti.solki.jyu.fi\/kokeile-testia\/testifin\/puhuminen\/\" method=\"post\" name=\"quizForm28\" novalidate=\"\">\n<div id=\"mlw_error_message\" class=\"qmn_error_message_section\"><\/div>\n<div class=\"quiz_section quiz_begin slide1\"><\/div>\n<div class=\"quiz_section question-section-id-341 slide2\">\n<h2><span style=\"text-decoration: underline;\">Kertominen:<\/span><\/h2>\n<p>Kerro haastattelijalle hyv\u00e4st\u00e4 yst\u00e4v\u00e4st\u00e4. Voit vastata alla oleviin kysymyksiin, kun puhut. Voit mietti\u00e4 ensin pari minuttia ja kirjoittaa t\u00e4rkeit\u00e4 sanoja muistiin, jos haluat.<\/p>\n<\/div>\n<div class=\"quiz_section question-section-id-341 slide2\"><\/div>\n<div class=\"quiz_section question-section-id-341 slide2\"><\/div>\n<div class=\"quiz_section question-section-id-342 slide3\">\n<h4 style=\"padding-left: 30px;\"><b>Millainen on hyv\u00e4 yst\u00e4v\u00e4?<\/b><\/h4>\n<h4 style=\"padding-left: 30px;\">\u2022 Kuka on sinun paras yst\u00e4v\u00e4?<br \/>\n\u2022 Millainen h\u00e4n on?<br \/>\n\u2022 Miksi sin\u00e4 pid\u00e4t h\u00e4nest\u00e4?<br \/>\n\u2022 Mit\u00e4 hyv\u00e4 yst\u00e4v\u00e4 tekee?<br \/>\n\u2022 Mik\u00e4 tekisi sinusta hyv\u00e4n yst\u00e4v\u00e4n?<br \/>\n\u2022 Mit\u00e4 sin\u00e4 teet hyv\u00e4n yst\u00e4v\u00e4n kanssa?<\/h4>\n<\/div>\n<div class=\"quiz_section question-section-id-343 slide4\">\n<p>Esimerkkin\u00e4yte:<\/p>\n<audio class=\"wp-audio-shortcode\" id=\"audio-104-1\" preload=\"none\" style=\"width: 100%;\" controls=\"controls\"><source type=\"audio\/mpeg\" src=\"http:\/\/ykitesti.solki.jyu.fi\/wp-content\/uploads\/2016\/06\/Kertominen-ystava-pt-pu.mp3?_=1\" \/><a href=\"http:\/\/ykitesti.solki.jyu.fi\/wp-content\/uploads\/2016\/06\/Kertominen-ystava-pt-pu.mp3\">http:\/\/ykitesti.solki.jyu.fi\/wp-content\/uploads\/2016\/06\/Kertominen-ystava-pt-pu.mp3<\/a><\/audio>\n<hr \/>\n<h2><span style=\"text-decoration: underline;\">Kertominen:<\/span><\/h2>\n<p>Kerro lomamatkasta. Voit vastata alla oleviin kysymyksiin, kun puhut. Voit mietti\u00e4 ensin pari minuuttia.<\/p>\n<\/div>\n<div class=\"quiz_section question-section-id-343 slide4\"><\/div>\n<div class=\"quiz_section question-section-id-344 slide5\">\n<h4 style=\"padding-left: 30px;\"><\/h4>\n<h4 style=\"padding-left: 30px;\"><b>Lomamatka<\/b><\/h4>\n<h4 style=\"padding-left: 30px;\">Kerro esimerkiksi:<br \/>\n\u2022 Mihin matkustat lomalla ja miksi?<br \/>\n\u2022 Miten matkustat sinne?<br \/>\n\u2022 Milloin matkustat?<br \/>\n\u2022 Kenen kanssa haluat matkustaa?<br \/>\n\u2022 Mit\u00e4 matka maksaa?<br \/>\n\u2022 Mit\u00e4 teet lomalla?<br \/>\n\u2022 Mik\u00e4 on paras lomapaikka, miss\u00e4 olet k\u00e4ynyt? Miksi?<br \/>\n\u2022 Mik\u00e4 on unelmiesi lomamatka? Miksi?<br \/>\n\u2022 Millainen on hyv\u00e4 lomapaikka? Mit\u00e4 siell\u00e4 voi tehd\u00e4?<\/h4>\n<p>Esimerkkin\u00e4yte:<\/p>\n<audio class=\"wp-audio-shortcode\" id=\"audio-104-2\" preload=\"none\" style=\"width: 100%;\" controls=\"controls\"><source type=\"audio\/mpeg\" src=\"http:\/\/ykitesti.solki.jyu.fi\/wp-content\/uploads\/2016\/06\/Kertominen-matka-pt-pu.mp3?_=2\" \/><a href=\"http:\/\/ykitesti.solki.jyu.fi\/wp-content\/uploads\/2016\/06\/Kertominen-matka-pt-pu.mp3\">http:\/\/ykitesti.solki.jyu.fi\/wp-content\/uploads\/2016\/06\/Kertominen-matka-pt-pu.mp3<\/a><\/audio>\n<\/div>\n<\/form>\n<\/div>\n <!-- RSPEAK_STOP -->","protected":false},"excerpt":{"rendered":"    Suomi &#8211; Perustaso \u2013 Puhuminen Perustason puhumisen osakoe on haastattelu. Puhut haastattelijan kanssa kolmesta eri aiheesta. Ennen jokaista aihetta saat aikaa valmistautua teht\u00e4v\u00e4\u00e4n. \n <a class=\"moretag\" href=\"https:\/\/ykitesti.solki.jyu.fi\/en\/tutustu-testiin\/testifin\/puhuminen\/\"> <\/a>","protected":false},"author":1,"featured_media":0,"parent":10,"menu_order":34,"comment_status":"closed","ping_status":"closed","template":"","meta":{"footnotes":""},"class_list":["post-104","page","type-page","status-publish","hentry"],"translation":{"provider":"WPGlobus","version":"3.0.2","language":"en","enabled_languages":["fi","en","sv"],"languages":{"fi":{"title":true,"content":true,"excerpt":false},"en":{"title":false,"content":false,"excerpt":false},"sv":{"title":false,"content":false,"excerpt":false}}},"_links":{"self":[{"href":"https:\/\/ykitesti.solki.jyu.fi\/en\/wp-json\/wp\/v2\/pages\/104","targetHints":{"allow":["GET"]}}],"collection":[{"href":"https:\/\/ykitesti.solki.jyu.fi\/en\/wp-json\/wp\/v2\/pages"}],"about":[{"href":"https:\/\/ykitesti.solki.jyu.fi\/en\/wp-json\/wp\/v2\/types\/page"}],"author":[{"embeddable":true,"href":"https:\/\/ykitesti.solki.jyu.fi\/en\/wp-json\/wp\/v2\/users\/1"}],"replies":[{"embeddable":true,"href":"https:\/\/ykitesti.solki.jyu.fi\/en\/wp-json\/wp\/v2\/comments?post=104"}],"version-history":[{"count":12,"href":"https:\/\/ykitesti.solki.jyu.fi\/en\/wp-json\/wp\/v2\/pages\/104\/revisions"}],"predecessor-version":[{"id":1421,"href":"https:\/\/ykitesti.solki.jyu.fi\/en\/wp-json\/wp\/v2\/pages\/104\/revisions\/1421"}],"up":[{"embeddable":true,"href":"https:\/\/ykitesti.solki.jyu.fi\/en\/wp-json\/wp\/v2\/pages\/10"}],"wp:attachment":[{"href":"https:\/\/ykitesti.solki.jyu.fi\/en\/wp-json\/wp\/v2\/media?parent=104"}],"curies":[{"name":"wp","href":"https:\/\/api.w.org\/{rel}","templated":true}]}}