













{"id":1028,"date":"2016-08-24T16:03:28","date_gmt":"2016-08-24T13:03:28","guid":{"rendered":"http:\/\/ykitesti.solki.jyu.fi\/?page_id=1028"},"modified":"2016-08-25T10:25:14","modified_gmt":"2016-08-25T07:25:14","slug":"espanja-ylin-taso-puhuminen","status":"publish","type":"page","link":"https:\/\/ykitesti.solki.jyu.fi\/en\/tutustu-testiin\/espanja\/espanja-ylin-taso-puhuminen\/","title":{"rendered":"Espanja &#8211; Ylin taso &#8211; Puhuminen"},"content":{"rendered":"<!-- RSPEAK_STOP --> <a href='http:\/\/wr.readspeaker.com\/a\/webreader\/webreader.php?cid=&amp;t=wordpress&amp;url=https:\/\/ykitesti.solki.jyu.fi\/en\/tutustu-testiin\/espanja\/espanja-ylin-taso-puhuminen\/&amp;title=Espanja &#8211; Ylin taso &#8211; Puhuminen' onclick='readpage(this.href, 1028); return false;'> <img src=' http:\/\/wr.readspeaker.com\/m\/wr\/images\/listen_.gif' style='border-style: none;' alt=''><\/a><div id='WR_1028'><\/div> <!-- RSPEAK_START --> <p><em><strong>Espanja\u00a0&#8211; Ylin taso\u00a0&#8211; Puhuminen<\/strong><\/em><\/p>\n<ul>\n<li>Puhumisen osakokeessa on erilaisia teht\u00e4vi\u00e4, joista osa\u00a0suoritetaan kielistudiossa ja osa haastatteluna. T\u00e4ss\u00e4 on esimerkit teht\u00e4v\u00e4tyypeist\u00e4.<\/li>\n<li>Puhu joka teht\u00e4v\u00e4ss\u00e4 jotain.<\/li>\n<li><span style=\"text-decoration: underline;\">Hyv\u00e4ksytty<\/span> suoritus edellytt\u00e4\u00e4 sit\u00e4, ett\u00e4 puhut teht\u00e4v\u00e4ss\u00e4 annetusta aiheesta!<\/li>\n<li>Jokaiseen teht\u00e4v\u00e4\u00e4n on valmistautumisaika. Vastausajan n\u00e4et teht\u00e4v\u00e4vihkosta.<\/li>\n<\/ul>\n<p>Lue lis\u00e4\u00e4 puhumisen osakokeesta\u00a0<a href=\"https:\/\/www.jyu.fi\/hum\/laitokset\/solki\/yki\/yleista\/osat_aihealueet\/puhuminen\">t\u00e4\u00e4lt\u00e4<\/a>.<\/p>\n<hr \/>\n<h2><strong><span style=\"text-decoration: underline;\">Puheenvuoro:<\/span> \u00a0 \u00a0 \u00a0 \u00a0 \u00a0 \u00a0 \u00a0 \u00a0 \u00a0 \u00a0 \u00a0 \u00a0 \u00a0 \u00a0 \u00a0 \u00a0 \u00a0 \u00a0 \u00a0 \u00a0 \u00a0 \u00a0 \u00a0 \u00a0 \u00a0 \u00a0 \u00a0 \u00a0 \u00a0 \u00a0 \u00a0 \u00a0 \u00a0 \u00a0 \u00a0 \u00a0 \u00a0 \u00a0\u00a0<\/strong><\/h2>\n<p>Valitse toinen seuraavista aiheista. Sinulla on 2 minuuttia aikaa mietti\u00e4, mit\u00e4 sanot. Voit tehd\u00e4 valmisteluaikana muistiinpanoja, jos haluat. Aloita puhuminen vasta sitten, kun kuulet nauhalta: <em>&#8220;Ahora empiece a hablar\u201d.<\/em> Sinulla on 2 minuuttia aikaa puhua. Yrit\u00e4 puhua koko ajan!<\/p>\n<p><strong>1) Se espera en Finlandia una avalancha de jubilaciones.<\/strong><\/p>\n<p>Voit k\u00e4sitell\u00e4 esimerkiksi seuraavien tekij\u00f6iden vaikutuksia:<\/p>\n<ul>\n<li>v\u00e4est\u00f6rakenteen muuttuminen<\/li>\n<li>veronmaksajien maksukyky<\/li>\n<li>maahanmuuttopolitiikka<\/li>\n<li>tilanne Espanjassa<\/li>\n<\/ul>\n<p><strong>VALMISTELUAIKA:\u00a0 2 minuuttia<\/strong><br \/>\n<strong>PUHUMISAIKA: \u00a02 minuuttia<\/strong><\/p>\n<hr \/>\n<h2><span style=\"text-decoration: underline;\">Haastattelu:<\/span><\/h2>\n<p><strong>Aihe: La Eutanasia \u00bfEl derecho a no sufrir?<\/strong><\/p>\n<p>Haastattelija saattaa\u00a0tuoda\u00a0esille esimerkiksi seuraavia asioita:<\/p>\n<ul>\n<li>En su opini\u00f3n \u00bfJustifique si se debe soportar el dolor de una enfermedad terminal hasta el final?<\/li>\n<li>\u00bfSeg\u00fan su criterio que influye m\u00e1s en la aceptaci\u00f3n (o no) de esta pr\u00e1ctica?: \u00bfla \u00e9tica, los preceptos morales, el poco h\u00e1bito,\u00a0 la poca preparaci\u00f3n social, etc.? (Justifique su respuesta)<\/li>\n<li>\u00bfJustifique si usted piensa o no que hay relaci\u00f3n estrecha entre la Eutanasia y el suicidio asistido?<\/li>\n<li>\u00bfQu\u00e9 opina del criterio de que debe \u00a0prevalecer la compasi\u00f3n por quien sufre de una grave enfermedad?<\/li>\n<li>Piensa usted que cuando se realiza una eutanasia \u00bfse ayuda al grave enfermo o a quien decide su suerte? Justifiques su respuesta.<\/li>\n<\/ul>\n<hr \/>\n<h2><strong><span style=\"text-decoration: underline;\">Kertominen:<\/span> \u00a0 \u00a0 \u00a0 \u00a0 \u00a0 \u00a0 \u00a0 \u00a0 \u00a0 \u00a0 \u00a0 \u00a0 \u00a0 \u00a0 \u00a0 \u00a0 \u00a0 \u00a0 \u00a0 \u00a0 \u00a0 \u00a0 \u00a0 \u00a0 \u00a0 \u00a0 \u00a0 \u00a0 \u00a0 \u00a0 \u00a0\u00a0<\/strong><\/h2>\n<p>Kerro annetusta aiheesta<strong> espanjaksi.<\/strong><\/p>\n<p><strong>\u00a0\u00a0\u00a0\u00a0\u00a0 Mill\u00e4 perusteella olet valinnut nykyisen asuinpaikkasi? Oletko tyytyv\u00e4inen valintaasi? Perustele.<\/strong><\/p>\n<p>Sinulla on 1 minuutti aikaa mietti\u00e4, mit\u00e4 sanot. Voit tehd\u00e4 valmisteluaikana muistiinpanoja, jos haluat. Aloita puhuminen vasta sitten, kun kuulet nauhalta: <em>&#8220;Ahora empiece a hablar.&#8221;<\/em> Sinulla on 1 \u00bd minuuttia aikaa puhua. Yrit\u00e4 puhua koko ajan!<\/p>\n<p><strong>Valmisteluaika: 1 minuutti<\/strong><br \/>\n<strong>Puhumisaika:\u00a0\u00a0\u00a0 1 \u00bd minuuttia<\/strong><\/p>\n<hr \/>\n<h2><span style=\"text-decoration: underline;\"><strong>Tilanteita:<\/strong><\/span><\/h2>\n<p>Alla on kuvattu kuusi tilannetta, joissa voisit puhua <strong>espanjaa<\/strong>. Tilanteet k\u00e4yd\u00e4\u00e4n l\u00e4pi yksi kerrallaan.<\/p>\n<p>Jokaisessa tilanteessa:<\/p>\n<ul>\n<li>Kuulet nauhalta tilanteen numeron, esimerkiksi \u201d<em>Atienda a la situaci\u00f3n 1.\u201d<\/em><\/li>\n<li>Tutustu kyseiseen tilanteeseen.<\/li>\n<li>Kuulet nauhalta kehotuksen \u201d<em>Hable ahora.\u201d<\/em><\/li>\n<li>T\u00e4m\u00e4n j\u00e4lkeen nauhalla on tauko.<\/li>\n<li>Tauon aikana sanot <strong>espanjaksi<\/strong> sen, mit\u00e4 sinua pyydet\u00e4\u00e4n sanomaan kuvatussa tilanteessa.<\/li>\n<\/ul>\n<p>N\u00e4et puhumisajan sulkeissa.<\/p>\n<p>Mit\u00e4 sanoisit <strong>espanjaksi <\/strong>seuraavissa tilanteissa:<\/p>\n<p style=\"border: 3px; border-style: solid; border-color: #123455; padding: 1em;\"><strong>Tilanne X.<\/strong> \u00a0 Olet ollut vierailulla yhteisty\u00f6kumppanisi luona. Illallisella pid\u00e4t is\u00e4nnillesi pienen puheen, jossa kiit\u00e4t vieraanvaraisuudesta. Kiit\u00e4 my\u00f6s mahdollisuudesta tutustua heid\u00e4n yritykseens\u00e4 ja toivo yhteisty\u00f6n jatkuvan (keksi, miten).\u00a0 <em>(30 sek)<\/em><\/p>\n <!-- RSPEAK_STOP -->","protected":false},"excerpt":{"rendered":"    Espanja\u00a0&#8211; Ylin taso\u00a0&#8211; Puhuminen Puhumisen osakokeessa on erilaisia teht\u00e4vi\u00e4, joista osa\u00a0suoritetaan kielistudiossa ja osa haastatteluna. T\u00e4ss\u00e4 on esimerkit teht\u00e4v\u00e4tyypeist\u00e4. Puhu joka teht\u00e4v\u00e4ss\u00e4 jotain. \n <a class=\"moretag\" href=\"https:\/\/ykitesti.solki.jyu.fi\/en\/tutustu-testiin\/espanja\/espanja-ylin-taso-puhuminen\/\"> <\/a>","protected":false},"author":1,"featured_media":0,"parent":912,"menu_order":0,"comment_status":"closed","ping_status":"closed","template":"","meta":{"footnotes":""},"class_list":["post-1028","page","type-page","status-publish","hentry"],"translation":{"provider":"WPGlobus","version":"3.0.2","language":"en","enabled_languages":["fi","en","sv"],"languages":{"fi":{"title":true,"content":true,"excerpt":false},"en":{"title":false,"content":false,"excerpt":false},"sv":{"title":true,"content":true,"excerpt":false}}},"_links":{"self":[{"href":"https:\/\/ykitesti.solki.jyu.fi\/en\/wp-json\/wp\/v2\/pages\/1028","targetHints":{"allow":["GET"]}}],"collection":[{"href":"https:\/\/ykitesti.solki.jyu.fi\/en\/wp-json\/wp\/v2\/pages"}],"about":[{"href":"https:\/\/ykitesti.solki.jyu.fi\/en\/wp-json\/wp\/v2\/types\/page"}],"author":[{"embeddable":true,"href":"https:\/\/ykitesti.solki.jyu.fi\/en\/wp-json\/wp\/v2\/users\/1"}],"replies":[{"embeddable":true,"href":"https:\/\/ykitesti.solki.jyu.fi\/en\/wp-json\/wp\/v2\/comments?post=1028"}],"version-history":[{"count":3,"href":"https:\/\/ykitesti.solki.jyu.fi\/en\/wp-json\/wp\/v2\/pages\/1028\/revisions"}],"predecessor-version":[{"id":1047,"href":"https:\/\/ykitesti.solki.jyu.fi\/en\/wp-json\/wp\/v2\/pages\/1028\/revisions\/1047"}],"up":[{"embeddable":true,"href":"https:\/\/ykitesti.solki.jyu.fi\/en\/wp-json\/wp\/v2\/pages\/912"}],"wp:attachment":[{"href":"https:\/\/ykitesti.solki.jyu.fi\/en\/wp-json\/wp\/v2\/media?parent=1028"}],"curies":[{"name":"wp","href":"https:\/\/api.w.org\/{rel}","templated":true}]}}