













{"id":1022,"date":"2016-08-24T15:17:08","date_gmt":"2016-08-24T12:17:08","guid":{"rendered":"http:\/\/ykitesti.solki.jyu.fi\/?page_id=1022"},"modified":"2016-08-25T10:24:52","modified_gmt":"2016-08-25T07:24:52","slug":"espanja-ylin-taso-kirjoittaminen","status":"publish","type":"page","link":"https:\/\/ykitesti.solki.jyu.fi\/en\/tutustu-testiin\/espanja\/espanja-ylin-taso-kirjoittaminen\/","title":{"rendered":"Espanja &#8211; Ylin taso &#8211; Kirjoittaminen"},"content":{"rendered":"<!-- RSPEAK_STOP --> <a href='http:\/\/wr.readspeaker.com\/a\/webreader\/webreader.php?cid=&amp;t=wordpress&amp;url=https:\/\/ykitesti.solki.jyu.fi\/en\/tutustu-testiin\/espanja\/espanja-ylin-taso-kirjoittaminen\/&amp;title=Espanja &#8211; Ylin taso &#8211; Kirjoittaminen' onclick='readpage(this.href, 1022); return false;'> <img src=' http:\/\/wr.readspeaker.com\/m\/wr\/images\/listen_.gif' style='border-style: none;' alt=''><\/a><div id='WR_1022'><\/div> <!-- RSPEAK_START --> <h4><em>Espanja\u00a0&#8211; Ylin\u00a0taso\u00a0&#8211; Kirjoittaminen<\/em><\/h4>\n<div class=\"quiz_section question-section-id-58 slide2\">\n<p>-Kirjoittamisen osakokeessa on<span style=\"text-decoration: underline;\"> kolme<\/span> erityyppist\u00e4 kirjoitusteht\u00e4v\u00e4\u00e4. T\u00e4ss\u00e4 on\u00a0esimerkkej\u00e4 teht\u00e4vist\u00e4.<br \/>\n-Kirjoittamisen osakokeen suorittaminen edellytt\u00e4\u00e4 kaikkien teht\u00e4vien tekemist\u00e4.<br \/>\n-Kirjoita selke\u00e4ll\u00e4 k\u00e4sialalla<br \/>\n-Noudata tarkasti teht\u00e4viss\u00e4 annettuja ohjeita<\/p>\n<p>Lue lis\u00e4\u00e4 kirjoittamisen osakokeesta <a href=\"https:\/\/www.jyu.fi\/hum\/laitokset\/solki\/yki\/yleista\/osat_aihealueet\/kirjoittaminen\">t\u00e4\u00e4lt\u00e4<\/a>.<\/p>\n<hr \/>\n<h2><strong><span style=\"text-decoration: underline;\">Teht\u00e4v\u00e4 1. S\u00e4hk\u00f6postiviesti:<\/span> \u00a0 \u00a0 \u00a0 \u00a0 \u00a0 \u00a0 \u00a0 \u00a0 \u00a0 \u00a0 \u00a0 \u00a0 \u00a0 \u00a0 \u00a0 \u00a0 \u00a0 \u00a0 \u00a0 \u00a0 \u00a0 \u00a0 \u00a0 \u00a0 \u00a0 \u00a0 \u00a0 \u00a0 \u00a0 \u00a0 \u00a0 \u00a0 \u00a0 \u00a0 \u00a0<\/strong><\/h2>\n<p>Olet pyhiinvaellusmatkalla Santiago de Compostelaan ja l\u00e4het\u00e4t majapaikaltasi s\u00e4hk\u00f6postiviestin chilel\u00e4iselle yst\u00e4v\u00e4llesi. Kerrot, miten matka on t\u00e4h\u00e4n asti mennyt ja paljonko on viel\u00e4 matkaa j\u00e4ljell\u00e4. Kerrot my\u00f6s ep\u00e4onnen p\u00e4iv\u00e4st\u00e4, kun nyrj\u00e4ytit nilkkasi ja jouduit pit\u00e4m\u00e4\u00e4n v\u00e4lip\u00e4iv\u00e4n. Jalka on nyt kunnossa ja matka voi jatkua huomenna! Mit\u00e4h\u00e4n viel\u00e4 on odotettavissa?<\/p>\n<p>Muista <strong>aloittaa<\/strong> ja<strong> lopettaa<\/strong> viesti sopivalla tavalla. Kirjoita selv\u00e4ll\u00e4 k\u00e4sialalla <strong>espanjaksi<\/strong>.<\/p>\n<hr \/>\n<\/div>\n<h2><strong><span style=\"text-decoration: underline;\">Teht\u00e4v\u00e4 2. Reklamaatio:<\/span> \u00a0 \u00a0 \u00a0 \u00a0 \u00a0 \u00a0 \u00a0 \u00a0 \u00a0 \u00a0 \u00a0 \u00a0 \u00a0 \u00a0 \u00a0 \u00a0 \u00a0 \u00a0 \u00a0 \u00a0\u00a0<\/strong><\/h2>\n<p>Olet hankkinut kotiteatterin ja asennettuasi laitteet huomaat, ett\u00e4 DVD-soitin ei toimi. Kirjoita virallinen valituskirje liikkeelle, josta laitteen hankit ja selit\u00e4, mik\u00e4 laitteessa on vikana. Haluat vaihtaa laitteen mahdollisimman pian. Laitteella on 3 vuoden takuuaika.<\/p>\n<p>Muista <strong>aloittaa <\/strong>ja <strong>lopettaa<\/strong> reklamaatio sopivalla tavalla. Kirjoita selv\u00e4ll\u00e4 k\u00e4sialalla<strong> espanjaksi<\/strong>.<\/p>\n<hr \/>\n<h2><strong><span style=\"text-decoration: underline;\">Teht\u00e4v\u00e4 3. Mielipide:<\/span>\u00a0 \u00a0 \u00a0 \u00a0 \u00a0 \u00a0 \u00a0 \u00a0 \u00a0 \u00a0 \u00a0 \u00a0 \u00a0 \u00a0 \u00a0\u00a0<\/strong><\/h2>\n<p>Alla on kolme otsikkoaihetta. Valitse niist\u00e4 <strong>yksi<\/strong>, lue se ja pohdi siin\u00e4 esitettyj\u00e4 n\u00e4k\u00f6kohtia. Kirjoita aiheesta oma mielipiteesi ja perustele se.<\/p>\n<ol>\n<li>Suomen peruskouluissa on yh\u00e4 enemm\u00e4n koululaisia eri etnisist\u00e4 ryhmist\u00e4. Aiheuttavatko kulttuurierot ristiriitoja vai onko kansainv\u00e4listyminen rikkaus suomalaisille?<\/li>\n<\/ol>\n<p>Kirjoita selv\u00e4ll\u00e4 k\u00e4sialalla<strong> espanjaksi<\/strong>.<\/p>\n <!-- RSPEAK_STOP -->","protected":false},"excerpt":{"rendered":"    Espanja\u00a0&#8211; Ylin\u00a0taso\u00a0&#8211; Kirjoittaminen -Kirjoittamisen osakokeessa on kolme erityyppist\u00e4 kirjoitusteht\u00e4v\u00e4\u00e4. T\u00e4ss\u00e4 on\u00a0esimerkkej\u00e4 teht\u00e4vist\u00e4. -Kirjoittamisen osakokeen suorittaminen edellytt\u00e4\u00e4 kaikkien teht\u00e4vien tekemist\u00e4. -Kirjoita selke\u00e4ll\u00e4 k\u00e4sialalla -Noudata \n <a class=\"moretag\" href=\"https:\/\/ykitesti.solki.jyu.fi\/en\/tutustu-testiin\/espanja\/espanja-ylin-taso-kirjoittaminen\/\"> <\/a>","protected":false},"author":1,"featured_media":0,"parent":912,"menu_order":0,"comment_status":"closed","ping_status":"closed","template":"","meta":{"footnotes":""},"class_list":["post-1022","page","type-page","status-publish","hentry"],"translation":{"provider":"WPGlobus","version":"3.0.2","language":"en","enabled_languages":["fi","en","sv"],"languages":{"fi":{"title":true,"content":true,"excerpt":false},"en":{"title":false,"content":false,"excerpt":false},"sv":{"title":true,"content":true,"excerpt":false}}},"_links":{"self":[{"href":"https:\/\/ykitesti.solki.jyu.fi\/en\/wp-json\/wp\/v2\/pages\/1022","targetHints":{"allow":["GET"]}}],"collection":[{"href":"https:\/\/ykitesti.solki.jyu.fi\/en\/wp-json\/wp\/v2\/pages"}],"about":[{"href":"https:\/\/ykitesti.solki.jyu.fi\/en\/wp-json\/wp\/v2\/types\/page"}],"author":[{"embeddable":true,"href":"https:\/\/ykitesti.solki.jyu.fi\/en\/wp-json\/wp\/v2\/users\/1"}],"replies":[{"embeddable":true,"href":"https:\/\/ykitesti.solki.jyu.fi\/en\/wp-json\/wp\/v2\/comments?post=1022"}],"version-history":[{"count":4,"href":"https:\/\/ykitesti.solki.jyu.fi\/en\/wp-json\/wp\/v2\/pages\/1022\/revisions"}],"predecessor-version":[{"id":1046,"href":"https:\/\/ykitesti.solki.jyu.fi\/en\/wp-json\/wp\/v2\/pages\/1022\/revisions\/1046"}],"up":[{"embeddable":true,"href":"https:\/\/ykitesti.solki.jyu.fi\/en\/wp-json\/wp\/v2\/pages\/912"}],"wp:attachment":[{"href":"https:\/\/ykitesti.solki.jyu.fi\/en\/wp-json\/wp\/v2\/media?parent=1022"}],"curies":[{"name":"wp","href":"https:\/\/api.w.org\/{rel}","templated":true}]}}